{"id":206,"date":"2023-08-25T17:43:04","date_gmt":"2023-08-25T20:43:04","guid":{"rendered":"https:\/\/www.goiania.go.gov.br\/sme\/?page_id=206"},"modified":"2023-09-12T17:45:10","modified_gmt":"2023-09-12T20:45:10","slug":"edital-da-chamada-publica-no-001-2023-sme","status":"publish","type":"page","link":"https:\/\/www.goiania.go.gov.br\/sme\/edital-da-chamada-publica-no-001-2023-sme\/","title":{"rendered":"Edital da Chamada P\u00fablica n\u00ba 001\/2023 SME"},"content":{"rendered":"\n<p><a href=\"https:\/\/sme.goiania.go.gov.br\/site\/images\/EDITAL_CHAMADA_PUBLICA\/Edital-Publicado.pdf\"><strong>Link Edital Chamada P\u00fablica 001\/2023<\/strong><\/a><\/p>\n\n\n\n<p><a href=\"https:\/\/sme.goiania.go.gov.br\/site\/images\/EDITAL_CHAMADA_PUBLICA\/Ata_Sess%C3%A3o_P%C3%BAblica_0012023.pdf\"><strong>Ata da Sess\u00e3o P\u00fablica<br><br><\/strong><\/a><a href=\"https:\/\/sme.goiania.go.gov.br\/site\/images\/EDITAL_CHAMADA_PUBLICA\/Errata_ata_da_sess%C3%A3o_p%C3%BAblica.pdf\"><strong>Errata Ata Sess\u00e3o P\u00fablica<br><br><\/strong><\/a><a href=\"https:\/\/sme.goiania.go.gov.br\/site\/images\/EDITAL_CHAMADA_PUBLICA\/Ata-de-reuniao-chamada-Publica.pdf\"><strong>Ata de Sess\u00e3o P\u00fablica N\u00ba 3<\/strong><\/a><\/p>\n\n\n\n<p><strong><a href=\"https:\/\/www.goiania.go.gov.br\/sme\/wp-content\/uploads\/sites\/13\/2023\/09\/ATA_No_004_Chamada_Publica.pdf\" target=\"_blank\" rel=\"noreferrer noopener\">Ata de Sess\u00e3o P\u00fablica N\u00b0 4<\/a><\/strong><\/p>\n\n\n\n<p><a href=\"https:\/\/drive.google.com\/file\/d\/141ktKmSP-4Uy-N_S4vcYAopZcCIyilGq\/view?usp=sharing\"><strong>Anexo Chamada P\u00fablica<\/strong><\/a><\/p>\n","protected":false},"excerpt":{"rendered":"<p>Link Edital Chamada P\u00fablica 001\/2023 Ata da Sess\u00e3o P\u00fablica Errata Ata Sess\u00e3o P\u00fablica Ata de Sess\u00e3o P\u00fablica N\u00ba 3 Ata de Sess\u00e3o P\u00fablica N\u00b0 4 Anexo Chamada P\u00fablica<\/p>\n","protected":false},"author":1,"featured_media":0,"parent":0,"menu_order":0,"comment_status":"closed","ping_status":"closed","template":"","meta":{"_acf_changed":false,"custom_icon_class":"","footnotes":""},"class_list":["post-206","page","type-page","status-publish","hentry"],"acf":[],"_links":{"self":[{"href":"https:\/\/www.goiania.go.gov.br\/sme\/wp-json\/wp\/v2\/pages\/206","targetHints":{"allow":["GET"]}}],"collection":[{"href":"https:\/\/www.goiania.go.gov.br\/sme\/wp-json\/wp\/v2\/pages"}],"about":[{"href":"https:\/\/www.goiania.go.gov.br\/sme\/wp-json\/wp\/v2\/types\/page"}],"author":[{"embeddable":true,"href":"https:\/\/www.goiania.go.gov.br\/sme\/wp-json\/wp\/v2\/users\/1"}],"replies":[{"embeddable":true,"href":"https:\/\/www.goiania.go.gov.br\/sme\/wp-json\/wp\/v2\/comments?post=206"}],"version-history":[{"count":3,"href":"https:\/\/www.goiania.go.gov.br\/sme\/wp-json\/wp\/v2\/pages\/206\/revisions"}],"predecessor-version":[{"id":211,"href":"https:\/\/www.goiania.go.gov.br\/sme\/wp-json\/wp\/v2\/pages\/206\/revisions\/211"}],"wp:attachment":[{"href":"https:\/\/www.goiania.go.gov.br\/sme\/wp-json\/wp\/v2\/media?parent=206"}],"curies":[{"name":"wp","href":"https:\/\/api.w.org\/{rel}","templated":true}]}}