{"id":188,"date":"2021-11-08T16:51:37","date_gmt":"2021-11-08T19:51:37","guid":{"rendered":"https:\/\/www.goiania.go.gov.br\/sictec\/?page_id=188"},"modified":"2022-04-05T15:06:12","modified_gmt":"2022-04-05T18:06:12","slug":"dispensas-de-licitacao","status":"publish","type":"page","link":"https:\/\/www.goiania.go.gov.br\/sit\/dispensas-de-licitacao\/","title":{"rendered":"Dispensas de Licita\u00e7\u00e3o"},"content":{"rendered":"\n<p><a href=\"https:\/\/www.goiania.go.gov.br\/sictec\/wp-content\/uploads\/sites\/29\/2022\/03\/PUBLICACAO-MATERIAL-DE-EXPEDIENTE-ERRATA.pdf\" data-type=\"URL\" data-id=\"https:\/\/www.goiania.go.gov.br\/sictec\/wp-content\/uploads\/sites\/29\/2022\/03\/PUBLICACAO-MATERIAL-DE-EXPEDIENTE-ERRATA.pdf\">Material de expediente<\/a><\/p>\n\n\n\n<p><a rel=\"noreferrer noopener\" href=\"https:\/\/www.goiania.go.gov.br\/sictec\/wp-content\/uploads\/sites\/29\/2022\/02\/PUBLICACAO-EQUIPAMENTOS-DE-INFORMATICA.pdf\" data-type=\"URL\" data-id=\"https:\/\/www.goiania.go.gov.br\/sictec\/wp-content\/uploads\/sites\/29\/2022\/02\/PUBLICACAO-EQUIPAMENTOS-DE-INFORMATICA.pdf\" target=\"_blank\">Equipamentos de inform\u00e1tica<\/a><\/p>\n\n\n\n<p><a href=\"https:\/\/www.goiania.go.gov.br\/sictec\/wp-content\/uploads\/sites\/29\/2022\/01\/PUBLICACAO-SANITIZACAO.docx.pdf\" data-type=\"URL\" data-id=\"https:\/\/www.goiania.go.gov.br\/sictec\/wp-content\/uploads\/sites\/29\/2022\/01\/PUBLICACAO-SANITIZACAO.docx.pdf\">Sanitiza\u00e7\u00e3o<\/a><\/p>\n\n\n\n<p><a href=\"https:\/\/www.goiania.go.gov.br\/sictec\/wp-content\/uploads\/sites\/29\/2021\/12\/COMUNICADO_ELABORACAO-DE-PROJETO.docx.pdf\" data-type=\"URL\" data-id=\"https:\/\/www.goiania.go.gov.br\/sictec\/wp-content\/uploads\/sites\/29\/2021\/12\/COMUNICADO_ELABORACAO-DE-PROJETO.docx.pdf\" target=\"_blank\" rel=\"noreferrer noopener\">Elabora\u00e7\u00e3o de projeto arquitet\u00f4nico<\/a><\/p>\n\n\n\n<p><a rel=\"noreferrer noopener\" href=\"https:\/\/www.goiania.go.gov.br\/sictec\/wp-content\/uploads\/sites\/29\/2021\/12\/COMUNICADO-TELEVISAO.pdf\" target=\"_blank\">Aparelhos <\/a><a href=\"https:\/\/www.goiania.go.gov.br\/sictec\/wp-content\/uploads\/sites\/29\/2021\/12\/COMUNICADO-TELEVISAO.pdf\">de TV<\/a><\/p>\n\n\n\n<p><a href=\"https:\/\/www.goiania.go.gov.br\/sictec\/wp-content\/uploads\/sites\/29\/2021\/10\/COMUNICADO_MANUTENCAO_AR_CONDICIONADO_180.000-btuh.docx-1.pdf\" data-type=\"URL\" data-id=\"https:\/\/www.goiania.go.gov.br\/sictec\/wp-content\/uploads\/sites\/29\/2021\/10\/COMUNICADO_MANUTENCAO_AR_CONDICIONADO_180.000-btuh.docx-1.pdf\">Manuten\u00e7\u00e3o ar-condicionado<\/a><\/p>\n\n\n\n<p><a rel=\"noreferrer noopener\" href=\"\/\/www.goiania.go.gov.br\/sictec\/wp-content\/uploads\/sites\/29\/2021\/10\/COMUNICADO_AQUISICAO-DE-EQUIPAMENTOS-E-FERRAMENTAS.docx.pdf\" data-type=\"URL\" data-id=\"ttps:\/\/www.goiania.go.gov.br\/sictec\/wp-content\/uploads\/sites\/29\/2021\/10\/COMUNICADO_AQUISICAO-DE-EQUIPAMENTOS-E-FERRAMENTAS.docx.pdf\" target=\"_blank\">Equipamentos e ferramentas<\/a><\/p>\n\n\n\n<p><a href=\"https:\/\/www.goiania.go.gov.br\/sictec\/wp-content\/uploads\/sites\/29\/2021\/10\/COMUNICADO-AQUISICAO-PARAFUSO-DE-FERRO.docx-1.pdf\" data-type=\"URL\" data-id=\"https:\/\/www.goiania.go.gov.br\/sictec\/wp-content\/uploads\/sites\/29\/2021\/10\/COMUNICADO-AQUISICAO-PARAFUSO-DE-FERRO.docx-1.pdf\" target=\"_blank\" rel=\"noreferrer noopener\">Parafuso de ferro<\/a><\/p>\n\n\n\n<p><a rel=\"noreferrer noopener\" href=\"https:\/\/www.goiania.go.gov.br\/sictec\/wp-content\/uploads\/sites\/29\/2021\/10\/COMUNICADO_HEADSETS.pdf\" data-type=\"URL\" data-id=\"https:\/\/www.goiania.go.gov.br\/sictec\/wp-content\/uploads\/sites\/29\/2021\/10\/COMUNICADO_HEADSETS.pdf\" target=\"_blank\">Headsets<\/a>  (processo finalizado) <\/p>\n\n\n\n<p><a rel=\"noreferrer noopener\" href=\"https:\/\/www.goiania.go.gov.br\/sictec\/wp-content\/uploads\/sites\/29\/2021\/09\/COMUNICADO-NOTEBOOK.pdf\" data-type=\"URL\" data-id=\"https:\/\/www.goiania.go.gov.br\/sictec\/wp-content\/uploads\/sites\/29\/2021\/09\/COMUNICADO-NOTEBOOK.pdf\" target=\"_blank\">Notebook&nbsp;<\/a>(processo cancelado)<\/p>\n\n\n\n<p><a href=\"https:\/\/www.goiania.go.gov.br\/sictec\/wp-content\/uploads\/sites\/29\/2021\/09\/COMUNICADO-MATERIAL-DE-LIMPEZA.docx.pdf\" data-type=\"URL\" data-id=\"https:\/\/www.goiania.go.gov.br\/sictec\/wp-content\/uploads\/sites\/29\/2021\/09\/COMUNICADO-MATERIAL-DE-LIMPEZA.docx.pdf\">Material de limpeza<\/a><\/p>\n\n\n\n<p><a rel=\"noreferrer noopener\" href=\"https:\/\/www.goiania.go.gov.br\/sictec\/wp-content\/uploads\/sites\/29\/2021\/09\/COMUNICADO_CORDOES_OPICO_-PLACAS_DE_REDE_-2.pdf\" data-type=\"URL\" data-id=\"https:\/\/www.goiania.go.gov.br\/sictec\/wp-content\/uploads\/sites\/29\/2021\/09\/COMUNICADO_CORDOES_OPICO_-PLACAS_DE_REDE_-2.pdf\" target=\"_blank\">Cord\u00f5es \u00f3pticos e <\/a><a href=\"https:\/\/www.goiania.go.gov.br\/sictec\/wp-content\/uploads\/sites\/29\/2021\/09\/COMUNICADO_CORDOES_OPICO_-PLACAS_DE_REDE_-2.pdf\" data-type=\"URL\" data-id=\"https:\/\/www.goiania.go.gov.br\/sictec\/wp-content\/uploads\/sites\/29\/2021\/09\/COMUNICADO_CORDOES_OPICO_-PLACAS_DE_REDE_-2.pdf\" target=\"_blank\" rel=\"noreferrer noopener\">p<\/a><a rel=\"noreferrer noopener\" href=\"https:\/\/www.goiania.go.gov.br\/sictec\/wp-content\/uploads\/sites\/29\/2021\/09\/COMUNICADO_CORDOES_OPICO_-PLACAS_DE_REDE_-2.pdf\" data-type=\"URL\" data-id=\"https:\/\/www.goiania.go.gov.br\/sictec\/wp-content\/uploads\/sites\/29\/2021\/09\/COMUNICADO_CORDOES_OPICO_-PLACAS_DE_REDE_-2.pdf\" target=\"_blank\">lacas de rede<\/a><\/p>\n\n\n\n<p><a rel=\"noreferrer noopener\" href=\"https:\/\/www.goiania.go.gov.br\/sictec\/wp-content\/uploads\/sites\/29\/2021\/08\/COMUNICADO-CONTROLE-DE-ACESSO.pdf\" data-type=\"URL\" data-id=\"https:\/\/www.goiania.go.gov.br\/sictec\/wp-content\/uploads\/sites\/29\/2021\/08\/COMUNICADO-CONTROLE-DE-ACESSO.pdf\" target=\"_blank\">Controle de Acesso<\/a>  (processo finalizado) <\/p>\n\n\n\n<p><a href=\"https:\/\/www.goiania.go.gov.br\/sictec\/wp-content\/uploads\/sites\/29\/2021\/08\/COMUNICADO-ACCESS-POINT..docx.pdf\" data-type=\"URL\" data-id=\"https:\/\/www.goiania.go.gov.br\/sictec\/wp-content\/uploads\/sites\/29\/2021\/08\/COMUNICADO-ACCESS-POINT..docx.pdf\">Access Point<\/a> (processo finalizado)<\/p>\n\n\n\n<p><\/p>\n","protected":false},"excerpt":{"rendered":"<p>Material de expediente Equipamentos de inform\u00e1tica Sanitiza\u00e7\u00e3o Elabora\u00e7\u00e3o de projeto arquitet\u00f4nico Aparelhos de TV Manuten\u00e7\u00e3o ar-condicionado Equipamentos e ferramentas Parafuso de ferro Headsets (processo finalizado) Notebook&nbsp;(processo cancelado) Material de limpeza Cord\u00f5es \u00f3pticos e placas de rede Controle de Acesso (processo finalizado) Access Point (processo finalizado)<\/p>\n","protected":false},"author":77,"featured_media":0,"parent":0,"menu_order":0,"comment_status":"closed","ping_status":"closed","template":"","meta":{"_acf_changed":false,"custom_icon_class":"","footnotes":""},"class_list":["post-188","page","type-page","status-publish","hentry"],"acf":[],"_links":{"self":[{"href":"https:\/\/www.goiania.go.gov.br\/sit\/wp-json\/wp\/v2\/pages\/188","targetHints":{"allow":["GET"]}}],"collection":[{"href":"https:\/\/www.goiania.go.gov.br\/sit\/wp-json\/wp\/v2\/pages"}],"about":[{"href":"https:\/\/www.goiania.go.gov.br\/sit\/wp-json\/wp\/v2\/types\/page"}],"author":[{"embeddable":true,"href":"https:\/\/www.goiania.go.gov.br\/sit\/wp-json\/wp\/v2\/users\/77"}],"replies":[{"embeddable":true,"href":"https:\/\/www.goiania.go.gov.br\/sit\/wp-json\/wp\/v2\/comments?post=188"}],"version-history":[{"count":8,"href":"https:\/\/www.goiania.go.gov.br\/sit\/wp-json\/wp\/v2\/pages\/188\/revisions"}],"predecessor-version":[{"id":228,"href":"https:\/\/www.goiania.go.gov.br\/sit\/wp-json\/wp\/v2\/pages\/188\/revisions\/228"}],"wp:attachment":[{"href":"https:\/\/www.goiania.go.gov.br\/sit\/wp-json\/wp\/v2\/media?parent=188"}],"curies":[{"name":"wp","href":"https:\/\/api.w.org\/{rel}","templated":true}]}}