{"id":180,"date":"2022-10-03T09:05:15","date_gmt":"2022-10-03T12:05:15","guid":{"rendered":"https:\/\/www.goiania.go.gov.br\/smm\/?page_id=180"},"modified":"2022-10-03T09:12:20","modified_gmt":"2022-10-03T12:12:20","slug":"boletim-acidentes-de-transito-com-vitimas-fatais","status":"publish","type":"page","link":"https:\/\/www.goiania.go.gov.br\/set\/boletim-acidentes-de-transito-com-vitimas-fatais\/","title":{"rendered":"Boletim acidentes de tr\u00e2nsito com v\u00edtimas fatais"},"content":{"rendered":"\n<p>An\u00e1lise dos acidentes de tr\u00e2nsito com v\u00edtimas fatais pelo Programa Vida no Tr\u00e2nsito &#8211; PVT, no munic\u00edpio de Goi\u00e2nia<\/p>\n","protected":false},"excerpt":{"rendered":"<p>An\u00e1lise dos acidentes de tr\u00e2nsito com v\u00edtimas fatais pelo Programa Vida no Tr\u00e2nsito &#8211; PVT, no munic\u00edpio de Goi\u00e2nia<\/p>\n","protected":false},"author":1,"featured_media":0,"parent":0,"menu_order":0,"comment_status":"closed","ping_status":"closed","template":"page-templates\/page-docs.php","meta":{"_acf_changed":false,"custom_icon_class":"","footnotes":""},"class_list":["post-180","page","type-page","status-publish","hentry"],"acf":[],"_links":{"self":[{"href":"https:\/\/www.goiania.go.gov.br\/set\/wp-json\/wp\/v2\/pages\/180","targetHints":{"allow":["GET"]}}],"collection":[{"href":"https:\/\/www.goiania.go.gov.br\/set\/wp-json\/wp\/v2\/pages"}],"about":[{"href":"https:\/\/www.goiania.go.gov.br\/set\/wp-json\/wp\/v2\/types\/page"}],"author":[{"embeddable":true,"href":"https:\/\/www.goiania.go.gov.br\/set\/wp-json\/wp\/v2\/users\/1"}],"replies":[{"embeddable":true,"href":"https:\/\/www.goiania.go.gov.br\/set\/wp-json\/wp\/v2\/comments?post=180"}],"version-history":[{"count":8,"href":"https:\/\/www.goiania.go.gov.br\/set\/wp-json\/wp\/v2\/pages\/180\/revisions"}],"predecessor-version":[{"id":196,"href":"https:\/\/www.goiania.go.gov.br\/set\/wp-json\/wp\/v2\/pages\/180\/revisions\/196"}],"wp:attachment":[{"href":"https:\/\/www.goiania.go.gov.br\/set\/wp-json\/wp\/v2\/media?parent=180"}],"curies":[{"name":"wp","href":"https:\/\/api.w.org\/{rel}","templated":true}]}}