{"id":431,"date":"2023-09-27T11:25:31","date_gmt":"2023-09-27T14:25:31","guid":{"rendered":"https:\/\/www.goiania.go.gov.br\/seplanh\/?page_id=431"},"modified":"2023-09-27T11:47:25","modified_gmt":"2023-09-27T14:47:25","slug":"planta-popular","status":"publish","type":"page","link":"https:\/\/www.goiania.go.gov.br\/seplan\/planta-popular\/","title":{"rendered":"Programa Planta Popular"},"content":{"rendered":"\n<p style=\"font-size:15px;font-style:normal;font-weight:600\">Programa que tem por objetivo ofertar \u00e0 popula\u00e7\u00e3o projetos arquitet\u00f4nicos para a constru\u00e7\u00e3o de unidades habitacionais a custo zero.\u00a0O programa \u00e9 voltado \u00e0 fam\u00edlias que possuem lotes e que, por falta de condi\u00e7\u00f5es de arcar com os custos da contrata\u00e7\u00e3o de um profissional para elabora\u00e7\u00e3o de um projeto<\/p>\n\n\n\n<ul class=\"wp-block-list\"><li><strong><a rel=\"noreferrer noopener\" href=\"https:\/\/drive.google.com\/file\/d\/1pfCUHvZLfSI5-XmCH4b-uBF4I2vNgSoi\/view?usp=sharing\" target=\"_blank\">Modelo casa popular com dois quartos e metragem total de 48,21m\u00b2<\/a><\/strong><\/li><li><strong><a rel=\"noreferrer noopener\" href=\"https:\/\/drive.google.com\/file\/d\/1Eo-FNplvoHLvC34xovhzC_EhCgVolEU6\/view?usp=sharing\" target=\"_blank\">Modelo casa popular com dois quartos e metragem total de 57,87m\u00b2<\/a><\/strong><\/li><li><strong><a rel=\"noreferrer noopener\" href=\"https:\/\/drive.google.com\/file\/d\/1SrOd4xHir0WPMC3rnbyvT4niScZSzkkv\/view?usp=sharing\" target=\"_blank\">Modelo casa popular com dois quartos e metragem total de 68,57m\u00b2<\/a><\/strong><\/li><li><strong><a rel=\"noreferrer noopener\" href=\"https:\/\/drive.google.com\/file\/d\/1hfOFTp1Xa1FFB_tXqxCvMFZ3G0JJc_Ge\/view?usp=sharing\" target=\"_blank\">Modelo casa popular com tr\u00eas quartos e metragem total de 66,22m\u00b2<\/a><\/strong><\/li><li><strong><a href=\"https:\/\/drive.google.com\/file\/d\/1vwyq9UwqPtBDAiXE4nYeZkwF3heK8pQ5\/view?usp=sharing\" target=\"_blank\" rel=\"noreferrer noopener\">Modelo casa popular com tr\u00eas quartos e metragem total de 77,30m\u00b2<\/a><\/strong><\/li><\/ul>\n\n\n\n<p><\/p>\n","protected":false},"excerpt":{"rendered":"<p>Programa que tem por objetivo ofertar \u00e0 popula\u00e7\u00e3o projetos arquitet\u00f4nicos para a constru\u00e7\u00e3o de unidades habitacionais a custo zero.\u00a0O programa \u00e9 voltado \u00e0 fam\u00edlias que possuem lotes e que, por falta de condi\u00e7\u00f5es de arcar com os custos da contrata\u00e7\u00e3o de um profissional para elabora\u00e7\u00e3o de um projeto Modelo casa popular com dois quartos e [&hellip;]<\/p>\n","protected":false},"author":42,"featured_media":0,"parent":0,"menu_order":0,"comment_status":"closed","ping_status":"closed","template":"","meta":{"_acf_changed":false,"custom_icon_class":"","footnotes":""},"class_list":["post-431","page","type-page","status-publish","hentry"],"acf":[],"_links":{"self":[{"href":"https:\/\/www.goiania.go.gov.br\/seplan\/wp-json\/wp\/v2\/pages\/431","targetHints":{"allow":["GET"]}}],"collection":[{"href":"https:\/\/www.goiania.go.gov.br\/seplan\/wp-json\/wp\/v2\/pages"}],"about":[{"href":"https:\/\/www.goiania.go.gov.br\/seplan\/wp-json\/wp\/v2\/types\/page"}],"author":[{"embeddable":true,"href":"https:\/\/www.goiania.go.gov.br\/seplan\/wp-json\/wp\/v2\/users\/42"}],"replies":[{"embeddable":true,"href":"https:\/\/www.goiania.go.gov.br\/seplan\/wp-json\/wp\/v2\/comments?post=431"}],"version-history":[{"count":2,"href":"https:\/\/www.goiania.go.gov.br\/seplan\/wp-json\/wp\/v2\/pages\/431\/revisions"}],"predecessor-version":[{"id":438,"href":"https:\/\/www.goiania.go.gov.br\/seplan\/wp-json\/wp\/v2\/pages\/431\/revisions\/438"}],"wp:attachment":[{"href":"https:\/\/www.goiania.go.gov.br\/seplan\/wp-json\/wp\/v2\/media?parent=431"}],"curies":[{"name":"wp","href":"https:\/\/api.w.org\/{rel}","templated":true}]}}