{"id":352,"date":"2023-02-07T15:58:13","date_gmt":"2023-02-07T18:58:13","guid":{"rendered":"https:\/\/www.goiania.go.gov.br\/seplanh\/?page_id=352"},"modified":"2023-12-29T14:40:35","modified_gmt":"2023-12-29T17:40:35","slug":"acoes-fiscais","status":"publish","type":"page","link":"https:\/\/www.goiania.go.gov.br\/seplan\/acoes-fiscais\/","title":{"rendered":"A\u00e7\u00f5es Fiscais"},"content":{"rendered":"\n<p class=\"has-text-color\" style=\"color:#005b3f\"><strong>Fiscaliza\u00e7\u00f5es<\/strong><\/p>\n\n\n\n<ul class=\"has-text-color has-small-font-size wp-block-list\" style=\"color:#004421\"><li><strong><a rel=\"noreferrer noopener\" href=\"https:\/\/drive.google.com\/file\/d\/1VG3XtG7dN-P9pYODcJE4-GaEdBhBtBRI\/view?usp=share_link\" target=\"_blank\">Relat\u00f3rio de A\u00e7\u00f5es Fiscais n. 001\/2021 &#8211; Janeiro a Setembro de 2021<\/a><\/strong><\/li><li><strong><a rel=\"noreferrer noopener\" href=\"https:\/\/drive.google.com\/file\/d\/1QKKonGLV_RJ-2926spwShj0-8kAbr-ab\/view?usp=share_link\" data-type=\"URL\" data-id=\"https:\/\/drive.google.com\/file\/d\/1QKKonGLV_RJ-2926spwShj0-8kAbr-ab\/view?usp=share_link\" target=\"_blank\">Relat\u00f3rio de A\u00e7\u00f5es Fiscais n. 004\/2021 &#8211; Outubro a Dezembro de 2021<\/a><\/strong><\/li><li><strong><a rel=\"noreferrer noopener\" href=\"https:\/\/drive.google.com\/file\/d\/1iHVY-88YpNROW_-ory44i6qM6ZFh74qG\/view?usp=share_link\" data-type=\"URL\" data-id=\"https:\/\/drive.google.com\/file\/d\/1iHVY-88YpNROW_-ory44i6qM6ZFh74qG\/view?usp=share_link\" target=\"_blank\">Relat\u00f3rio de A\u00e7\u00f5es Fiscais n. 002\/2022 &#8211; Janeiro a Mar\u00e7o de 2022<\/a><\/strong><\/li><li><strong><a rel=\"noreferrer noopener\" href=\"https:\/\/drive.google.com\/file\/d\/1CWnB1HlEqZORqfTaJKLb9QavXXcaXl_q\/view?usp=share_link\" data-type=\"URL\" data-id=\"https:\/\/drive.google.com\/file\/d\/1CWnB1HlEqZORqfTaJKLb9QavXXcaXl_q\/view?usp=share_link\" target=\"_blank\">Relat\u00f3rio de A\u00e7\u00f5es Fiscais n. 006\/2022 &#8211; Abril a Junho de 2022<\/a><\/strong><\/li><li><strong><a rel=\"noreferrer noopener\" href=\"https:\/\/drive.google.com\/file\/d\/1UE4GPEovwk192L9aUX19F656trVO1YLp\/view?usp=share_link\" data-type=\"URL\" data-id=\"https:\/\/drive.google.com\/file\/d\/1UE4GPEovwk192L9aUX19F656trVO1YLp\/view?usp=share_link\" target=\"_blank\">Relat\u00f3rio de A\u00e7\u00f5es Fiscais n. 009\/2022 &#8211; Julho a Setembro de 2022<\/a><\/strong><\/li><li><strong><a rel=\"noreferrer noopener\" href=\"https:\/\/drive.google.com\/file\/d\/1XTvG1tfUpwlxDN8PJ3zLfqoiifX1pwv0\/view?usp=share_link\" data-type=\"URL\" data-id=\"https:\/\/drive.google.com\/file\/d\/1XTvG1tfUpwlxDN8PJ3zLfqoiifX1pwv0\/view?usp=share_link\" target=\"_blank\">Relat\u00f3rio de A\u00e7\u00f5es Fiscais n. 011\/2022 &#8211; Outubro de 2022<\/a><\/strong><\/li><li><strong><a rel=\"noreferrer noopener\" href=\"https:\/\/drive.google.com\/file\/d\/13FYxfr3ONvhgJ35SA1idVCJm07PfKzsz\/view?usp=share_link\" data-type=\"URL\" data-id=\"https:\/\/drive.google.com\/file\/d\/13FYxfr3ONvhgJ35SA1idVCJm07PfKzsz\/view?usp=share_link\" target=\"_blank\">Relat\u00f3rio de A\u00e7\u00f5es Fiscais n. 013\/2022 &#8211; Novembro de 2022<\/a><\/strong><\/li><li><strong><a rel=\"noreferrer noopener\" href=\"https:\/\/drive.google.com\/file\/d\/1aVfsD5ACL0bCiEKNqLAxeJj8QXd3GlEo\/view?usp=share_link\" data-type=\"URL\" data-id=\"https:\/\/drive.google.com\/file\/d\/1aVfsD5ACL0bCiEKNqLAxeJj8QXd3GlEo\/view?usp=share_link\" target=\"_blank\">Relat\u00f3rio de A\u00e7\u00f5es Fiscais n. 001\/2023 &#8211; Dezembro de 2022<\/a><\/strong><\/li><li><a rel=\"noreferrer noopener\" href=\"https:\/\/drive.google.com\/file\/d\/1TeWjMykBeg5RfyksHSo2UKEdJAIqC0Eo\/view?usp=share_link\" data-type=\"URL\" data-id=\"https:\/\/drive.google.com\/file\/d\/1TeWjMykBeg5RfyksHSo2UKEdJAIqC0Eo\/view?usp=share_link\" target=\"_blank\"><strong>Relat\u00f3rio de A\u00e7\u00f5es Fiscais n. 003\/2023 &#8211; Janeiro de 2023<\/strong><\/a><\/li><li><strong><a rel=\"noreferrer noopener\" href=\"https:\/\/drive.google.com\/file\/d\/1hO9KgH7H8Oh6fgK72wz_ZJRp6_zbhdzJ\/view?usp=share_link\" data-type=\"URL\" target=\"_blank\">Relat\u00f3rio de A\u00e7\u00f5es Fiscais n. 004\/2023 &#8211; Fevereiro de 2023<\/a><\/strong><\/li><li><strong><a rel=\"noreferrer noopener\" href=\"https:\/\/drive.google.com\/file\/d\/1AigRPXLBLxuoHzU8fKTgA4QKRe53ifUb\/view?usp=sharing\" target=\"_blank\">Relat\u00f3rio de A\u00e7\u00f5es Fiscais n. 009\/2023 &#8211; Mar\u00e7o de 2023<\/a><\/strong><\/li><li><a href=\"https:\/\/drive.google.com\/file\/d\/156m2iNd3-OlXKrxtUU0PXEKHk0TXTIt5\/view?usp=sharing\"><strong>Relat\u00f3rio de A\u00e7\u00f5es Fiscais n. 012\/2023 &#8211; Abril de 2023<\/strong><\/a><\/li><li><a rel=\"noreferrer noopener\" href=\"https:\/\/drive.google.com\/file\/d\/1yKxPLDbECgnTw0x7CRc_oF6KzAySq_Si\/view?usp=sharing\" target=\"_blank\"><strong>Relat\u00f3rio de A\u00e7\u00f5es Fiscais n. 015\/2023 &#8211; Maio de 2023<\/strong><\/a><\/li><li><a rel=\"noreferrer noopener\" href=\"https:\/\/drive.google.com\/file\/d\/144isYFMWikJBmsm0gSu-OQyTLXNJV01m\/view?usp=sharing\" target=\"_blank\"><strong>Relat\u00f3rio de A\u00e7\u00f5es Fiscais n. 017\/2023 &#8211; Junho de 2023<\/strong><\/a><\/li><li><strong><a rel=\"noreferrer noopener\" href=\"https:\/\/drive.google.com\/file\/d\/1hxhdkchZrrS2HmAFGhqjnTzYBOEWrbZr\/view?usp=sharing\" target=\"_blank\">Relat\u00f3rio de A\u00e7\u00f5es Fiscais n. 019\/2023 &#8211; Julho de 2023<\/a><\/strong><\/li><li><a rel=\"noreferrer noopener\" href=\"https:\/\/drive.google.com\/file\/d\/1mBCEozVCNPonUNEebGljEgR0K8zGsu59\/view?usp=sharing\" target=\"_blank\"><strong>Relat\u00f3rio de A\u00e7\u00f5es Fiscais n. 017\/2023 &#8211; Agosto de 2023<\/strong><\/a><\/li><li><a rel=\"noreferrer noopener\" href=\"https:\/\/drive.google.com\/file\/d\/1vX9pJZHOZ9fImpbOnEmeqllZR8hpnM36\/view?usp=sharing\" target=\"_blank\"><strong>Relat\u00f3rio de A\u00e7\u00f5es Fiscais n. 024\/2023 &#8211; Setembro de 2023<\/strong><\/a><\/li><li><a rel=\"noreferrer noopener\" href=\"https:\/\/drive.google.com\/file\/d\/1b_PO3dBE2cypI8-3ewlkkGs3vyWxiy8B\/view?usp=sharing\" target=\"_blank\"><strong>Relat\u00f3rio de A\u00e7\u00f5es Fiscais n. 026\/2023 &#8211; Outubro de 2023<\/strong><\/a><\/li><li><a href=\"https:\/\/drive.google.com\/file\/d\/1dkwQLkcR6rzl_f_m8cdwqmvAh99ZZTfn\/view?usp=sharing\" target=\"_blank\" rel=\"noreferrer noopener\"><strong>Relat\u00f3rio de A\u00e7\u00f5es Fiscais n. 028\/2023 &#8211; Novembro de 2023<\/strong><\/a><\/li><\/ul>\n\n\n\n<div class=\"wp-block-group\"><div class=\"wp-block-group__inner-container is-layout-flow wp-block-group-is-layout-flow\">\n<p class=\"has-text-color\" style=\"color:#005b3f\"><strong>Interdi\u00e7\u00f5es<\/strong><\/p>\n<\/div><\/div>\n\n\n\n<ul class=\"has-text-color has-small-font-size wp-block-list\" style=\"color:#004421\"><li><strong><a rel=\"noreferrer noopener\" href=\"https:\/\/drive.google.com\/file\/d\/13lg_OjSo-pPeSqBbvAjSLYBl_d70hMkS\/view?usp=share_link\" data-type=\"URL\" data-id=\"https:\/\/drive.google.com\/file\/d\/13lg_OjSo-pPeSqBbvAjSLYBl_d70hMkS\/view?usp=share_link\" target=\"_blank\">Relat\u00f3rio de Interdi\u00e7\u00f5es n. 001\/2021 &#8211; Janeiro a Setembro de 2021<\/a><\/strong><\/li><li><strong><a rel=\"noreferrer noopener\" href=\"https:\/\/drive.google.com\/file\/d\/15MWauQXsnGS9fGy_Lb9ml6L2GnAuwlPh\/view?usp=share_link\" data-type=\"URL\" data-id=\"https:\/\/drive.google.com\/file\/d\/15MWauQXsnGS9fGy_Lb9ml6L2GnAuwlPh\/view?usp=share_link\" target=\"_blank\">Relat\u00f3rio de Interdi\u00e7\u00f5es n. 003\/2021 &#8211; Outubro a Dezembro de 2021<\/a><\/strong><\/li><li><strong><a rel=\"noreferrer noopener\" href=\"https:\/\/drive.google.com\/file\/d\/1JO6JOL1cVWp4OgyKzYQxluXTES4lzP1L\/view?usp=share_link\" data-type=\"URL\" data-id=\"https:\/\/drive.google.com\/file\/d\/1JO6JOL1cVWp4OgyKzYQxluXTES4lzP1L\/view?usp=share_link\" target=\"_blank\">Relat\u00f3rio de Interdi\u00e7\u00f5es n. 002\/2022 &#8211; Janeiro a Mar\u00e7o de 2022<\/a><\/strong><\/li><li><strong><a rel=\"noreferrer noopener\" href=\"https:\/\/drive.google.com\/file\/d\/1IStsmFKgtgrfrOmuDAYzvGBubMq_RfOu\/view?usp=share_link\" data-type=\"URL\" data-id=\"https:\/\/drive.google.com\/file\/d\/1IStsmFKgtgrfrOmuDAYzvGBubMq_RfOu\/view?usp=share_link\" target=\"_blank\">Relat\u00f3rio de Interdi\u00e7\u00f5es n. 005\/2022 &#8211; Abril a Junho de 2022<\/a><\/strong><\/li><li><strong><a rel=\"noreferrer noopener\" href=\"https:\/\/drive.google.com\/file\/d\/1NHn2uV0NktjvDRBjt0iO5FIuKXW_B3FG\/view?usp=share_link\" data-type=\"URL\" data-id=\"https:\/\/drive.google.com\/file\/d\/1NHn2uV0NktjvDRBjt0iO5FIuKXW_B3FG\/view?usp=share_link\" target=\"_blank\">Relat\u00f3rio de Interdi\u00e7\u00f5es n. 010\/2022 &#8211; Julho a Setembro de 2022<\/a><\/strong><\/li><li><strong><a rel=\"noreferrer noopener\" href=\"https:\/\/drive.google.com\/file\/d\/1UiAiD8BVP-Tc1GKSKDhbv1f6aRhlDmfb\/view?usp=share_link\" data-type=\"URL\" data-id=\"https:\/\/drive.google.com\/file\/d\/1UiAiD8BVP-Tc1GKSKDhbv1f6aRhlDmfb\/view?usp=share_link\" target=\"_blank\">Relat\u00f3rio de Interdi\u00e7\u00f5es n. 012\/2022 &#8211; Outubro de 2022<\/a><\/strong><\/li><li><strong><a rel=\"noreferrer noopener\" href=\"https:\/\/drive.google.com\/file\/d\/1qIeYVpt2ClU9QEtPlcMesUvuLC4jxXAv\/view?usp=share_link\" data-type=\"URL\" data-id=\"https:\/\/drive.google.com\/file\/d\/1qIeYVpt2ClU9QEtPlcMesUvuLC4jxXAv\/view?usp=share_link\" target=\"_blank\">Relat\u00f3rio de Interdi\u00e7\u00f5es n. 013\/2022 &#8211; Novembro de 2022<\/a><\/strong><\/li><li><strong><a rel=\"noreferrer noopener\" href=\"https:\/\/drive.google.com\/file\/d\/1HfbVtYvH139ZpYFN4WMHzKnsuR0lAl13\/view?usp=share_link\" data-type=\"URL\" data-id=\"https:\/\/drive.google.com\/file\/d\/1HfbVtYvH139ZpYFN4WMHzKnsuR0lAl13\/view?usp=share_link\" target=\"_blank\">Relat\u00f3rio de Interdi\u00e7\u00f5es n. 002\/2023 &#8211; Dezembro de 2022<\/a><\/strong><\/li><li><strong><a rel=\"noreferrer noopener\" href=\"https:\/\/drive.google.com\/file\/d\/172sbaU51ZvcoEvYHilHUDWzjTgMex_El\/view?usp=share_link\" data-type=\"URL\" data-id=\"https:\/\/drive.google.com\/file\/d\/172sbaU51ZvcoEvYHilHUDWzjTgMex_El\/view?usp=share_link\" target=\"_blank\">Relat\u00f3rio de Interdi\u00e7\u00f5es n. 003\/2023 &#8211; Janeiro de 2023<\/a><\/strong><\/li><li><strong><a rel=\"noreferrer noopener\" href=\"https:\/\/drive.google.com\/file\/d\/1EenJfa3M6sZ3qGRo8to6uJHvMZ0x0CeM\/view?usp=sharing\" data-type=\"URL\" data-id=\"https:\/\/drive.google.com\/file\/d\/1EenJfa3M6sZ3qGRo8to6uJHvMZ0x0CeM\/view?usp=sharing\" target=\"_blank\">Relat\u00f3rio de Interdi\u00e7\u00f5es n. 005\/2023 &#8211; Fevereiro de 2023<\/a><\/strong><\/li><li><strong><a rel=\"noreferrer noopener\" href=\"https:\/\/drive.google.com\/file\/d\/1KRsIIBVPQNNh5-7Ob6OXZPkGafR4wSDH\/view?usp=sharing\" target=\"_blank\">Relat\u00f3rio de Interdi\u00e7\u00f5es n. 010\/2023 &#8211; Mar\u00e7o de 2023<\/a><\/strong><\/li><li><strong><a rel=\"noreferrer noopener\" href=\"https:\/\/drive.google.com\/file\/d\/1nhoOln4I6i8Rzc5ShCFurU0SboFChF3J\/view?usp=sharing\" target=\"_blank\">Relat\u00f3rio de Interdi\u00e7\u00f5es n. 013\/2023 &#8211; Abril de 2023<\/a><\/strong><\/li><li><a rel=\"noreferrer noopener\" href=\"https:\/\/drive.google.com\/file\/d\/1E38cXR0Mw3TU44oqkO5kQSHdjWDpkEeh\/view?usp=sharing\" target=\"_blank\"><strong>Relat\u00f3rio de Interdi\u00e7\u00f5es n. 016\/2023 &#8211; Maio de 2023<\/strong><\/a><\/li><li><a rel=\"noreferrer noopener\" href=\"https:\/\/drive.google.com\/file\/d\/1gquPAbUWIjoL-psNwzsY0kwcG71sC-Zy\/view?usp=drive_link\" target=\"_blank\"><strong>Relat\u00f3rio de Interdi\u00e7\u00f5es n. 018\/2023 &#8211; Junho de 2023<\/strong><\/a><\/li><li><a rel=\"noreferrer noopener\" href=\"https:\/\/drive.google.com\/file\/d\/1Me5DscVIkpVEz2Dmb8mwM0RdHh-AFJHY\/view?usp=sharing\" target=\"_blank\"><strong>Relat\u00f3rio de Interdi\u00e7\u00f5es n. 020\/2023 &#8211; Julho de 2023<\/strong><\/a><\/li><li><a rel=\"noreferrer noopener\" href=\"https:\/\/drive.google.com\/file\/d\/1UM4w5w-Z4tzIUh6boOkrVghG_P5KokZm\/view?usp=sharing\" target=\"_blank\"><strong>Relat\u00f3rio de Interdi\u00e7\u00f5es n. 023\/2023 &#8211; Agosto de 2023<\/strong><\/a><\/li><li><a rel=\"noreferrer noopener\" href=\"https:\/\/drive.google.com\/file\/d\/1QyG7Qy3VOR0UWhUe2g9-C2pb4zHBUpmw\/view?usp=sharing\" target=\"_blank\"><strong>Relat\u00f3rio de Interdi\u00e7\u00f5es n. 025\/2023 &#8211; Setembro de 2023<\/strong><\/a><\/li><li><a rel=\"noreferrer noopener\" href=\"https:\/\/drive.google.com\/file\/d\/1o1YtR_aAW7aah7w-N7rQ5DpXnGTMw7By\/view?usp=sharing\" target=\"_blank\"><strong>Relat\u00f3rio de Interdi\u00e7\u00f5es n. 027\/2023 &#8211; Outubro de 2023<\/strong><\/a><\/li><li><a href=\"https:\/\/drive.google.com\/file\/d\/1l8DtWIWxwFRgRR4q0ccqmU4ZMpCYDCP4\/view?usp=sharing\" target=\"_blank\" rel=\"noreferrer noopener\"><strong>Relat\u00f3rio de Interdi\u00e7\u00f5es n. 029\/2023 &#8211; Novembro de 2023<\/strong><\/a><\/li><\/ul>\n\n\n\n<p><\/p>\n","protected":false},"excerpt":{"rendered":"<p>Fiscaliza\u00e7\u00f5es Relat\u00f3rio de A\u00e7\u00f5es Fiscais n. 001\/2021 &#8211; Janeiro a Setembro de 2021 Relat\u00f3rio de A\u00e7\u00f5es Fiscais n. 004\/2021 &#8211; Outubro a Dezembro de 2021 Relat\u00f3rio de A\u00e7\u00f5es Fiscais n. 002\/2022 &#8211; Janeiro a Mar\u00e7o de 2022 Relat\u00f3rio de A\u00e7\u00f5es Fiscais n. 006\/2022 &#8211; Abril a Junho de 2022 Relat\u00f3rio de A\u00e7\u00f5es Fiscais n. 009\/2022 [&hellip;]<\/p>\n","protected":false},"author":42,"featured_media":0,"parent":0,"menu_order":0,"comment_status":"closed","ping_status":"closed","template":"","meta":{"_acf_changed":false,"custom_icon_class":"","footnotes":""},"class_list":["post-352","page","type-page","status-publish","hentry"],"acf":[],"_links":{"self":[{"href":"https:\/\/www.goiania.go.gov.br\/seplan\/wp-json\/wp\/v2\/pages\/352","targetHints":{"allow":["GET"]}}],"collection":[{"href":"https:\/\/www.goiania.go.gov.br\/seplan\/wp-json\/wp\/v2\/pages"}],"about":[{"href":"https:\/\/www.goiania.go.gov.br\/seplan\/wp-json\/wp\/v2\/types\/page"}],"author":[{"embeddable":true,"href":"https:\/\/www.goiania.go.gov.br\/seplan\/wp-json\/wp\/v2\/users\/42"}],"replies":[{"embeddable":true,"href":"https:\/\/www.goiania.go.gov.br\/seplan\/wp-json\/wp\/v2\/comments?post=352"}],"version-history":[{"count":9,"href":"https:\/\/www.goiania.go.gov.br\/seplan\/wp-json\/wp\/v2\/pages\/352\/revisions"}],"predecessor-version":[{"id":466,"href":"https:\/\/www.goiania.go.gov.br\/seplan\/wp-json\/wp\/v2\/pages\/352\/revisions\/466"}],"wp:attachment":[{"href":"https:\/\/www.goiania.go.gov.br\/seplan\/wp-json\/wp\/v2\/media?parent=352"}],"curies":[{"name":"wp","href":"https:\/\/api.w.org\/{rel}","templated":true}]}}