{"id":116,"date":"2019-05-13T11:37:32","date_gmt":"2022-01-04T17:31:39","guid":{"rendered":"https:\/\/www.goiania.go.gov.br\/seplanh\/?page_id=116"},"modified":"2024-03-14T11:33:05","modified_gmt":"2024-03-14T14:33:05","slug":"minutaslegislacao","status":"publish","type":"page","link":"https:\/\/www.goiania.go.gov.br\/seplan\/minutaslegislacao\/","title":{"rendered":"Minutas Legisla\u00e7\u00f5es Urban\u00edsticas"},"content":{"rendered":"\n<p><\/p>\n\n\n\n<p><\/p>\n\n\n\n<h3 class=\"wp-block-heading has-black-color has-text-color\"><strong>Projeto de Lei Complementar Habita\u00e7\u00e3o de Interesse Social &#8211; HIS<\/strong><\/h3>\n\n\n\n<ul class=\"has-small-font-size wp-block-list\">\n<li><strong><a href=\"https:\/\/drive.google.com\/file\/d\/1HwX0Euqt6NDfIfFIQYED-FRtZNfFoq25\/view?usp=sharing\" data-type=\"URL\" target=\"_blank\" rel=\"noreferrer noopener\">Minuta da Lei Complementar sobre Habita\u00e7\u00e3o de Interesse Social<\/a><\/strong><\/li>\n<\/ul>\n\n\n\n<h3 class=\"wp-block-heading has-black-color has-text-color\"><strong>Minuta de Projeto de Lei &#8211; Esta\u00e7\u00e3o Transmissora de Radiocomunicacao (Antenas)<\/strong><\/h3>\n\n\n\n<ul class=\"has-small-font-size wp-block-list\">\n<li><strong><a rel=\"noreferrer noopener\" href=\"https:\/\/drive.google.com\/file\/d\/1WU6FtQi2DXyRInJq5t7WKEZrcCiJYOVP\/view?usp=sharing\" data-type=\"URL\" target=\"_blank\">Minuta de Projeto de Lei &#8211; Esta\u00e7\u00e3o Transmissora de Radiocomunicacao (Antenas)<\/a><\/strong><\/li>\n<\/ul>\n\n\n\n<h3 class=\"wp-block-heading has-black-color has-text-color\"><\/h3>\n\n\n\n<p><\/p>\n\n\n\n<p><\/p>\n","protected":false},"excerpt":{"rendered":"<p>Projeto de Lei Complementar Habita\u00e7\u00e3o de Interesse Social &#8211; HIS Minuta de Projeto de Lei &#8211; Esta\u00e7\u00e3o Transmissora de Radiocomunicacao (Antenas)<\/p>\n","protected":false},"author":42,"featured_media":0,"parent":0,"menu_order":0,"comment_status":"closed","ping_status":"closed","template":"","meta":{"_acf_changed":false,"custom_icon_class":"","footnotes":""},"class_list":["post-116","page","type-page","status-publish","hentry"],"acf":[],"_links":{"self":[{"href":"https:\/\/www.goiania.go.gov.br\/seplan\/wp-json\/wp\/v2\/pages\/116","targetHints":{"allow":["GET"]}}],"collection":[{"href":"https:\/\/www.goiania.go.gov.br\/seplan\/wp-json\/wp\/v2\/pages"}],"about":[{"href":"https:\/\/www.goiania.go.gov.br\/seplan\/wp-json\/wp\/v2\/types\/page"}],"author":[{"embeddable":true,"href":"https:\/\/www.goiania.go.gov.br\/seplan\/wp-json\/wp\/v2\/users\/42"}],"replies":[{"embeddable":true,"href":"https:\/\/www.goiania.go.gov.br\/seplan\/wp-json\/wp\/v2\/comments?post=116"}],"version-history":[{"count":9,"href":"https:\/\/www.goiania.go.gov.br\/seplan\/wp-json\/wp\/v2\/pages\/116\/revisions"}],"predecessor-version":[{"id":507,"href":"https:\/\/www.goiania.go.gov.br\/seplan\/wp-json\/wp\/v2\/pages\/116\/revisions\/507"}],"wp:attachment":[{"href":"https:\/\/www.goiania.go.gov.br\/seplan\/wp-json\/wp\/v2\/media?parent=116"}],"curies":[{"name":"wp","href":"https:\/\/api.w.org\/{rel}","templated":true}]}}