{"id":50,"date":"2022-02-18T14:10:56","date_gmt":"2022-02-18T17:10:56","guid":{"rendered":"https:\/\/www.goiania.go.gov.br\/smesp\/?page_id=50"},"modified":"2023-07-12T15:26:18","modified_gmt":"2023-07-12T18:26:18","slug":"unidades-programa-esporte-bairros","status":"publish","type":"page","link":"https:\/\/www.goiania.go.gov.br\/semel\/unidades-programa-esporte-bairros\/","title":{"rendered":"Unidades do Programa Esportes nos Bairros &#8211; 2023"},"content":{"rendered":"\n<div class=\"wp-block-group card\"><div class=\"wp-block-group__inner-container is-layout-flow wp-block-group-is-layout-flow\">\n<h1 class=\"wp-block-heading\">Parque Odilon Soares<\/h1>\n\n\n\n<p>Endere\u00e7o: Alameda Ana Maria Moraes Verano com Rua F8 \u2013 Setor Fai\u00e7alville<\/p>\n\n\n\n<h3 class=\"wp-block-heading\"><strong>Funcional<\/strong><\/h3>\n\n\n\n<p><strong>Segunda e Quarta<\/strong><br>07h30 \u00e0s 08h30 (de 18 anos acima)<br>08h30 \u00e0s 09h30 (de 18 anos acima)<br><strong>Segunda e Quarta<\/strong><br>16h30 \u00e0s 17h30 (de 18 anos acima)<\/p>\n\n\n\n<h3 class=\"wp-block-heading\">Pilates<\/h3>\n\n\n\n<p><strong>Ter\u00e7a e Quinta<\/strong><br>07h30 \u00e0s 08h30 (de 18 anos acima)<br>08h30 \u00e0s 09h30 (de 18 anos acima)<\/p>\n\n\n\n<h3 class=\"wp-block-heading\">Caminhada e Circuito Funcional<\/h3>\n\n\n\n<p><strong>Sexta-feira<\/strong><br>07h30 \u00e0s 08h30 (De 18 anos acima)<br>08h30 \u00e0s 09:30 (De 18 anos acima)<\/p>\n\n\n\n<h3 class=\"wp-block-heading\">T\u00eanis<\/h3>\n\n\n\n<p><strong>Quarta<\/strong><br>16h00 \u00e0s 17h00 (09 \u00e0 15 anos\/ iniciante)<br>17h00 \u00e0s 18h00 (09 \u00e0 15 anos\/ intermedi\u00e1rio e avan\u00e7ado)<br><strong>S\u00e1bado<\/strong><br>08h00 \u00e0s 10h00 (de 09 a 15 anos)<\/p>\n\n\n\n<h3 class=\"wp-block-heading\">Futsal<\/h3>\n\n\n\n<p><strong>Ter\u00e7as e Quintas<\/strong><br>7h30 \u00e0s 8h30 (5 a 9 anos)<br>16h30 \u00e0s 17h30 (11 a 17 anos)<\/p>\n\n\n\n<h3 class=\"wp-block-heading\">Basquete<\/h3>\n\n\n\n<p><strong>Ter\u00e7a e quinta-feira<\/strong><br>16h00 \u00e0s 17h00 (13 a 17 anos)<br>17h00 \u00e0s 18h (de 09 a 15 anos)<\/p>\n\n\n\n<h3 class=\"wp-block-heading\">V\u00f4lei<\/h3>\n\n\n\n<p>Segunda, quarta e sexta-feira<br>16h00 \u00e0s 18h00 (de\u00a012\u00a0a\u00a045\u00a0anos<\/p>\n<\/div><\/div>\n\n\n\n<div class=\"wp-block-group card\"><div class=\"wp-block-group__inner-container is-layout-flow wp-block-group-is-layout-flow\">\n<h1 class=\"wp-block-heading\">Parque da Vizinhan\u00e7a IV<\/h1>\n\n\n\n<p>Av. Parque com Rua Saulo Coelho Chaves &#8211; Residencial Aqu\u00e1rios<\/p>\n\n\n\n<h3 class=\"wp-block-heading\">Gin\u00e1stica<\/h3>\n\n\n\n<p><strong>Segunda \u00e0 sexta-feira<\/strong><br>&#8211; 07h00 \u00e0s 08h00 (de 18 a 60 anos)<br>&#8211; 08h00 \u00e0s 09h00 (de 18 a 65 anos)<br>&#8211; 09h00 \u00e0s 10h00 (de 18 a 75 anos)<br>&#8211; 10h00 \u00e0s 11h00 (de 18 a 45 anos)<\/p>\n\n\n\n<h3 class=\"wp-block-heading\">Gin\u00e1stica<\/h3>\n\n\n\n<p><strong>Segunda, quarta e sexta-feira<\/strong><br>&#8211; 18h00 \u00e0s 19h00 (de 18 a 60 anos)<br>&#8211; 19h00 \u00e0s 20h00 (de 18 a 55 anos)<\/p>\n<\/div><\/div>\n\n\n\n<div class=\"wp-block-group card\"><div class=\"wp-block-group__inner-container is-layout-flow wp-block-group-is-layout-flow\">\n<h1 class=\"wp-block-heading\">Centro Esportivo Guanabara<\/h1>\n\n\n\n<p>Rua GB-6, 2-122 \u2013 Jardim Guanabara II<\/p>\n\n\n\n<h3 class=\"wp-block-heading\">Futebol<\/h3>\n\n\n\n<p><strong>Ter\u00e7a e quinta-feira<\/strong><br>08h10 \u00e0s 09h00 (de 09 a 10 anos)<br>09h10 \u00e0s 10h00 (de 11 a 12 anos)<br>10h10 \u00e0s 11h00 (de 13 a 16 anos)<br><\/p>\n\n\n\n<p><strong>Segunda e quarta-feira<\/strong><br>14h10 \u00e0s 15h (de 13 a 16 anos)<br>15h10 \u00e0s 16h (de 11 a 12 anos) <br>16h10 \u00e0s 17h (de 09 a 10 anos) <br>17h10 \u00e0s 18h (de 07 a 08 anos) <br>18h10 \u00e0s 19h (de 04 a 06 anos)<\/p>\n\n\n\n<h3 class=\"wp-block-heading\">Atividade Psicomotora e Esportiva<\/h3>\n\n\n\n<p><strong>Segunda \u2013 feira e quarta-feira <\/strong><br>15h \u00e0s 15h50 (de 04 a 06 anos) <br>18h \u00e0s 18h50 (de 07 a 08 anos)<\/p>\n\n\n\n<h3 class=\"wp-block-heading\">Taekwondo<\/h3>\n\n\n\n<p><strong>Segunda-feira e quarta-feira <\/strong><br>16h \u00e0s 16h50 (de 12 a 16 anos)<br>17h \u00e0s 17h50 (de 09 a 11 anos)<br>18h00 \u00e0s 18h50 (de 12 a 16 anos)<\/p>\n<\/div><\/div>\n\n\n\n<div class=\"wp-block-group card\"><div class=\"wp-block-group__inner-container is-layout-flow wp-block-group-is-layout-flow\">\n<h1 class=\"wp-block-heading\">Pra\u00e7a da Juventude<\/h1>\n\n\n\n<p>Endere\u00e7o: Rua JDA Oito \u2013 Jardim das Aroeiras<\/p>\n\n\n\n<h3 class=\"wp-block-heading\">Gin\u00e1stica<\/h3>\n\n\n\n<p><strong>Segunda-feira \u00e0 sexta-feira<\/strong><br>07h \u00e0s 08h (16 anos acima)<br>08h \u00e0s 09h (10 anos acima)<\/p>\n<\/div><\/div>\n\n\n\n<div class=\"wp-block-group card\"><div class=\"wp-block-group__inner-container is-layout-flow wp-block-group-is-layout-flow\">\n<h1 class=\"wp-block-heading\">Centro Esportivo Maguito Vilela<\/h1>\n\n\n\n<p>F\u00e1bio Nasser, Avenida Liberdade com Rua 14, Conjunto Riviera.<\/p>\n\n\n\n<h3 class=\"wp-block-heading\">Aulas de futebol society<\/h3>\n\n\n\n<p><strong>Segunda \u00e0 sexta-feira<\/strong><br>08h \u00e0s 11h e das 15h \u00e0s 18h (de 09 a 17 anos)<br><\/p>\n\n\n\n<h3 class=\"wp-block-heading\">Funcional<\/h3>\n\n\n\n<p><strong>Segunda \u00e0 sexta-feira<\/strong><br>07h30 \u00e0s 10h&nbsp;e&nbsp;16h&nbsp;\u00e0s&nbsp;18h30<br><\/p>\n\n\n\n<h3 class=\"wp-block-heading\">V\u00f4lei de Praia<\/h3>\n\n\n\n<p><strong>Segunda, quarta e sexta-feira<\/strong><br>17h&nbsp;\u00e0s&nbsp;20h<\/p>\n<\/div><\/div>\n\n\n\n<div class=\"wp-block-group card\"><div class=\"wp-block-group__inner-container is-layout-flow wp-block-group-is-layout-flow\">\n<h1 class=\"wp-block-heading\">CRAS &#8211; Jardins do Cerrado<\/h1>\n\n\n\n<p>Rua Flor da Noite, esq. c\/Rua das Eras, Qd. Apm 4 &#8211; Jardins do Cerrado III<\/p>\n\n\n\n<h3 class=\"wp-block-heading\">Funcional<\/h3>\n\n\n\n<p><strong>Segunda \u00e0 sexta-feira<\/strong><\/p>\n\n\n\n<p><strong>Turma 1:<\/strong><\/p>\n\n\n\n<p>07h30 \u00e0s 08h30 \u2013 50 anos acima<br>08h30 \u00e0s 09h30 (de 34 a 50 anos)<\/p>\n\n\n\n<p><strong>Turma 2:<\/strong><\/p>\n\n\n\n<p>Segunda-feira e quinta-feira<br>07h30 \u00e0s 08h30, e 08h30 \u00e0s 09h30 (12 anos acima)<\/p>\n\n\n\n<h3 class=\"wp-block-heading\">Pilates<\/h3>\n\n\n\n<p><strong>Ter\u00e7a-feira<\/strong><br>07h30 \u00e0s 8:30, e 08h30 \u00e0s 09h30 (12 anos acima)<\/p>\n\n\n\n<h3 class=\"wp-block-heading\">Yoga<\/h3>\n\n\n\n<p><strong>Quarta-feira<\/strong><br>07h30 \u00e0s 8:30, e 08h30 \u00e0s 09h30 (12 anos acima)<\/p>\n\n\n\n<h3 class=\"wp-block-heading\">Caminhada e exerc\u00edcios na pra\u00e7a<\/h3>\n\n\n\n<p><strong>Sexta-feira<\/strong><br>08h00 \u00e0s 09h00 (12 anos acima)<\/p>\n<\/div><\/div>\n\n\n\n<h3 class=\"wp-block-heading\">No Clube do Povo, a pasta de esporte oferece inicia\u00e7\u00e3o esportiva na nata\u00e7\u00e3o em parceria com a Agetul, com diversos hor\u00e1rios, professores e turmas.<\/h3>\n\n\n\n<div style=\"height:10px\" aria-hidden=\"true\" class=\"wp-block-spacer\"><\/div>\n\n\n\n<div class=\"wp-block-group card\"><div class=\"wp-block-group__inner-container is-layout-flow wp-block-group-is-layout-flow\">\n<h1 class=\"wp-block-heading\">Clube do Povo<\/h1>\n\n\n\n<p>Endere\u00e7o: Rua VF15, Vila Finsocial, Goi\u00e2nia-GO, CEP: 74473-100<\/p>\n\n\n\n<p><strong>Nata\u00e7\u00e3o<\/strong><br><strong>Ter\u00e7a-feira e quinta-feira<\/strong><br>08h35 \u00e0s 09h15 (n\u00edvel 4\/ 7 a 18 anos)<br>08h35 \u00e0s 09h15 (n\u00edvel 2\/ 7 a 18 anos)<br>09h30 \u00e0s 10h10 (n\u00edvel 3\/ 7 a 18 anos)<br>10h20 \u00e0s 11h (n\u00edvel 1\/ 7 a 18 anos)<\/p>\n\n\n\n<p><strong>Quarta-feira e sexta-feira<\/strong><br>08h35 \u00e0s 09h15 (n\u00edvel 4\/ 7 a 18 anos)<br>08h35 \u00e0s 09h15 (n\u00edvel 2\/ 7 a 18 anos)<br>09h30 \u00e0s 10h10 (n\u00edvel 3\/ 7 a 18 anos)<br>10h20 \u00e0s 11h (n\u00edvel 1\/ 7 a 18 anos)<\/p>\n\n\n\n<p><strong>Segunda-feira, quarta-feira e sexta-feira<\/strong><br>14h \u00e0s 14h50 (n\u00edvel 3\/ 7 a 18 anos)<br>15h \u00e0s 16h (pr\u00e9-treinamento\/ 9 a 18 anos)<br>15h \u00e0s 15h50 (n\u00edvel 3\/ 7 a 18 anos)<br>16h \u00e0s 16h50 (n\u00edvel 4\/ 7 a 18 anos)<br>17h \u00e0s 18h (n\u00edvel 5\/ 7 a 18 anos)<\/p>\n\n\n\n<p><strong>Ter\u00e7a-feira e quinta-feira<\/strong><br>14h \u00e0s 14h50 (n\u00edvel 1\/ 7 a 18 anos)<br>14h30 \u00e0s 15h15 (n\u00edvel 1\/ 7 a 18 anos)<\/p>\n\n\n\n<p><strong>Segunda-feira, quarta-feira e sexta-feira<\/strong><br>17h \u00e0s 18h (n\u00edvel 5\/ 7 a 18 anos)<\/p>\n\n\n\n<p><strong>Ter\u00e7a-feira e quinta-feira<\/strong><br>14h \u00e0s 14h50 (n\u00edvel 1\/ 7 a 18 anos)<br>14h30 \u00e0s 15h15 (n\u00edvel 1\/ 7 a 18 anos)<br>15h30 \u00e0s 16h15 (n\u00edvel 1\/ 7 a 18 anos)<br>15h \u00e0s 15h50 (n\u00edvel 2\/ 7 a 18 anos)<br>16h \u00e0s 16h50 (n\u00edvel 1\/ 7 a 18 anos)<br>17h \u00e0s 18h (n\u00edvel 1\/ 7 a 18 anos)<\/p>\n\n\n\n<p><strong>Segunda-feira, ter\u00e7a-feira, quarta-feira, quinta-feira e sexta-feira<\/strong><br>17h \u00e0s 18h20 (treinamento \/ 7 a 18 anos)<\/p>\n\n\n\n<p><strong>Modalidade<\/strong>: Bal\u00e9\/ Jazz<br><strong>Local de Aula<\/strong>: Quiosque Clube Do Povo<br><strong>Ter\u00e7a-feira e quinta-feira<\/strong><br>8h15 \u00e0s 9h &#8211; (11 anos acima)<br>9h15 \u00e0s 10h &#8211; (5 a 7 anos)<br>10h \u00e0s 10h45 &#8211; (8 a 10 anos)<\/p>\n\n\n\n<p><strong>Quarta-feira e sexta-feira<\/strong><br>8h15 \u00e0s 9h &#8211; (11 anos acima)<br>9h15 \u00e0s 10h &#8211; (5 a 7 anos)<br>10h \u00e0s 10h45 &#8211; (8 a 10 anos)<\/p>\n\n\n\n<p><strong>Modalidade<\/strong>: Funcional Kids<br><strong>Ter\u00e7a e quinta-feira (a partir de 5 anos)<\/strong><\/p>\n\n\n\n<p><strong>Ter\u00e7a-feira e quinta-feira<\/strong><br>08h15 \u00e0s 09h (5 a 7 anos)<br>09h15 \u00e0s 10h (8 a 10 anos)<br>10h \u00e0s 10h45&nbsp;(11&nbsp;anos&nbsp;acima)<\/p>\n<\/div><\/div>\n\n\n\n<h2 class=\"wp-block-heading\">Secretaria Municipal dos Esportes (SMESP) \u2013 Prefeitura de Goi\u00e2nia<\/h2>\n\n\n\n<style>\n\n.post-title{\ndisplay: none;\n}\n\n<\/style>\n","protected":false},"excerpt":{"rendered":"<p>Parque Odilon Soares Endere\u00e7o: Alameda Ana Maria Moraes Verano com Rua F8 \u2013 Setor Fai\u00e7alville Funcional Segunda e Quarta07h30 \u00e0s 08h30 (de 18 anos acima)08h30 \u00e0s 09h30 (de 18 anos acima)Segunda e Quarta16h30 \u00e0s 17h30 (de 18 anos acima) Pilates Ter\u00e7a e Quinta07h30 \u00e0s 08h30 (de 18 anos acima)08h30 \u00e0s 09h30 (de 18 anos acima) [&hellip;]<\/p>\n","protected":false},"author":1,"featured_media":0,"parent":0,"menu_order":0,"comment_status":"closed","ping_status":"closed","template":"page-templates\/page-sidebar-right.php","meta":{"_acf_changed":false,"custom_icon_class":"","footnotes":""},"class_list":["post-50","page","type-page","status-publish","hentry"],"acf":[],"_links":{"self":[{"href":"https:\/\/www.goiania.go.gov.br\/semel\/wp-json\/wp\/v2\/pages\/50","targetHints":{"allow":["GET"]}}],"collection":[{"href":"https:\/\/www.goiania.go.gov.br\/semel\/wp-json\/wp\/v2\/pages"}],"about":[{"href":"https:\/\/www.goiania.go.gov.br\/semel\/wp-json\/wp\/v2\/types\/page"}],"author":[{"embeddable":true,"href":"https:\/\/www.goiania.go.gov.br\/semel\/wp-json\/wp\/v2\/users\/1"}],"replies":[{"embeddable":true,"href":"https:\/\/www.goiania.go.gov.br\/semel\/wp-json\/wp\/v2\/comments?post=50"}],"version-history":[{"count":10,"href":"https:\/\/www.goiania.go.gov.br\/semel\/wp-json\/wp\/v2\/pages\/50\/revisions"}],"predecessor-version":[{"id":126,"href":"https:\/\/www.goiania.go.gov.br\/semel\/wp-json\/wp\/v2\/pages\/50\/revisions\/126"}],"wp:attachment":[{"href":"https:\/\/www.goiania.go.gov.br\/semel\/wp-json\/wp\/v2\/media?parent=50"}],"curies":[{"name":"wp","href":"https:\/\/api.w.org\/{rel}","templated":true}]}}