{"id":163,"date":"2020-05-18T14:59:22","date_gmt":"2020-05-18T17:59:22","guid":{"rendered":"https:\/\/www.goiania.go.gov.br\/agetul\/vida-ativa\/"},"modified":"2020-05-18T14:59:22","modified_gmt":"2020-05-18T17:59:22","slug":"vida-ativa","status":"publish","type":"page","link":"https:\/\/www.goiania.go.gov.br\/semel\/lazer\/programas\/vida-ativa\/","title":{"rendered":"Vida Ativa"},"content":{"rendered":"\n<figure class=\"wp-block-image size-large\"><img decoding=\"async\" src=\"https:\/\/www.goiania.go.gov.br\/agetul\/wp-uploads\/sites\/18\/2020\/12\/vida-ativa-1-1024x576.jpeg\" alt=\"\" class=\"wp-image-741\" \/><\/figure>\n\n\n\n<p>Programa criado em 1992 pelo governo municipal, atrav\u00e9s da pasta respons\u00e1vel pelo Lazer, para atender adultos e pessoas idosas, conforme apontado em levantamento de seu hist\u00f3rico (Anexo I). O Vida Ativa tem o &nbsp;objetivo de incentivar a pr\u00e1tica da atividade f\u00edsica e o conv\u00edvio social em n\u00facleos situados em diferentes regi\u00f5es do munic\u00edpio. Em sua proposi\u00e7\u00e3o, da d\u00e9cada de 1990, o Programa foi implantando em associa\u00e7\u00f5es de bairros, locais de a\u00e7\u00f5es comunit\u00e1rias, clubes, por a\u00e7\u00f5es intersetoriais e da integra\u00e7\u00e3o e parcerias entre \u00f3rg\u00e3os\/entidades governamentais e privados. Desse modo, o Programa Vida Ativa tem a maioria de suas unidades de atendimentos em equipamentos n\u00e3o espec\u00edficos de lazer. Estes compreendidos com um ambiente que foi planejado e constru\u00eddo para uma determinada finalidade espec\u00edfica, que n\u00e3o o lazer, mas que podem ter a sua apropria\u00e7\u00e3o ampliada para outras atividades. \u00c9 entendido ent\u00e3o, como um espa\u00e7o poss\u00edvel de frui\u00e7\u00e3o do lazer, em momentos do tempo de nossa exist\u00eancia pessoal e de nossas intera\u00e7\u00f5es sociais.<\/p>\n","protected":false},"excerpt":{"rendered":"<p>Programa criado em 1992 pelo governo municipal, atrav\u00e9s da pasta respons\u00e1vel pelo Lazer, para atender adultos e pessoas idosas, conforme apontado em levantamento de seu hist\u00f3rico (Anexo I). O Vida Ativa tem o &nbsp;objetivo de incentivar a pr\u00e1tica da atividade f\u00edsica e o conv\u00edvio social em n\u00facleos situados em diferentes regi\u00f5es do munic\u00edpio. Em sua [&hellip;]<\/p>\n","protected":false},"author":1,"featured_media":0,"parent":161,"menu_order":3,"comment_status":"closed","ping_status":"closed","template":"","meta":{"_acf_changed":false,"custom_icon_class":"","footnotes":""},"class_list":["post-163","page","type-page","status-publish","hentry"],"acf":[],"_links":{"self":[{"href":"https:\/\/www.goiania.go.gov.br\/semel\/wp-json\/wp\/v2\/pages\/163","targetHints":{"allow":["GET"]}}],"collection":[{"href":"https:\/\/www.goiania.go.gov.br\/semel\/wp-json\/wp\/v2\/pages"}],"about":[{"href":"https:\/\/www.goiania.go.gov.br\/semel\/wp-json\/wp\/v2\/types\/page"}],"author":[{"embeddable":true,"href":"https:\/\/www.goiania.go.gov.br\/semel\/wp-json\/wp\/v2\/users\/1"}],"replies":[{"embeddable":true,"href":"https:\/\/www.goiania.go.gov.br\/semel\/wp-json\/wp\/v2\/comments?post=163"}],"version-history":[{"count":0,"href":"https:\/\/www.goiania.go.gov.br\/semel\/wp-json\/wp\/v2\/pages\/163\/revisions"}],"up":[{"embeddable":true,"href":"https:\/\/www.goiania.go.gov.br\/semel\/wp-json\/wp\/v2\/pages\/161"}],"wp:attachment":[{"href":"https:\/\/www.goiania.go.gov.br\/semel\/wp-json\/wp\/v2\/media?parent=163"}],"curies":[{"name":"wp","href":"https:\/\/api.w.org\/{rel}","templated":true}]}}