{"id":162,"date":"2020-05-18T14:58:46","date_gmt":"2020-05-18T17:58:46","guid":{"rendered":"https:\/\/www.goiania.go.gov.br\/agetul\/caminhando-com-saude\/"},"modified":"2020-05-18T14:58:46","modified_gmt":"2020-05-18T17:58:46","slug":"caminhando-com-saude","status":"publish","type":"page","link":"https:\/\/www.goiania.go.gov.br\/semel\/lazer\/programas\/caminhando-com-saude\/","title":{"rendered":"Caminhando com Sa\u00fade"},"content":{"rendered":"\n<figure class=\"wp-block-image size-large\"><img decoding=\"async\" src=\"https:\/\/www.goiania.go.gov.br\/agetul\/wp-uploads\/sites\/18\/2020\/12\/vida-ativa-1024x576.jpeg\" alt=\"\" class=\"wp-image-739\" \/><\/figure>\n\n\n\n<p>Programa criado em 1993 pelo governo municipal, atrav\u00e9s da pasta respons\u00e1vel pelo Lazer. Conforme apontado em levantamento de seu hist\u00f3rico, ap\u00f3s a constru\u00e7\u00e3o do primeiro quiosque de apoio ao caminhante sendo implantado o projeto piloto no Jardim Zool\u00f3gico pautando-se, naquela ocasi\u00e3o, sua preocupa\u00e7\u00e3o com os usu\u00e1rios de equipamentos p\u00fablicos de lazer que exercitavam-se por conta pr\u00f3pria e sem assist\u00eancia profissional. <\/p>\n\n\n\n<p>Atualmente o Caminhando com Sa\u00fade \u00e9 concebido como um programa de execu\u00e7\u00e3o de pol\u00edticas p\u00fablicas de lazer. O programa oferece, gratuitamente, aos usu\u00e1rios de equipamentos p\u00fablicos de lazer o acesso \u00e0 a\u00e7\u00f5es sistem\u00e1ticas e permanentes atrav\u00e9s de planos, metas e atividades voltados ao atendimento e interesse p\u00fablico, em rela\u00e7\u00e3o ao fen\u00f4meno do lazer como, por exemplo, diferentes manifesta\u00e7\u00f5es de atividades f\u00edsicas\/pr\u00e1ticas corporais, educa\u00e7\u00e3o popular e outras.<\/p>\n\n\n\n<p>Devido a suspens\u00e3o dos atendimentos presenciais dos Programas Caminhando Com Sa\u00fade e Vida Ativa do Departamento de Lazer da AGETUL, a continuidade do trabalho se deu a dist\u00e2ncia, com professores e alunos se adaptando a essa realidade. Foi necess\u00e1ria muita forma\u00e7\u00e3o digital por parte dos envolvidos e tanto esfor\u00e7o e dedica\u00e7\u00e3o geraram frutos com \u00f3timas perspectivas para o pr\u00f3ximo ano.<\/p>\n\n\n\n<figure class=\"wp-block-gallery columns-3 wp-block-gallery-1 is-layout-flex wp-block-gallery-is-layout-flex\"><ul class=\"blocks-gallery-grid\"><li class=\"blocks-gallery-item\"><figure><a href=\"https:\/\/www.goiania.go.gov.br\/agetul\/wp-uploads\/sites\/18\/2020\/12\/caminhando-com-saude-1.jpeg\"><img decoding=\"async\" src=\"https:\/\/www.goiania.go.gov.br\/agetul\/wp-uploads\/sites\/18\/2020\/12\/caminhando-com-saude-1-1024x576.jpeg\" alt=\"\" data-id=\"789\" data-full-url=\"https:\/\/www.goiania.go.gov.br\/agetul\/wp-uploads\/sites\/18\/2020\/12\/caminhando-com-saude-1.jpeg\" data-link=\"https:\/\/www.goiania.go.gov.br\/agetul\/lazer\/programas\/caminhando-com-saude\/caminhando-com-saude-1\/\" class=\"wp-image-789\" \/><\/a><\/figure><\/li><li class=\"blocks-gallery-item\"><figure><a href=\"https:\/\/www.goiania.go.gov.br\/agetul\/wp-uploads\/sites\/18\/2020\/12\/caminhando-com-saude-2.jpeg\"><img decoding=\"async\" src=\"https:\/\/www.goiania.go.gov.br\/agetul\/wp-uploads\/sites\/18\/2020\/12\/caminhando-com-saude-2-1024x576.jpeg\" alt=\"\" data-id=\"790\" data-full-url=\"https:\/\/www.goiania.go.gov.br\/agetul\/wp-uploads\/sites\/18\/2020\/12\/caminhando-com-saude-2.jpeg\" data-link=\"https:\/\/www.goiania.go.gov.br\/agetul\/lazer\/programas\/caminhando-com-saude\/caminhando-com-saude-2\/\" class=\"wp-image-790\" \/><\/a><\/figure><\/li><li class=\"blocks-gallery-item\"><figure><a href=\"https:\/\/www.goiania.go.gov.br\/agetul\/wp-uploads\/sites\/18\/2020\/12\/caminhando-com-saude-3.jpeg\"><img decoding=\"async\" src=\"https:\/\/www.goiania.go.gov.br\/agetul\/wp-uploads\/sites\/18\/2020\/12\/caminhando-com-saude-3-1024x576.jpeg\" alt=\"\" data-id=\"791\" data-full-url=\"https:\/\/www.goiania.go.gov.br\/agetul\/wp-uploads\/sites\/18\/2020\/12\/caminhando-com-saude-3.jpeg\" data-link=\"https:\/\/www.goiania.go.gov.br\/agetul\/lazer\/programas\/caminhando-com-saude\/caminhando-com-saude-3\/\" class=\"wp-image-791\" \/><\/a><\/figure><\/li><li class=\"blocks-gallery-item\"><figure><a href=\"https:\/\/www.goiania.go.gov.br\/agetul\/wp-uploads\/sites\/18\/2020\/12\/caminhando-com-saude-4.jpeg\"><img decoding=\"async\" src=\"https:\/\/www.goiania.go.gov.br\/agetul\/wp-uploads\/sites\/18\/2020\/12\/caminhando-com-saude-4-1024x576.jpeg\" alt=\"\" data-id=\"792\" data-full-url=\"https:\/\/www.goiania.go.gov.br\/agetul\/wp-uploads\/sites\/18\/2020\/12\/caminhando-com-saude-4.jpeg\" data-link=\"https:\/\/www.goiania.go.gov.br\/agetul\/lazer\/programas\/caminhando-com-saude\/caminhando-com-saude-4\/\" class=\"wp-image-792\" \/><\/a><\/figure><\/li><\/ul><\/figure>\n","protected":false},"excerpt":{"rendered":"<p>Programa criado em 1993 pelo governo municipal, atrav\u00e9s da pasta respons\u00e1vel pelo Lazer. Conforme apontado em levantamento de seu hist\u00f3rico, ap\u00f3s a constru\u00e7\u00e3o do primeiro quiosque de apoio ao caminhante sendo implantado o projeto piloto no Jardim Zool\u00f3gico pautando-se, naquela ocasi\u00e3o, sua preocupa\u00e7\u00e3o com os usu\u00e1rios de equipamentos p\u00fablicos de lazer que exercitavam-se por conta [&hellip;]<\/p>\n","protected":false},"author":1,"featured_media":0,"parent":161,"menu_order":5,"comment_status":"closed","ping_status":"closed","template":"","meta":{"_acf_changed":false,"custom_icon_class":"","footnotes":""},"class_list":["post-162","page","type-page","status-publish","hentry"],"acf":[],"_links":{"self":[{"href":"https:\/\/www.goiania.go.gov.br\/semel\/wp-json\/wp\/v2\/pages\/162","targetHints":{"allow":["GET"]}}],"collection":[{"href":"https:\/\/www.goiania.go.gov.br\/semel\/wp-json\/wp\/v2\/pages"}],"about":[{"href":"https:\/\/www.goiania.go.gov.br\/semel\/wp-json\/wp\/v2\/types\/page"}],"author":[{"embeddable":true,"href":"https:\/\/www.goiania.go.gov.br\/semel\/wp-json\/wp\/v2\/users\/1"}],"replies":[{"embeddable":true,"href":"https:\/\/www.goiania.go.gov.br\/semel\/wp-json\/wp\/v2\/comments?post=162"}],"version-history":[{"count":0,"href":"https:\/\/www.goiania.go.gov.br\/semel\/wp-json\/wp\/v2\/pages\/162\/revisions"}],"up":[{"embeddable":true,"href":"https:\/\/www.goiania.go.gov.br\/semel\/wp-json\/wp\/v2\/pages\/161"}],"wp:attachment":[{"href":"https:\/\/www.goiania.go.gov.br\/semel\/wp-json\/wp\/v2\/media?parent=162"}],"curies":[{"name":"wp","href":"https:\/\/api.w.org\/{rel}","templated":true}]}}