{"id":154,"date":"2022-06-27T08:43:48","date_gmt":"2020-05-18T17:58:18","guid":{"rendered":"https:\/\/www.goiania.go.gov.br\/agetul\/lazer\/"},"modified":"2025-02-03T11:11:54","modified_gmt":"2025-02-03T14:11:54","slug":"lazer","status":"publish","type":"page","link":"https:\/\/www.goiania.go.gov.br\/semel\/lazer\/","title":{"rendered":"Lazer"},"content":{"rendered":"\n<h2 class=\"wp-block-heading\"><strong>Apresenta\u00e7\u00e3o<\/strong><\/h2>\n\n\n\n<p>O Lazer \u00e9 um direito social assegurado pela Constitui\u00e7\u00e3o Federal de 1988 e pela Lei Org\u00e2nica Municipal. A AGETUL, considerando a necessidade de democratiza\u00e7\u00e3o, definida pela universaliza\u00e7\u00e3o do acesso e participa\u00e7\u00e3o nos programas e projetos p\u00fablicos de lazer, desenvolve Pol\u00edticas P\u00fablicas de Lazer atrav\u00e9s da Diretoria de Promo\u00e7\u00e3o de Eventos e Lazer e da Ger\u00eancia das Unidades e Equipamentos de Lazer.<\/p>\n\n\n\n<p>Considerando os objetivos de inclus\u00e3o social e a necessidade de contemplar diferentes estrat\u00e9gias voltadas ao acesso, incorpora\u00e7\u00e3o e integra\u00e7\u00e3o de variados segmentos sociais, s\u00e3o desenvolvidos programas permanentes de Lazer como Caminhando com Sa\u00fade e Vida Ativa, al\u00e9m de a\u00e7\u00f5es itinerantes como eventos de lazer, Mutir\u00f5es e outros.<\/p>\n\n\n\n<p>A equipe de Analistas em Cultura e Desportos e Profissionais de Educa\u00e7\u00e3o F\u00edsica da AGETUL \u00e9 composta por 18 Analistas e 2 Profissionais de Educa\u00e7\u00e3o F\u00edsica. Para acessar o perfil de cada um deles, clique no link abaixo: <\/p>\n\n\n\n<p><a href=\"https:\/\/cutt.ly\/XyWJ6uN\">https:\/\/cutt.ly\/XyWJ6uN<\/a><\/p>\n\n\n\n<p><\/p>\n","protected":false},"excerpt":{"rendered":"<p>Apresenta\u00e7\u00e3o O Lazer \u00e9 um direito social assegurado pela Constitui\u00e7\u00e3o Federal de 1988 e pela Lei Org\u00e2nica Municipal. A AGETUL, considerando a necessidade de democratiza\u00e7\u00e3o, definida pela universaliza\u00e7\u00e3o do acesso e participa\u00e7\u00e3o nos programas e projetos p\u00fablicos de lazer, desenvolve Pol\u00edticas P\u00fablicas de Lazer atrav\u00e9s da Diretoria de Promo\u00e7\u00e3o de Eventos e Lazer e da [&hellip;]<\/p>\n","protected":false},"author":1,"featured_media":0,"parent":0,"menu_order":2,"comment_status":"closed","ping_status":"closed","template":"","meta":{"_acf_changed":false,"custom_icon_class":"","footnotes":""},"class_list":["post-154","page","type-page","status-publish","hentry"],"acf":[],"_links":{"self":[{"href":"https:\/\/www.goiania.go.gov.br\/semel\/wp-json\/wp\/v2\/pages\/154","targetHints":{"allow":["GET"]}}],"collection":[{"href":"https:\/\/www.goiania.go.gov.br\/semel\/wp-json\/wp\/v2\/pages"}],"about":[{"href":"https:\/\/www.goiania.go.gov.br\/semel\/wp-json\/wp\/v2\/types\/page"}],"author":[{"embeddable":true,"href":"https:\/\/www.goiania.go.gov.br\/semel\/wp-json\/wp\/v2\/users\/1"}],"replies":[{"embeddable":true,"href":"https:\/\/www.goiania.go.gov.br\/semel\/wp-json\/wp\/v2\/comments?post=154"}],"version-history":[{"count":1,"href":"https:\/\/www.goiania.go.gov.br\/semel\/wp-json\/wp\/v2\/pages\/154\/revisions"}],"predecessor-version":[{"id":1407,"href":"https:\/\/www.goiania.go.gov.br\/semel\/wp-json\/wp\/v2\/pages\/154\/revisions\/1407"}],"wp:attachment":[{"href":"https:\/\/www.goiania.go.gov.br\/semel\/wp-json\/wp\/v2\/media?parent=154"}],"curies":[{"name":"wp","href":"https:\/\/api.w.org\/{rel}","templated":true}]}}