{"id":111,"date":"2023-02-14T09:45:01","date_gmt":"2023-02-14T12:45:01","guid":{"rendered":"https:\/\/www.goiania.go.gov.br\/smesp\/unidades-programa-esporte-bairros-2\/"},"modified":"2023-05-22T11:12:51","modified_gmt":"2023-05-22T14:12:51","slug":"unidades-de-paradesporto","status":"publish","type":"page","link":"https:\/\/www.goiania.go.gov.br\/semel\/unidades-de-paradesporto\/","title":{"rendered":"Unidades de paradesporto"},"content":{"rendered":"\n<div class=\"wp-block-group card\"><div class=\"wp-block-group__inner-container is-layout-flow wp-block-group-is-layout-flow\">\n<h1 class=\"wp-block-heading\">Modalidades e locais de aulas de paradesporto<\/h1>\n\n\n\n<div style=\"height:20px\" aria-hidden=\"true\" class=\"wp-block-spacer\"><\/div>\n\n\n\n<p><strong><em>Modalidade: Nata\u00e7\u00e3o Paral\u00edmpica<\/em><\/strong><br><strong>Local<\/strong>: Faculdade de Educa\u00e7\u00e3o F\u00edsica e Dan\u00e7a da UFG, Campus Samambaia<br><strong>Endere\u00e7o<\/strong>: Av. Esperan\u00e7a, s\/n &#8211; Ch\u00e1caras de Recreio Samambaia<br><strong>Dias<\/strong>: Segunda-feira, quarta-feira e sexta-feira<br><strong>Hor\u00e1rio<\/strong>: 08 \u00e0s 11h &#8211; 13h \u00e0s 16h30<\/p>\n\n\n\n<p><strong><em>Modalidade: GoalBall<br><\/em>Local:<\/strong>&nbsp; Sindicato dos Empregados no Com\u00e9rcio no Estado de Goi\u00e1s (Seceg) <strong>Endere\u00e7o:<\/strong> Rua A, 832, esquina com Avenida Anhanguera, 210 \u2013 Setor Leste Vila Nova<strong>Dias<\/strong>: Segunda-feira, quarta-feira e sexta-feira<strong>Hor\u00e1rio:<\/strong> 14h \u00e0s 16h30<\/p>\n\n\n\n<p><strong><em>Modalidade: Futebol de Cegos<\/em><\/strong><br><strong>Local<\/strong>: Associa\u00e7\u00e3o dos Surdos de Goi\u00e2nia<br><strong>Endere\u00e7o<\/strong>: Rua A 801, Ch\u00e1cara VI, S\/N \u2013 Osvaldo Rosa<br><strong>Dias<\/strong>: Ter\u00e7a-feira e quinta-feira<br><strong>Hor\u00e1rio<\/strong>: 17h30 \u00e0s 19h30<\/p>\n\n\n\n<p><strong><em>Modalidade: Jud\u00f4 Paral\u00edmpico<\/em><\/strong><br><strong>Local<\/strong>: CAP\/Cebrav<br><strong>Endere\u00e7o<\/strong>: Rua 134, 235 \u2013 Setor Oeste<br><strong>Dias<\/strong>: Ter\u00e7a-feira, quarta-feira e sexta-feira<br><strong>Hor\u00e1rio<\/strong>: 09h30 \u00e0s 11h30 &#8211; 13h30 \u00e0s 15h30<\/p>\n\n\n\n<p><strong><em>Modalidade: T\u00eanis de Mesa<\/em><\/strong><br><strong>Local<\/strong>: Adfego \u2013 Associa\u00e7\u00e3o dos Deficientes F\u00edsicos do Estado de Goi\u00e1s<br><strong>Endere\u00e7o<\/strong>: Avenida Independ\u00eancia, 3026 \u2013 Setor Leste Vila Nova<br><strong>Dias<\/strong>: Segunda-feira, quarta-feira e sexta-feira<br><strong>Hor\u00e1rio<\/strong>: 14h \u00e0s 17h<\/p>\n\n\n\n<p><strong><em>Modalidade: Futebol de Cegos<\/em><\/strong><br><strong>Local<\/strong>: Associa\u00e7\u00e3o dos Surdos de Goi\u00e2nia<br><strong>Endere\u00e7o<\/strong>: Rua A 801, Ch\u00e1cara VI, S\/N \u2013 Osvaldo Rosa<br><strong>Dias<\/strong>: Ter\u00e7a-feira e quinta-feira<br><strong>Hor\u00e1rio<\/strong>: 15h \u00e0s 18h (de 12 a 18 anos)<\/p>\n\n\n\n<p><strong><em>Futebol de Down<\/em><\/strong><br><strong>Local<\/strong>: Col\u00e9gio Estadual Dom Abel<br><strong>Endere\u00e7o<\/strong>: R. 260, 510 &#8211; Setor Leste Universit\u00e1rio, Goi\u00e2nia.<br><strong>Dias<\/strong>: Ter\u00e7a-feira e quinta-feira<br><strong>Hor\u00e1rio<\/strong>: 17h \u00e0s 18h30<\/p>\n\n\n\n<p><strong><em>Modalidade: Parabadminton<\/em><\/strong><br><strong>Local<\/strong>: UEG- Faculdade do Esporte-ESEFFEGO<br><strong>Endere\u00e7o<\/strong>: Avenida Oeste, 56-250 &#8211; Setor Aeroporto e Associa\u00e7\u00e3o dos Surdos de Goi\u00e2nia.<br><strong>Endere\u00e7o<\/strong>: Rua A 801, Ch\u00e1cara VI, S\/N \u2013 Osvaldo Rosa<br><strong>Dias<\/strong>: Ter\u00e7a-feira e quinta-feira<br><strong>Hor\u00e1rio<\/strong>: 15h \u00e0s 18h (de 12 a 18 anos)<\/p>\n<\/div><\/div>\n\n\n\n<h2 class=\"wp-block-heading\">Secretaria Municipal dos Esportes (SMESP) \u2013 Prefeitura de Goi\u00e2nia<\/h2>\n\n\n\n<style>\n\n.post-title{\ndisplay: none;\n}\n\n<\/style>\n","protected":false},"excerpt":{"rendered":"<p>Modalidades e locais de aulas de paradesporto Modalidade: Nata\u00e7\u00e3o Paral\u00edmpicaLocal: Faculdade de Educa\u00e7\u00e3o F\u00edsica e Dan\u00e7a da UFG, Campus SamambaiaEndere\u00e7o: Av. Esperan\u00e7a, s\/n &#8211; Ch\u00e1caras de Recreio SamambaiaDias: Segunda-feira, quarta-feira e sexta-feiraHor\u00e1rio: 08 \u00e0s 11h &#8211; 13h \u00e0s 16h30 Modalidade: GoalBallLocal:&nbsp; Sindicato dos Empregados no Com\u00e9rcio no Estado de Goi\u00e1s (Seceg) Endere\u00e7o: Rua A, 832, [&hellip;]<\/p>\n","protected":false},"author":1,"featured_media":0,"parent":0,"menu_order":1,"comment_status":"closed","ping_status":"closed","template":"page-templates\/page-sidebar-right.php","meta":{"_acf_changed":false,"custom_icon_class":"","footnotes":""},"class_list":["post-111","page","type-page","status-publish","hentry"],"acf":[],"_links":{"self":[{"href":"https:\/\/www.goiania.go.gov.br\/semel\/wp-json\/wp\/v2\/pages\/111","targetHints":{"allow":["GET"]}}],"collection":[{"href":"https:\/\/www.goiania.go.gov.br\/semel\/wp-json\/wp\/v2\/pages"}],"about":[{"href":"https:\/\/www.goiania.go.gov.br\/semel\/wp-json\/wp\/v2\/types\/page"}],"author":[{"embeddable":true,"href":"https:\/\/www.goiania.go.gov.br\/semel\/wp-json\/wp\/v2\/users\/1"}],"replies":[{"embeddable":true,"href":"https:\/\/www.goiania.go.gov.br\/semel\/wp-json\/wp\/v2\/comments?post=111"}],"version-history":[{"count":4,"href":"https:\/\/www.goiania.go.gov.br\/semel\/wp-json\/wp\/v2\/pages\/111\/revisions"}],"predecessor-version":[{"id":124,"href":"https:\/\/www.goiania.go.gov.br\/semel\/wp-json\/wp\/v2\/pages\/111\/revisions\/124"}],"wp:attachment":[{"href":"https:\/\/www.goiania.go.gov.br\/semel\/wp-json\/wp\/v2\/media?parent=111"}],"curies":[{"name":"wp","href":"https:\/\/api.w.org\/{rel}","templated":true}]}}