{"id":47,"date":"2019-07-19T17:07:03","date_gmt":"2019-07-19T20:07:03","guid":{"rendered":"http:\/\/www12.goiania.go.gov.br\/smpm\/?page_id=47"},"modified":"2019-07-19T17:07:03","modified_gmt":"2019-07-19T20:07:03","slug":"grupo-reflexivo-para-autores-de-violencia-domestica-2","status":"publish","type":"page","link":"https:\/\/www.goiania.go.gov.br\/semasdh\/grupo-reflexivo-para-autores-de-violencia-domestica-2\/","title":{"rendered":"Grupo reflexivo para autores de viol\u00eancia dom\u00e9stica"},"content":{"rendered":"\n<p>O Grupo Reflexivo para Autores de Viol\u00eancia Dom\u00e9stica re\u00fane autores de\nviol\u00eancia contra as mulheres em sess\u00f5es coletivas com ajuda psicol\u00f3gica em um\nprocesso de ressocializa\u00e7\u00e3o. O projeto \u00e9 uma parceria entre a Secretaria\nCidad\u00e3, o Tribunal de Justi\u00e7a do Estado de Goi\u00e1s (TJGO), Minist\u00e9rio P\u00fablico e\nFaculdade Universo. Os autores s\u00e3o encaminhados de forma compuls\u00f3ria pelos\nju\u00edzes dos respectivos processos julgados com base na Lei Maria da Penha. As\nsess\u00f5es s\u00e3o realizadas no Centro de Refer\u00eancia da Mulher Cora Coralina. Os\nautores dos crimes incursos na Lei Maria da Penha s\u00e3o obrigados a participar\ndas reuni\u00f5es, como uma das medidas que condicionam suas liberdades. Os grupos\nreflexivos consistem em oficinas tem\u00e1ticas ministradas por psic\u00f3logas e\nassistentes sociais. Nas sess\u00f5es, os participantes s\u00e3o levados a refletir sobre\na constru\u00e7\u00e3o dos g\u00eaneros na sociedade. S\u00e3o abordados os seguintes temas:\npossess\u00e3o, machismo, origem da viol\u00eancia, rela\u00e7\u00e3o entre homens e mulheres,\nrela\u00e7\u00e3o entre pais e filhos, masculinidade, \u00e1lcool e drogas e Lei Maria da\nPenha.<\/p>\n\n\n\n<h2 class=\"wp-block-heading\">Usu\u00e1rios\/requisitos<\/h2>\n\n\n\n<p>\n\n\n\n\n\n\n\n\n\n\n\n\n\n\n\nHomens maiores de 18 anos envolvidos em situa\u00e7\u00e3o de viol\u00eancia dom\u00e9stica\ne\/ou familiar configurada na Lei Maria da Penha. Os autores de viol\u00eancia\ndom\u00e9stica s\u00e3o encaminhados de forma compuls\u00f3ria pelos ju\u00edzes dos respectivos\nprocessos julgados com base na Lei Maria da Penha\n\n\n\n<\/p>\n\n\n\n<p><\/p>\n","protected":false},"excerpt":{"rendered":"<p>O Grupo Reflexivo para Autores de Viol\u00eancia Dom\u00e9stica re\u00fane autores de viol\u00eancia contra as mulheres em sess\u00f5es coletivas com ajuda psicol\u00f3gica em um processo de ressocializa\u00e7\u00e3o. O projeto \u00e9 uma parceria entre a Secretaria Cidad\u00e3, o Tribunal de Justi\u00e7a do Estado de Goi\u00e1s (TJGO), Minist\u00e9rio P\u00fablico e Faculdade Universo. Os autores s\u00e3o encaminhados de forma [&hellip;]<\/p>\n","protected":false},"author":1,"featured_media":0,"parent":0,"menu_order":0,"comment_status":"closed","ping_status":"closed","template":"","meta":{"_acf_changed":false,"custom_icon_class":"","footnotes":""},"class_list":["post-47","page","type-page","status-publish","hentry"],"acf":[],"_links":{"self":[{"href":"https:\/\/www.goiania.go.gov.br\/semasdh\/wp-json\/wp\/v2\/pages\/47","targetHints":{"allow":["GET"]}}],"collection":[{"href":"https:\/\/www.goiania.go.gov.br\/semasdh\/wp-json\/wp\/v2\/pages"}],"about":[{"href":"https:\/\/www.goiania.go.gov.br\/semasdh\/wp-json\/wp\/v2\/types\/page"}],"author":[{"embeddable":true,"href":"https:\/\/www.goiania.go.gov.br\/semasdh\/wp-json\/wp\/v2\/users\/1"}],"replies":[{"embeddable":true,"href":"https:\/\/www.goiania.go.gov.br\/semasdh\/wp-json\/wp\/v2\/comments?post=47"}],"version-history":[{"count":1,"href":"https:\/\/www.goiania.go.gov.br\/semasdh\/wp-json\/wp\/v2\/pages\/47\/revisions"}],"predecessor-version":[{"id":48,"href":"https:\/\/www.goiania.go.gov.br\/semasdh\/wp-json\/wp\/v2\/pages\/47\/revisions\/48"}],"wp:attachment":[{"href":"https:\/\/www.goiania.go.gov.br\/semasdh\/wp-json\/wp\/v2\/media?parent=47"}],"curies":[{"name":"wp","href":"https:\/\/api.w.org\/{rel}","templated":true}]}}