{"id":44,"date":"2019-07-19T17:05:00","date_gmt":"2019-07-19T20:05:00","guid":{"rendered":"http:\/\/www12.goiania.go.gov.br\/smpm\/?page_id=44"},"modified":"2019-07-19T17:05:01","modified_gmt":"2019-07-19T20:05:01","slug":"cursos-de-capacitacao-para-mulheres","status":"publish","type":"page","link":"https:\/\/www.goiania.go.gov.br\/semasdh\/cursos-de-capacitacao-para-mulheres\/","title":{"rendered":"Cursos de Capacita\u00e7\u00e3o para Mulheres"},"content":{"rendered":"\n<p>A Secretaria Municipal de Pol\u00edticas para as Mulheres (SMPM)\ndisponibiliza cursos de qualifica\u00e7\u00e3o profissional direcionados \u00e0s mulheres&nbsp; em situa\u00e7\u00e3o de vulnerabilidade e\/ou risco\nsocial com o objetivo de inseri-las no mercado de trabalho, contribuindo com o\nempoderamento financeiro e psicol\u00f3gico. Os cursos variam de acordo com os\nconv\u00eanios firmados. Em 2019, por meio do conv\u00eanio \u201cMulher, Trabalho e\nCidadania\u201d com o Governo Federal em parceria com o Servi\u00e7o Nacional de\nAprendizagem Industrial (Senai) est\u00e3o sendo oferecidos os seguintes cursos: <\/p>\n\n\n\n<ul class=\"wp-block-list\"><li>Assentamento de\nCer\u00e2mica<\/li><li>Panifica\u00e7\u00e3o<\/li><li>Modelagem Industrial\npara Jeans<\/li><li>Corte de Tecidos para\nConfec\u00e7\u00e3o de Roupas <\/li><li>Costura industrial<\/li><\/ul>\n\n\n\n<h2 class=\"wp-block-heading\">Usu\u00e1rias\/ requisitos<\/h2>\n\n\n\n<ul class=\"wp-block-list\"><li>Mulheres acima de 18\nanos em situa\u00e7\u00e3o de vulnerabilidade e\/ou risco social<\/li><li>Escolaridade m\u00ednima:\nensino fundamental<\/li><\/ul>\n\n\n\n<h2 class=\"wp-block-heading\">Documentos necess\u00e1rios<\/h2>\n\n\n\n<ul class=\"wp-block-list\"><li>Registro Geral \u2013 RG<\/li><li>Cadastro de Pessoa\nF\u00edsica \u2013 CPF<\/li><li>Comprovante de\nescolaridade<\/li><li>Comprovante de\nendere\u00e7o<\/li><\/ul>\n\n\n\n<p><\/p>\n","protected":false},"excerpt":{"rendered":"<p>A Secretaria Municipal de Pol\u00edticas para as Mulheres (SMPM) disponibiliza cursos de qualifica\u00e7\u00e3o profissional direcionados \u00e0s mulheres&nbsp; em situa\u00e7\u00e3o de vulnerabilidade e\/ou risco social com o objetivo de inseri-las no mercado de trabalho, contribuindo com o empoderamento financeiro e psicol\u00f3gico. Os cursos variam de acordo com os conv\u00eanios firmados. Em 2019, por meio do conv\u00eanio [&hellip;]<\/p>\n","protected":false},"author":1,"featured_media":0,"parent":0,"menu_order":0,"comment_status":"closed","ping_status":"closed","template":"","meta":{"_acf_changed":false,"custom_icon_class":"","footnotes":""},"class_list":["post-44","page","type-page","status-publish","hentry"],"acf":[],"_links":{"self":[{"href":"https:\/\/www.goiania.go.gov.br\/semasdh\/wp-json\/wp\/v2\/pages\/44","targetHints":{"allow":["GET"]}}],"collection":[{"href":"https:\/\/www.goiania.go.gov.br\/semasdh\/wp-json\/wp\/v2\/pages"}],"about":[{"href":"https:\/\/www.goiania.go.gov.br\/semasdh\/wp-json\/wp\/v2\/types\/page"}],"author":[{"embeddable":true,"href":"https:\/\/www.goiania.go.gov.br\/semasdh\/wp-json\/wp\/v2\/users\/1"}],"replies":[{"embeddable":true,"href":"https:\/\/www.goiania.go.gov.br\/semasdh\/wp-json\/wp\/v2\/comments?post=44"}],"version-history":[{"count":2,"href":"https:\/\/www.goiania.go.gov.br\/semasdh\/wp-json\/wp\/v2\/pages\/44\/revisions"}],"predecessor-version":[{"id":46,"href":"https:\/\/www.goiania.go.gov.br\/semasdh\/wp-json\/wp\/v2\/pages\/44\/revisions\/46"}],"wp:attachment":[{"href":"https:\/\/www.goiania.go.gov.br\/semasdh\/wp-json\/wp\/v2\/media?parent=44"}],"curies":[{"name":"wp","href":"https:\/\/api.w.org\/{rel}","templated":true}]}}