{"id":42,"date":"2019-07-19T16:59:55","date_gmt":"2019-07-19T19:59:55","guid":{"rendered":"http:\/\/www12.goiania.go.gov.br\/smpm\/?page_id=42"},"modified":"2019-07-19T16:59:56","modified_gmt":"2019-07-19T19:59:56","slug":"casa-abrigo-sempre-viva","status":"publish","type":"page","link":"https:\/\/www.goiania.go.gov.br\/semasdh\/casa-abrigo-sempre-viva\/","title":{"rendered":"Casa Abrigo Sempre Viva"},"content":{"rendered":"\n<p>A\nCasa Abrigo Sempre Viva oferta o servi\u00e7o de acolhimento institucional para\nmulheres v\u00edtimas de viol\u00eancia dom\u00e9stica ou nas rela\u00e7\u00f5es \u00edntimas de afeto com o\nrisco de morte, bem como de seu dependentes. O per\u00edodo de perman\u00eancia no\nservi\u00e7o \u00e9 de 90 dias, podendo ser prorrogado a crit\u00e9rio da equipe\ninterdisciplinar. A localiza\u00e7\u00e3o da Casa Abrigo Sempre Viva \u00e9 sigilosa por\nmotivo de seguran\u00e7a<\/p>\n\n\n\n<h2 class=\"wp-block-heading\"><strong>Usu\u00e1rias\/Requisitos<\/strong><\/h2>\n\n\n\n<p>Mulheres em situa\u00e7\u00e3o de\nviol\u00eancia dom\u00e9stica e familiar com risco de morte podendo estar acompanhadas:<\/p>\n\n\n\n<ol class=\"wp-block-list\"><li>De dependentes do sexo masculino, at\u00e9 doze\nanos de idade incompletos, nos termos do art. 2\u00ba da Lei n\u00ba 8.069\/1990;<\/li><li>De dependentes do sexo feminino, sem\nlimita\u00e7\u00e3o de idade;<\/li><li>Crian\u00e7as e adolescentes do sexo feminino em\nsitua\u00e7\u00e3o de viol\u00eancia dom\u00e9stica e familiar com risco de morte, somente\nacompanhados por respons\u00e1vel legal do sexo feminino.<\/li><\/ol>\n\n\n\n<p>Somente ser\u00e3o\nacolhidas mulheres e filha\/filhos que sejam encaminhadas e que assinem o Termo\nde Compromisso e responsabilidade (filhas\/filhos e patrim\u00f4nio).<\/p>\n\n\n\n<h2 class=\"wp-block-heading\"><strong>Documentos necess\u00e1rios<\/strong><\/h2>\n\n\n\n<ul class=\"wp-block-list\"><li>Registro\nGeral \u2013 RG<\/li><li>Cadastro\nde Pessoa F\u00edsica \u2013 CPF<\/li><li>Boletim\nde Ocorr\u00eancia registrado em Delegacia de Pol\u00edcia, que relata a atual situa\u00e7\u00e3o\nde risco de morte decorrente de viol\u00eancia dom\u00e9stica ou familiar<\/li><li>Exame\nde corpo e delito<\/li><li>Encaminhamento\nformal da SMPM ou of\u00edcio de encaminhamento da DEAM, conforme o caso.<\/li><\/ul>\n\n\n\n<h2 class=\"wp-block-heading\"><strong>Canais de atendimento<\/strong><\/h2>\n\n\n\n<ul class=\"wp-block-list\"><li><strong>Disque 180 &#8211; Central de Atendimento \u00e0 Mulher em Situa\u00e7\u00e3o de Viol\u00eancia. <\/strong>O servi\u00e7o<strong> <\/strong>\u00e9<strong> <\/strong>gratuito e confidencial (preserva o anonimato), oferecido pela Secretaria Nacional de Pol\u00edticas, que funciona 24 horas, todos os dias da semana, inclusive finais de semana e feriados, e pode ser acionada de qualquer lugar do Brasil. <\/li><li><strong>153 \u2013 Mulher Mais Segura (Guarda Civil Metropolitana)<\/strong><\/li><\/ul>\n\n\n\n<ul class=\"wp-block-list\"><li><strong>190\n\u2013 Patrulha Maria da Penha&nbsp; (Pol\u00edcia\nMilitar)<\/strong>&nbsp;&nbsp;&nbsp;&nbsp;&nbsp;&nbsp;&nbsp;&nbsp;&nbsp;&nbsp;&nbsp;&nbsp;&nbsp;&nbsp;&nbsp;&nbsp;&nbsp;&nbsp;&nbsp;&nbsp;&nbsp;&nbsp;&nbsp;&nbsp;&nbsp;&nbsp;&nbsp;&nbsp;&nbsp;&nbsp;&nbsp;&nbsp;&nbsp;&nbsp;&nbsp;&nbsp;&nbsp;&nbsp;&nbsp;&nbsp;&nbsp;&nbsp;&nbsp;&nbsp;&nbsp;&nbsp;&nbsp;&nbsp;&nbsp;&nbsp;&nbsp;&nbsp; <\/li><\/ul>\n\n\n\n<ul class=\"wp-block-list\"><li><strong>Delegacia\nEspecializada no Atendimento \u00e0 Mulher \u2013 1\u00aa DEAM (Regi\u00e3o Central)<\/strong><strong><br>\n<\/strong>Endere\u00e7o:Rua 24, n\u00ba\n203, Qd. 49, Lt. 27, Centro \u2013 CEP: 74030-060 \u2013 Goi\u00e2nia -GO<br>\nFones: 3201-2801 \/ 2802 \/ 2807 \/ 2818 \/ 2820<br>\nE-mail:&nbsp;<a href=\"mailto:deam-goiania@policiacivil.go.gov.br\">deam-goiania@policiacivil.go.gov.br<\/a><\/li><\/ul>\n\n\n\n<ul class=\"wp-block-list\"><li><strong>Delegacia\nEspecializada no Atendimento \u00e0 Mulher \u2013 2\u00aa DEAM (Regi\u00e3o Noroeste)<\/strong><br>\nEndere\u00e7o: Av. do Povo com Rua E, Qd. 10, Lt. 101, Jardim Curitiba-II \u2013 CEP:\n74480-110 \u2013 Goi\u00e2nia-GO<br>\nFones: 3201-6344 \/ 3201-6332 \/3201- 6331<br>\nE-mail:&nbsp;<a href=\"mailto:2deam-goiania@policiacivil.go.gov.br\">2deam-goiania@policiacivil.go.gov.br<\/a><\/li><\/ul>\n","protected":false},"excerpt":{"rendered":"<p>A Casa Abrigo Sempre Viva oferta o servi\u00e7o de acolhimento institucional para mulheres v\u00edtimas de viol\u00eancia dom\u00e9stica ou nas rela\u00e7\u00f5es \u00edntimas de afeto com o risco de morte, bem como de seu dependentes. O per\u00edodo de perman\u00eancia no servi\u00e7o \u00e9 de 90 dias, podendo ser prorrogado a crit\u00e9rio da equipe interdisciplinar. A localiza\u00e7\u00e3o da Casa [&hellip;]<\/p>\n","protected":false},"author":1,"featured_media":0,"parent":0,"menu_order":0,"comment_status":"closed","ping_status":"closed","template":"","meta":{"_acf_changed":false,"custom_icon_class":"","footnotes":""},"class_list":["post-42","page","type-page","status-publish","hentry"],"acf":[],"_links":{"self":[{"href":"https:\/\/www.goiania.go.gov.br\/semasdh\/wp-json\/wp\/v2\/pages\/42","targetHints":{"allow":["GET"]}}],"collection":[{"href":"https:\/\/www.goiania.go.gov.br\/semasdh\/wp-json\/wp\/v2\/pages"}],"about":[{"href":"https:\/\/www.goiania.go.gov.br\/semasdh\/wp-json\/wp\/v2\/types\/page"}],"author":[{"embeddable":true,"href":"https:\/\/www.goiania.go.gov.br\/semasdh\/wp-json\/wp\/v2\/users\/1"}],"replies":[{"embeddable":true,"href":"https:\/\/www.goiania.go.gov.br\/semasdh\/wp-json\/wp\/v2\/comments?post=42"}],"version-history":[{"count":2,"href":"https:\/\/www.goiania.go.gov.br\/semasdh\/wp-json\/wp\/v2\/pages\/42\/revisions"}],"predecessor-version":[{"id":57,"href":"https:\/\/www.goiania.go.gov.br\/semasdh\/wp-json\/wp\/v2\/pages\/42\/revisions\/57"}],"wp:attachment":[{"href":"https:\/\/www.goiania.go.gov.br\/semasdh\/wp-json\/wp\/v2\/media?parent=42"}],"curies":[{"name":"wp","href":"https:\/\/api.w.org\/{rel}","templated":true}]}}