{"id":4,"date":"2019-06-05T11:34:16","date_gmt":"2019-06-05T14:34:16","guid":{"rendered":"http:\/\/localhost\/goiania-site\/public_html\/secbase\/?page_id=81"},"modified":"2019-08-05T10:17:04","modified_gmt":"2019-08-05T13:17:04","slug":"sobre-a-secretaria","status":"publish","type":"page","link":"https:\/\/www.goiania.go.gov.br\/semasdh\/sobre-a-secretaria\/","title":{"rendered":"Sobre a Secretaria"},"content":{"rendered":"\n<p>\n\nA Secretaria Municipal de Pol\u00edticas para as Mulheres (SMPM) \u00e9 um \u00f3rg\u00e3o da Prefeitura de Goi\u00e2nia respons\u00e1vel em propor, elaborar e coordenar a\u00e7\u00f5es, programas e projetos de pol\u00edticas p\u00fablicas, a fim de contribuir para a diminui\u00e7\u00e3o de todas as formas de discrimina\u00e7\u00e3o e preconceitos praticados contra as mulheres. \u00d3rg\u00e3o foi criado em 24 de novembro de 2011, pela Lei Complementar n\u00ba 221, aprovada por unanimidade na C\u00e2mara Municipal de Goi\u00e2nia, atendendo&nbsp;reivindica\u00e7\u00e3o das mulheres goianienses.&nbsp;Com o objetivo de implantar pol\u00edticas para as mulheres, reduzir a desigualdade de g\u00eanero; promover a sa\u00fade plena e a garantia de direitos \u00e0 participa\u00e7\u00e3o pol\u00edtica, ao trabalho, \u00e0 renda, \u00e0 cultura, ao lazer e aos demais direitos, a Secretaria da Mulher j\u00e1&nbsp;realizou diversas a\u00e7\u00f5es e&nbsp;conta com o Conselho Municipal de Direitos da Mulher (CMDM) para alcan\u00e7ar este objetivo.&nbsp;<\/p>\n\n\n\n<p>A SMPM\u00a0promove a\u00e7\u00f5es de\u00a0combate ao ass\u00e9dio sexual e moral atrav\u00e9s de campanhas de esclarecimento, lei punitiva e ouvidoria; implanta\u00e7\u00e3o do programa de qualifica\u00e7\u00e3o para as mulheres; fortalecimento da rede de atendimento \u00e0s mulheres v\u00edtimas de viol\u00eancia; cria\u00e7\u00e3o de pol\u00edticas de transversalidade de atendimento \u00e0 mulher; amplia\u00e7\u00e3o do programa de habita\u00e7\u00e3o para mulheres, entre outras.\u00a0\u00a0Cursos de capacita\u00e7\u00e3o, palestras, semin\u00e1rios e debates em diversas entidades p\u00fablicas e privadas da cidade de Goi\u00e2nia tamb\u00e9m s\u00e3o disponibilizados pela secretaria. A\u00e7\u00f5es que buscam esclarecer e empoderar as mulheres na conquista de seu espa\u00e7o dentro da sociedade.\u00a0Atualmente, a SMPM possui o Centro de Refer\u00eancia Cora Coralina &#8211; um espa\u00e7o de orienta\u00e7\u00e3o social, psicol\u00f3gica e jur\u00eddica \u00e0s mulheres em situa\u00e7\u00e3o de viol\u00eancia ou de qualquer outra vulnerabilidade de g\u00eanero, que funciona tanto em sua sede, quanto na forma itinerante. O espa\u00e7o proporciona o atendimento necess\u00e1rio \u00e0 supera\u00e7\u00e3o da situa\u00e7\u00e3o em que se encontram as mulheres e contribui para o resgate da cidadania.\u00a0A SMPM tamb\u00e9m conta com\u00a0a Casa Abrigo Sempre Viva, um local que abriga mulheres que est\u00e3o sob amea\u00e7a de morte.\u00a0Para ter acesso \u00e0 casa, a mulher precisa procurar as Delegacias Especializadas no Atendimento \u00e0 Mulher para avaliar\u00a0se ela enquadra nas normas do regimento interno da casa e de acordo com as normas t\u00e9cnicas do Governo Federal.\u00a0A partir da\u00ed, a delegacia entra em contato com a equipe da casa, que realiza a triagem e verifica a disponibilidade de receber essa mulher. <\/p>\n","protected":false},"excerpt":{"rendered":"<p>A Secretaria Municipal de Pol\u00edticas para as Mulheres (SMPM) \u00e9 um \u00f3rg\u00e3o da Prefeitura de Goi\u00e2nia respons\u00e1vel em propor, elaborar e coordenar a\u00e7\u00f5es, programas e projetos de pol\u00edticas p\u00fablicas, a fim de contribuir para a diminui\u00e7\u00e3o de todas as formas de discrimina\u00e7\u00e3o e preconceitos praticados contra as mulheres. \u00d3rg\u00e3o foi criado em 24 de novembro [&hellip;]<\/p>\n","protected":false},"author":1,"featured_media":0,"parent":0,"menu_order":0,"comment_status":"closed","ping_status":"closed","template":"","meta":{"_acf_changed":false,"custom_icon_class":"","footnotes":""},"class_list":["post-4","page","type-page","status-publish","hentry"],"acf":[],"_links":{"self":[{"href":"https:\/\/www.goiania.go.gov.br\/semasdh\/wp-json\/wp\/v2\/pages\/4","targetHints":{"allow":["GET"]}}],"collection":[{"href":"https:\/\/www.goiania.go.gov.br\/semasdh\/wp-json\/wp\/v2\/pages"}],"about":[{"href":"https:\/\/www.goiania.go.gov.br\/semasdh\/wp-json\/wp\/v2\/types\/page"}],"author":[{"embeddable":true,"href":"https:\/\/www.goiania.go.gov.br\/semasdh\/wp-json\/wp\/v2\/users\/1"}],"replies":[{"embeddable":true,"href":"https:\/\/www.goiania.go.gov.br\/semasdh\/wp-json\/wp\/v2\/comments?post=4"}],"version-history":[{"count":7,"href":"https:\/\/www.goiania.go.gov.br\/semasdh\/wp-json\/wp\/v2\/pages\/4\/revisions"}],"predecessor-version":[{"id":114,"href":"https:\/\/www.goiania.go.gov.br\/semasdh\/wp-json\/wp\/v2\/pages\/4\/revisions\/114"}],"wp:attachment":[{"href":"https:\/\/www.goiania.go.gov.br\/semasdh\/wp-json\/wp\/v2\/media?parent=4"}],"curies":[{"name":"wp","href":"https:\/\/api.w.org\/{rel}","templated":true}]}}