{"id":350,"date":"2020-03-02T09:21:57","date_gmt":"2020-03-02T12:21:57","guid":{"rendered":"https:\/\/www12.goiania.go.gov.br\/smpm\/nucleo-especializado-de-atendimento-a-servidora\/denuncia-violencia-contra-a-mulher\/"},"modified":"2020-03-02T09:31:29","modified_gmt":"2020-03-02T12:31:29","slug":"denuncia-violencia-contra-a-mulher","status":"publish","type":"page","link":"https:\/\/www.goiania.go.gov.br\/semasdh\/nucleo-especializado-de-atendimento-a-servidora\/denuncia-violencia-contra-a-mulher\/","title":{"rendered":"Den\u00fancia de viol\u00eancia contra \u00e0 Mulher"},"content":{"rendered":"\n<p>Voc\u00ea conhece algu\u00e9m ou j\u00e1 foi v\u00edtima de qualquer situa\u00e7\u00e3o, baseada no g\u00eanero, que envolveu viol\u00eancia f\u00edsica, sexual, psicol\u00f3gica, moral ou econ\u00f4mica?<br> <br> Isso \u00e9 viol\u00eancia contra a mulher. E viol\u00eancia contra mulher \u00e9 crime.<\/p>\n\n\n\n<p>O N\u00facleo Especializado de Atendimento \u00e0 Servidora quer ouvir e ajudar\nvoc\u00ea. N\u00e3o se cale! Se voc\u00ea \u00e9 v\u00edtima de viol\u00eancia contra a mulher, fale conosco\npelo formul\u00e1rio abaixo:<\/p>\n","protected":false},"excerpt":{"rendered":"<p>Voc\u00ea conhece algu\u00e9m ou j\u00e1 foi v\u00edtima de qualquer situa\u00e7\u00e3o, baseada no g\u00eanero, que envolveu viol\u00eancia f\u00edsica, sexual, psicol\u00f3gica, moral ou econ\u00f4mica? Isso \u00e9 viol\u00eancia contra a mulher. E viol\u00eancia contra mulher \u00e9 crime. O N\u00facleo Especializado de Atendimento \u00e0 Servidora quer ouvir e ajudar voc\u00ea. N\u00e3o se cale! Se voc\u00ea \u00e9 v\u00edtima de viol\u00eancia [&hellip;]<\/p>\n","protected":false},"author":1,"featured_media":0,"parent":287,"menu_order":0,"comment_status":"closed","ping_status":"closed","template":"","meta":{"_acf_changed":false,"custom_icon_class":"","footnotes":""},"class_list":["post-350","page","type-page","status-publish","hentry"],"acf":[],"_links":{"self":[{"href":"https:\/\/www.goiania.go.gov.br\/semasdh\/wp-json\/wp\/v2\/pages\/350","targetHints":{"allow":["GET"]}}],"collection":[{"href":"https:\/\/www.goiania.go.gov.br\/semasdh\/wp-json\/wp\/v2\/pages"}],"about":[{"href":"https:\/\/www.goiania.go.gov.br\/semasdh\/wp-json\/wp\/v2\/types\/page"}],"author":[{"embeddable":true,"href":"https:\/\/www.goiania.go.gov.br\/semasdh\/wp-json\/wp\/v2\/users\/1"}],"replies":[{"embeddable":true,"href":"https:\/\/www.goiania.go.gov.br\/semasdh\/wp-json\/wp\/v2\/comments?post=350"}],"version-history":[{"count":5,"href":"https:\/\/www.goiania.go.gov.br\/semasdh\/wp-json\/wp\/v2\/pages\/350\/revisions"}],"predecessor-version":[{"id":356,"href":"https:\/\/www.goiania.go.gov.br\/semasdh\/wp-json\/wp\/v2\/pages\/350\/revisions\/356"}],"up":[{"embeddable":true,"href":"https:\/\/www.goiania.go.gov.br\/semasdh\/wp-json\/wp\/v2\/pages\/287"}],"wp:attachment":[{"href":"https:\/\/www.goiania.go.gov.br\/semasdh\/wp-json\/wp\/v2\/media?parent=350"}],"curies":[{"name":"wp","href":"https:\/\/api.w.org\/{rel}","templated":true}]}}