{"id":287,"date":"2020-02-27T14:55:59","date_gmt":"2020-02-27T17:55:59","guid":{"rendered":"https:\/\/www12.goiania.go.gov.br\/smpm\/?page_id=287"},"modified":"2022-03-30T17:31:49","modified_gmt":"2022-03-30T20:31:49","slug":"nucleo-especializado-de-atendimento-a-servidora","status":"publish","type":"page","link":"https:\/\/www.goiania.go.gov.br\/semasdh\/nucleo-especializado-de-atendimento-a-servidora\/","title":{"rendered":"N\u00facleo Especializado de Atendimento \u00e0 Servidora"},"content":{"rendered":"\n<script>\n    (function () {\n        setTimeout(function() {\n            document.querySelector('.container .content-group .content-right').style.display = 'none';\n            document.querySelector('.container .content-group .content-left .titulo').style.textAlign = 'center';\n            document.querySelector('.container .content-group .content-left .titulo').style.textTransform = 'uppercase';\n            document.querySelector('.container .content-group .content-left .titulo').style.fontFamily = 'Montserrat';\n        }, 500);\n    })()\n<\/script>\n\n<style>\n    .flip-card {\n        width: 272px;\n        height: 310px;\n        background-color: transparent;\n        perspective: 1000px;\n    }\n\n    .flip-card-inner {\n        width: 100%;\n        height: 100%;\n        position: relative;\n        transition: transform 0.6s;\n        transform-style: preserve-3d;\n    }\n\n    .flip-card:hover .flip-card-inner {\n        transform: rotateY(180deg);\n    }\n\n    .flip-card-front h3 {\n        text-shadow: 0 2px 2px rgba(0, 0, 0, 0.1);\n    }\n\n    .flip-card-front,\n    .flip-card-back {\n        position: absolute;\n        width: 100%;\n        height: 100%;\n        backface-visibility: hidden;\n        border-radius: 10px;\n        box-shadow: 0 2px 2px rgba(0, 0, 0, 0.15);\n        font-family: 'Montserrat', 'Arial', 'sans-serif';\n    }\n\n    .flip-card-back {\n        padding: 20px 20px 25px;\n        transform: rotateY(180deg);\n    }\n\n    .flip-card .flip-card-inner .flip-card-back a {\n        box-shadow: 0 2px 2px rgba(0, 0, 0, 0.15);\n        text-shadow: 0 2px 2px rgba(0, 0, 0, 0.1);\n    }\n\n    .flip-card .flip-card-inner .flip-card-back a:hover {\n        background-color: #31997D !important;\n    }\n\n    .container-ouvidoria {\n        font-family: 'Montserrat', 'Arial', 'sans-serif';\n    }\n\n    p {\n        margin-bottom: 0 !important;\n    }\n\n    @media only screen and (max-width: 1000px) {\n        .container-cards {\n            flex-wrap: wrap;\n        }\n\n        .container-cards .flip-card {\n            width: calc(50% - 10px);\n            margin-right: 20px;\n            margin-bottom: 20px;\n        }\n\n        .container-cards .flip-card:nth-child(2n) {\n            margin-right: 0;\n        }\n\n        .container-cards .flip-card:nth-child(3) {\n        .container-cards .flip-card:last-child {\n            margin-bottom: 0;\n        }\n    }\n\n    @media only screen and (max-width: 767px) {\n        .container-cards .flip-card {\n            width: 100%;\n            margin-right: 0;\n            margin-bottom: 20px;\n        }\n\n        .container-cards .flip-card:nth-child(3) {\n            margin-bottom: 20px;\n        }\n\n        .container-ouvidoria .card-ouvidoria {\n            width: 100% !important;\n            margin-bottom: 40px !important;\n        }\n\n        .container-ouvidoria .card-ouvidoria:last-child {\n            margin-bottom: 0 !important;\n        }\n    }\n<\/style>\n\n<p style=\"font-family: 'Montserrat', 'Arial', 'sans-serif'; max-width: 1000px; margin: 0 auto; text-align: center\" class=\"flex x-center y-center texto\">\nA valoriza\u00e7\u00e3o da mulher no ambiente de trabalho \u00e9 necess\u00e1ria. Temos o dever de prevenir, combater e punir os casos de ass\u00e9dio moral, ass\u00e9dio sexual, importuna\u00e7\u00e3o sexual e viol\u00eancia contra a mulher. Mostrar que este \u00e9 um assunto t\u00e3o s\u00e9rio que pode levar o agressor \u00e0 pris\u00e3o.\n<\/p>\n<p style=\"font-family: 'Montserrat', 'Arial', 'sans-serif'; max-width: 1000px; margin: 0 auto; text-align: center\" class=\"flex x-center y-center texto\">\nAss\u00e9dio moral \u00e9 crime. Ass\u00e9dio sexual \u00e9 crime. Importuna\u00e7\u00e3o sexual e viol\u00eancia tamb\u00e9m.\n<\/p>\n<p style=\"font-family: 'Montserrat', 'Arial', 'sans-serif'; max-width: 1000px; margin: 0 auto; text-align: center\" class=\"flex x-center y-center texto\">\nCriamos este espa\u00e7o de di\u00e1logo para voc\u00ea tirar as suas d\u00favidas, se orientar e saber o que fazer diante de qualquer uma dessas situa\u00e7\u00f5es.\n<\/p>\n<p style=\"font-family: 'Montserrat', 'Arial', 'sans-serif'; max-width: 1000px; margin: 0 auto; text-align: center\" class=\"flex x-center y-center texto\">\nSolte a sua voz. Se voc\u00ea \u00e9 v\u00edtima, n\u00e3o se cale.\n<\/p>\n<p style=\"font-family: 'Montserrat', 'Arial', 'sans-serif'; max-width: 1000px; margin: 0 auto; text-align: center\" class=\"flex x-center y-center texto\">\nDenuncie ao N\u00facleo de Atendimento Especializado \u00e0 Mulher.\n<\/p>\n\n<div style=\"margin: 40px auto 50px\" class=\"container-cards flex space-between\">\n\n    <div class=\"flip-card\">\n        <div class=\"flip-card-inner\">\n            <div style=\"background-color: #4D5984;\" class=\"flip-card-front flex x-center y-center\">\n                <h3 style=\"text-align: center\" class=\"fs-24 white bold\">\n                    Ass\u00e9dio<br> Moral<\/h3>\n            <\/div>\n            <div style=\"background-color: #4D5984;\" class=\"flip-card-back flex column y-center space-between\">\n                <p style=\"text-align: center; line-height: 20px\" class=\"white fs-16\">\n                    Voc\u00ea conhece algu\u00e9m ou j\u00e1 foi colocada muitas vezes em situa\u00e7\u00f5es humilhantes e\n                    constrangedoras que ofereceram risco ao seu emprego ou bem-estar f\u00edsico e psicol\u00f3gico?\n                    <br><br>\n                    Isso \u00e9 ass\u00e9dio moral. E ass\u00e9dio \u00e9 crime.\n                <\/p>\n                <a href=\"https:\/\/www12.goiania.go.gov.br\/sing_transparencia\/denuncia\/?filtro_simplificado=categoria&amp;departamento=25&amp;assunto=6\" target=\"_blank\" style=\"background-color: #36B593; width: 164px; height: 30px; border-radius: 15px;\" class=\"white uppercase bold fs-14 flex x-center y-center\" rel=\"noopener noreferrer\">DENUNCIE<\/a>\n            <\/div>\n        <\/div>\n    <\/div>\n\n    <div class=\"flip-card\">\n        <div class=\"flip-card-inner\">\n            <div style=\"background-color: #DA444D;\" class=\"flip-card-front flex x-center y-center\">\n                <h3 style=\"text-align: center\" class=\"fs-24 white bold\">\n                    Ass\u00e9dio<br> Sexual<\/h3>\n            <\/div>\n            <div style=\"background-color: #DA444D;\" class=\"flip-card-back flex column y-center space-between\">\n                <p style=\"text-align: center; line-height: 20px\" class=\"white fs-16\">\n                    Voc\u00ea j\u00e1 presenciou ou foi alvo de piadas, coment\u00e1rios, amea\u00e7as, chantagens, propostas\n                    contra sua vontade ou qualquer situa\u00e7\u00e3o em que teve de negar favores sexuais no\n                    trabalho?\n                    <br><br>\n                    Isso \u00e9 ass\u00e9dio sexual. E ass\u00e9dio \u00e9 crime.\n                <\/p>\n                <a href=\"https:\/\/www12.goiania.go.gov.br\/sing_transparencia\/denuncia\/?filtro_simplificado=categoria&amp;departamento=25&amp;assunto=7\" target=\"_blank\" style=\"background-color: #36B593; width: 164px; height: 30px; border-radius: 15px;\" class=\"white uppercase bold fs-14 flex x-center y-center\" rel=\"noopener noreferrer\">DENUNCIE<\/a>\n            <\/div>\n        <\/div>\n    <\/div>\n\n    <div class=\"flip-card\">\n        <div class=\"flip-card-inner\">\n            <div style=\"background-color: #94A550;\" class=\"flip-card-front flex x-center y-center\">\n                <h3 style=\"text-align: center\" class=\"fs-24 white bold\">\n                    Importuna\u00e7\u00e3o<br> Sexual<\/h3>\n            <\/div>\n            <div style=\"background-color: #94A550;\" class=\"flip-card-back flex column y-center space-between\">\n                <p style=\"text-align: center; line-height: 20px\" class=\"white fs-16\">\n                    Voc\u00ea j\u00e1 viu ou sofreu apalpadas, toques, beijos for\u00e7ados ou atos de natureza libidinosa\n                    em p\u00fablico e sem o seu consentimento?\n                    <br><br><br>\n                    Isso \u00e9 importuna\u00e7\u00e3o sexual. E importuna\u00e7\u00e3o sexual \u00e9 crime.\n                <\/p>\n                <a href=\"https:\/\/www12.goiania.go.gov.br\/sing_transparencia\/denuncia\/?filtro_simplificado=categoria&amp;departamento=25&amp;assunto=146\" target=\"_blank\" style=\"background-color: #36B593; width: 164px; height: 30px; border-radius: 15px;\" class=\"white uppercase bold fs-14 flex x-center y-center\" rel=\"noopener noreferrer\">DENUNCIE<\/a>\n            <\/div>\n        <\/div>\n    <\/div>\n\n    <div class=\"flip-card\">\n        <div class=\"flip-card-inner\">\n            <div style=\"background-color: #E09D5E;\" class=\"flip-card-front flex x-center y-center\">\n                <h3 style=\"text-align: center\" class=\"fs-24 white bold\">\n                    Viol\u00eancia contra<br> \u00e0 Mulher<\/h3>\n            <\/div>\n            <div style=\"background-color: #E09D5E;\" class=\"flip-card-back flex column y-center space-between\">\n                <p style=\"text-align: center; line-height: 20px\" class=\"white fs-16\">\n                    Voc\u00ea conhece algu\u00e9m ou j\u00e1 foi v\u00edtima de qualquer situa\u00e7\u00e3o, baseada no g\u00eanero, que\n                    envolveu viol\u00eancia f\u00edsica, sexual, psicol\u00f3gica, moral ou econ\u00f4mica?\n                    <br><br>\n                    Isso \u00e9 viol\u00eancia contra a mulher. E viol\u00eancia contra mulher \u00e9 crime.\n                <\/p>\n                <a href=\"https:\/\/www12.goiania.go.gov.br\/smpm\/nucleo-especializado-de-atendimento-a-servidora\/denuncia-violencia-contra-a-mulher\/\" target=\"_blank\" style=\"background-color: #36B593; width: 164px; height: 30px; border-radius: 15px;\" class=\"white uppercase bold fs-14 flex x-center y-center\" rel=\"noopener noreferrer\">DENUNCIE<\/a>\n            <\/div>\n        <\/div>\n    <\/div>\n\n<\/div>\n\n<h2 style=\"font-family: 'Montserrat', 'Arial', 'sans-serif'; color: #31997D; text-align: center;\" class=\"bold flex x-center y-center uppercase fs-24\">QUEREMOS SABER A SUA\n    HIST\u00d3RIA. DENUNCIE!<\/h2>\n<span style=\"font-family: 'Montserrat', 'Arial', 'sans-serif'; color: #4D4D4D; text-align: center;\" class=\"flex x-center y-center\">As den\u00fancias podem ser feitas de forma an\u00f4nima.<\/span>\n\n<h3 style=\"font-family: 'Montserrat', 'Arial', 'sans-serif'; color: #31997D; margin: 20px auto 35px; text-align: center;\" class=\"bold flex x-center y-center uppercase fs-20\">FALE\n    COM A OUVIDORIA DA MULHER<\/h3>\n\n<div style=\"margin-bottom: 80px;\" class=\"container-ouvidoria flex wrap\">\n    <div style=\"width: 50%; margin-bottom: 86px; padding-right: 30px;\" class=\"card-ouvidoria flex\">\n        <div style=\"min-width: 90px; height: 90px; border-radius: 15px; background-color: #D7F0EA; margin-right: 30px\" class=\"icone-ouvidoria flex x-center y-center\">\n            <i style=\"color: #31997D; width: 54px; height: 54px; background: url('images\/internet.svg') center \/ cover no-repeat;\"><\/i>\n        <\/div>\n        <div class=\"container-info\">\n            <h4 style=\"color: #31997D; margin-bottom: 8px;\" class=\"fs-18 bold uppercase\">PELA INTERNET<\/h4>\n            <p style=\"color: #4D4D4D; line-height: 20px;\">Clicando em um dos cards acima.<\/p>\n        <\/div>\n    <\/div>\n    <div style=\"width: 50%; margin-bottom: 86px;\" class=\"card-ouvidoria flex\">\n        <div style=\"min-width: 90px; height: 90px; border-radius: 15px; background-color: #D7F0EA; margin-right: 30px\" class=\"icone-ouvidoria flex x-center y-center\">\n            <i style=\"color: #31997D; width: 54px; height: 54px; background: url('images\/fone.svg') center \/ cover no-repeat;\"><\/i>\n        <\/div>\n        <div class=\"container-info\">\n            <h4 style=\"color: #31997D; margin-bottom: 8px;\" class=\"fs-18 bold uppercase\">POR TELEFONE<\/h4>\n            <p style=\"color: #4D4D4D; line-height: 20px;\">Em caso de ass\u00e9dio ou importuna\u00e7\u00e3o: <b><a href=\"tel:6235244072\">62\n                        3524 4072<\/a><\/b><\/p>\n            <p style=\"color: #4D4D4D; line-height: 20px;\">Em caso de viol\u00eancia contra mulher: <b><a href=\"tel:6235241313\">62\n                        3524 1313<\/a><\/b><\/p>\n        <\/div>\n    <\/div>\n    <div style=\"width: 50%; padding-right: 30px;\" class=\"card-ouvidoria flex\">\n        <div style=\"min-width: 90px; height: 90px; border-radius: 15px; background-color: #D7F0EA; margin-right: 30px\" class=\"icone-ouvidoria flex x-center y-center\">\n            <i style=\"color: #31997D; width: 54px; height: 41px; background: url('images\/email.svg') center \/ cover no-repeat;\"><\/i>\n        <\/div>\n        <div class=\"container-info\">\n            <h4 style=\"color: #31997D; margin-bottom: 8px;\" class=\"fs-18 bold uppercase\">POR CARTA<\/h4>\n            <p style=\"color: #4D4D4D; line-height: 20px;\"><b>Em caso de ass\u00e9dio ou importuna\u00e7\u00e3o:<\/b> Av. do\n                Cerrado, n. 999,\n                Bloco C, 1\u00ba Andar, Parque Lozandes, Goi\u00e2nia, GO<\/p>\n            <p style=\"color: #4D4D4D; line-height: 20px;\"><b>Em caso de viol\u00eancia contra mulher:<\/b> Rua\n                16-A, n. 350, St.\n                Aeroporto, Goi\u00e2nia, GO<\/p>\n        <\/div>\n    <\/div>\n    <div style=\"width: 50%\" class=\"card-ouvidoria flex\">\n        <div style=\"min-width: 90px; height: 90px; border-radius: 15px; background-color: #D7F0EA; margin-right: 30px\" class=\"icone-ouvidoria flex x-center y-center\">\n            <i style=\"color: #31997D; width: 54px; height: 54px; background: url('images\/pessoal.svg') center \/ cover no-repeat;\"><\/i>\n        <\/div>\n        <div class=\"container-info\">\n            <h4 style=\"color: #31997D; margin-bottom: 8px;\" class=\"fs-18 bold uppercase\">\n                PRESENCIALMENTE<\/h4>\n            <p style=\"color: #4D4D4D; line-height: 20px;\"><b>Em caso de ass\u00e9dio ou importuna\u00e7\u00e3o:<\/b> Av. do\n                Cerrado, n. 999,\n                Bloco C, 1\u00ba Andar, Parque Lozandes, Goi\u00e2nia, GO<\/p>\n            <p style=\"color: #4D4D4D; line-height: 20px;\"><b>Em caso de viol\u00eancia contra mulher:<\/b> Rua\n                16-A, n. 350, St.\n                Aeroporto, Goi\u00e2nia, GO<\/p>\n        <\/div>\n    <\/div>\n<\/div>\n","protected":false},"excerpt":{"rendered":"<p>A valoriza\u00e7\u00e3o da mulher no ambiente de trabalho \u00e9 necess\u00e1ria. Temos o dever de prevenir, combater e punir os casos de ass\u00e9dio moral, ass\u00e9dio sexual, importuna\u00e7\u00e3o sexual e viol\u00eancia contra a mulher. Mostrar que este \u00e9 um assunto t\u00e3o s\u00e9rio que pode levar o agressor \u00e0 pris\u00e3o. Ass\u00e9dio moral \u00e9 crime. Ass\u00e9dio sexual \u00e9 crime. [&hellip;]<\/p>\n","protected":false},"author":1,"featured_media":0,"parent":0,"menu_order":0,"comment_status":"closed","ping_status":"closed","template":"page-templates\/page-empty.php","meta":{"_acf_changed":false,"custom_icon_class":"","footnotes":""},"class_list":["post-287","page","type-page","status-publish","hentry"],"acf":[],"_links":{"self":[{"href":"https:\/\/www.goiania.go.gov.br\/semasdh\/wp-json\/wp\/v2\/pages\/287","targetHints":{"allow":["GET"]}}],"collection":[{"href":"https:\/\/www.goiania.go.gov.br\/semasdh\/wp-json\/wp\/v2\/pages"}],"about":[{"href":"https:\/\/www.goiania.go.gov.br\/semasdh\/wp-json\/wp\/v2\/types\/page"}],"author":[{"embeddable":true,"href":"https:\/\/www.goiania.go.gov.br\/semasdh\/wp-json\/wp\/v2\/users\/1"}],"replies":[{"embeddable":true,"href":"https:\/\/www.goiania.go.gov.br\/semasdh\/wp-json\/wp\/v2\/comments?post=287"}],"version-history":[{"count":21,"href":"https:\/\/www.goiania.go.gov.br\/semasdh\/wp-json\/wp\/v2\/pages\/287\/revisions"}],"predecessor-version":[{"id":357,"href":"https:\/\/www.goiania.go.gov.br\/semasdh\/wp-json\/wp\/v2\/pages\/287\/revisions\/357"}],"wp:attachment":[{"href":"https:\/\/www.goiania.go.gov.br\/semasdh\/wp-json\/wp\/v2\/media?parent=287"}],"curies":[{"name":"wp","href":"https:\/\/api.w.org\/{rel}","templated":true}]}}