{"id":15,"date":"2019-07-10T09:46:24","date_gmt":"2019-07-10T12:46:24","guid":{"rendered":"http:\/\/www12.goiania.go.gov.br\/smpm\/?page_id=15"},"modified":"2024-01-29T16:28:15","modified_gmt":"2024-01-29T19:28:15","slug":"centro-de-referencia-cora-coralina","status":"publish","type":"page","link":"https:\/\/www.goiania.go.gov.br\/semasdh\/centro-de-referencia-cora-coralina\/","title":{"rendered":"Centro de Refer\u00eancia Cora Coralina"},"content":{"rendered":"\n<p>O Centro de Refer\u00eancia de Atendimento \u00e0 Mulher Cora Coralina oferta o\nacolhimento e acompanhamento interdisciplinar (social, psicol\u00f3gico e de\norienta\u00e7\u00e3o jur\u00eddica) \u00e0s mulheres em situa\u00e7\u00e3o de viol\u00eancia de g\u00eanero para\npromover e assegurar o fortalecimento da autoestima e autonomia, bem como o\nresgate da cidadania e preven\u00e7\u00e3o, interrup\u00e7\u00e3o e supera\u00e7\u00e3o das situa\u00e7\u00f5es de\nviol\u00eancia de direitos.<\/p>\n\n\n\n<hr class=\"wp-block-separator\"\/>\n\n\n\n<h2 class=\"wp-block-heading\"><strong>Centro de Refer\u00eancia Cora Coralina &#8211; Itinerante<\/strong><\/h2>\n\n\n\n<figure class=\"wp-block-gallery aligncenter has-nested-images columns-0 is-cropped wp-block-gallery-1 is-layout-flex wp-block-gallery-is-layout-flex\">\n<figure class=\"wp-block-image\"><img loading=\"lazy\" decoding=\"async\" width=\"308\" height=\"213\" data-id=\"186\" src=\"http:\/\/www12.goiania.go.gov.br\/smpm\/wp-uploads\/sites\/10\/2019\/08\/IMG-6293.jpg-30x-30.jpg\" alt=\"\" class=\"wp-image-186\" srcset=\"https:\/\/www.goiania.go.gov.br\/semasdh\/wp-content\/uploads\/sites\/10\/2019\/08\/IMG-6293.jpg-30x-30.jpg 308w, https:\/\/www.goiania.go.gov.br\/semasdh\/wp-content\/uploads\/sites\/10\/2019\/08\/IMG-6293.jpg-30x-30-300x207.jpg 300w\" sizes=\"auto, (max-width: 308px) 100vw, 308px\" \/><\/figure>\n<\/figure>\n\n\n\n<p> O Centro de Refer\u00eancia de Atendimento \u00e0 Mulher Cora Coralina tamb\u00e9m oferece a\u00e7\u00f5es de preven\u00e7\u00f5es \u00e0s situa\u00e7\u00f5es de viol\u00eancia de g\u00eanero por meio de palestras, cursos e oficinas em diversas \u00e1reas e em parcerias com outras institui\u00e7\u00f5es. O Centro de Refer\u00eancia de Atendimento \u00e0 Mulher Cora Coralina tamb\u00e9m \u00e9 itinerante, onde a equipe&nbsp; se desloca at\u00e9 o destino por meio de uma van com o objetivo de levar orienta\u00e7\u00f5es e&nbsp; atendimento jur\u00eddico, psicol\u00f3gico e social \u00e0s mulheres que n\u00e3o t\u00eam&nbsp; conhecimento sobre os servi\u00e7os prestados&nbsp; pela secretaria ou n\u00e3o t\u00eam condi\u00e7\u00f5es&nbsp; de ir ate a sede do \u00f3rg\u00e3o<\/p>\n\n\n\n<p><strong>CANAL DE ATENDIMENTO<\/strong><\/p>\n\n\n\n<p><strong>Endere\u00e7o: Rua 8 com Rua 9, n\u00famero 558 \u2013 Setor Oeste Edif\u00edcio Small Tower<\/strong><\/p>\n\n\n\n<p><strong>Telefone: (62) 3524-2933 \/ 3524-2934<\/strong><\/p>\n\n\n\n<p><\/p>\n","protected":false},"excerpt":{"rendered":"<p>O Centro de Refer\u00eancia de Atendimento \u00e0 Mulher Cora Coralina oferta o acolhimento e acompanhamento interdisciplinar (social, psicol\u00f3gico e de orienta\u00e7\u00e3o jur\u00eddica) \u00e0s mulheres em situa\u00e7\u00e3o de viol\u00eancia de g\u00eanero para promover e assegurar o fortalecimento da autoestima e autonomia, bem como o resgate da cidadania e preven\u00e7\u00e3o, interrup\u00e7\u00e3o e supera\u00e7\u00e3o das situa\u00e7\u00f5es de viol\u00eancia [&hellip;]<\/p>\n","protected":false},"author":1,"featured_media":0,"parent":0,"menu_order":0,"comment_status":"closed","ping_status":"closed","template":"","meta":{"_acf_changed":false,"custom_icon_class":"","footnotes":""},"class_list":["post-15","page","type-page","status-publish","hentry"],"acf":[],"_links":{"self":[{"href":"https:\/\/www.goiania.go.gov.br\/semasdh\/wp-json\/wp\/v2\/pages\/15","targetHints":{"allow":["GET"]}}],"collection":[{"href":"https:\/\/www.goiania.go.gov.br\/semasdh\/wp-json\/wp\/v2\/pages"}],"about":[{"href":"https:\/\/www.goiania.go.gov.br\/semasdh\/wp-json\/wp\/v2\/types\/page"}],"author":[{"embeddable":true,"href":"https:\/\/www.goiania.go.gov.br\/semasdh\/wp-json\/wp\/v2\/users\/1"}],"replies":[{"embeddable":true,"href":"https:\/\/www.goiania.go.gov.br\/semasdh\/wp-json\/wp\/v2\/comments?post=15"}],"version-history":[{"count":9,"href":"https:\/\/www.goiania.go.gov.br\/semasdh\/wp-json\/wp\/v2\/pages\/15\/revisions"}],"predecessor-version":[{"id":474,"href":"https:\/\/www.goiania.go.gov.br\/semasdh\/wp-json\/wp\/v2\/pages\/15\/revisions\/474"}],"wp:attachment":[{"href":"https:\/\/www.goiania.go.gov.br\/semasdh\/wp-json\/wp\/v2\/media?parent=15"}],"curies":[{"name":"wp","href":"https:\/\/api.w.org\/{rel}","templated":true}]}}