{"id":138,"date":"2025-09-25T09:18:15","date_gmt":"2025-09-25T12:18:15","guid":{"rendered":"https:\/\/www.goiania.go.gov.br\/semad\/?page_id=138"},"modified":"2025-09-25T09:40:13","modified_gmt":"2025-09-25T12:40:13","slug":"licitacoes-e-contratos","status":"publish","type":"page","link":"https:\/\/www.goiania.go.gov.br\/semad\/licitacoes-e-contratos\/","title":{"rendered":"Licita\u00e7\u00f5es e Contratos"},"content":{"rendered":"\n<div class=\"menu-buttons-sem\">\n\n  <a href=\"https:\/\/www.goiania.go.gov.br\/sing_transparencia\/licitacoes\/\" class=\"menu-btn-sem\" target=\"_blank\" rel=\"noopener\">\n    <span class=\"icon icon-contracts\"><\/span>\n    <span class=\"text\">Processos Licitat\u00f3rios<\/span>\n  <\/a>\n\n  <a href=\"https:\/\/www.goiania.go.gov.br\/semad\/checklists-para-licitacoes\/\" class=\"menu-btn-sem\" target=\"_blank\" rel=\"noopener\">\n    <span class=\"icon icon-checkbox-on\"><\/span>\n    <span class=\"text\">Modelos e Checklists para Licita\u00e7\u00f5es<\/span>\n  <\/a>\n\n  <a href=\"https:\/\/www.goiania.go.gov.br\/semad\/atas-de-registro-de-precos\/\" class=\"menu-btn-sem\" target=\"_blank\" rel=\"noopener\">\n    <span class=\"icon icon-list\"><\/span>\n    <span class=\"text\">Atas de Registro de Pre\u00e7os<\/span>\n  <\/a>\n\n<\/div>\n\n<style>\n.menu-buttons-sem {\n  display: flex;\n  justify-content: center;\n  flex-wrap: wrap;\n  gap: 30px;\n  margin: 3em 0;\n}\n\n\/* Bot\u00f5es harmoniosos *\/\n.menu-btn-sem {\n  display: flex;\n  flex-direction: column;\n  align-items: center;\n  justify-content: center;\n  width: 260px;\n  height: 82px;\n  background-color: #FFFFFF;\n  color: #0B5155;\n  border-radius: 10px;\n  text-decoration: none;\n  font-weight: 500;\n  transition: all 0.3s ease;\n  box-shadow: 0 4px 12px rgba(0,0,0,0.08);\n  padding: 10px 15px;\n  gap: 8px;\n}\n\n\/* Hover *\/\n.menu-btn-sem:hover,\n.menu-btn-sem:focus {\n  background-color: #f0f8f5;\n  transform: translateY(-3px);\n  box-shadow: 0 6px 18px rgba(0,0,0,0.12);\n}\n\n\/* \u00cdcones *\/\n.menu-btn-sem .icon {\n  font-size: 32px;\n  color: #1dc98a;\n}\n\n\/* Texto *\/\n.menu-btn-sem .text {\n  color: #0B5155;\n  font-size: 16px;\n  text-align: center;\n  line-height: 1.2;\n}\n<\/style>\n\n","protected":false},"excerpt":{"rendered":"<p>Processos Licitat\u00f3rios Modelos e Checklists para Licita\u00e7\u00f5es Atas de Registro de Pre\u00e7os<\/p>\n","protected":false},"author":1,"featured_media":0,"parent":0,"menu_order":7,"comment_status":"closed","ping_status":"closed","template":"","meta":{"_acf_changed":false,"custom_icon_class":"","footnotes":""},"class_list":["post-138","page","type-page","status-publish","hentry"],"acf":[],"_links":{"self":[{"href":"https:\/\/www.goiania.go.gov.br\/semad\/wp-json\/wp\/v2\/pages\/138","targetHints":{"allow":["GET"]}}],"collection":[{"href":"https:\/\/www.goiania.go.gov.br\/semad\/wp-json\/wp\/v2\/pages"}],"about":[{"href":"https:\/\/www.goiania.go.gov.br\/semad\/wp-json\/wp\/v2\/types\/page"}],"author":[{"embeddable":true,"href":"https:\/\/www.goiania.go.gov.br\/semad\/wp-json\/wp\/v2\/users\/1"}],"replies":[{"embeddable":true,"href":"https:\/\/www.goiania.go.gov.br\/semad\/wp-json\/wp\/v2\/comments?post=138"}],"version-history":[{"count":10,"href":"https:\/\/www.goiania.go.gov.br\/semad\/wp-json\/wp\/v2\/pages\/138\/revisions"}],"predecessor-version":[{"id":154,"href":"https:\/\/www.goiania.go.gov.br\/semad\/wp-json\/wp\/v2\/pages\/138\/revisions\/154"}],"wp:attachment":[{"href":"https:\/\/www.goiania.go.gov.br\/semad\/wp-json\/wp\/v2\/media?parent=138"}],"curies":[{"name":"wp","href":"https:\/\/api.w.org\/{rel}","templated":true}]}}