{"id":61,"date":"2019-09-09T11:52:29","date_gmt":"2019-09-09T14:52:29","guid":{"rendered":"http:\/\/www12.goiania.go.gov.br\/seinfra\/?page_id=61"},"modified":"2019-09-09T11:52:30","modified_gmt":"2019-09-09T14:52:30","slug":"quem-somos","status":"publish","type":"page","link":"https:\/\/www.goiania.go.gov.br\/seinfra\/quem-somos\/","title":{"rendered":"Quem Somos"},"content":{"rendered":"\n<p>A Secretaria Municipal de Infraestrutura e Servi\u00e7os P\u00fablicos\n(SEINFRA), criada pela Lei Complementar n\u00ba 276, de 3 de junho de 2015,&nbsp; \u00e9 um \u00f3rg\u00e3o da administra\u00e7\u00e3o direta,\nintegrante da estrutura do Sistema Administrativo da Prefeitura de Goi\u00e2nia, com\na finalidade de executar a pol\u00edtica municipal de obras e servi\u00e7os relacionados\ncom o desenvolvimento urbano da cidade de Goi\u00e2nia.<\/p>\n\n\n\n<h2 class=\"wp-block-heading\"><strong>Miss\u00e3o<\/strong><\/h2>\n\n\n\n<p>Executar as pol\u00edticas municipais de obras e servi\u00e7os,\nrelacionadas com o desenvolvimento urbano da Capital.<\/p>\n\n\n\n<h2 class=\"wp-block-heading\"><strong>Vis\u00e3o<\/strong><\/h2>\n\n\n\n<p>Ser reconhecida como \u00f3rg\u00e3o de excel\u00eancia na condu\u00e7\u00e3o das\npol\u00edticas municipais de obras e na presta\u00e7\u00e3o de servi\u00e7os \u00e0 comunidade,\ncontribuindo para o desenvolvimento sustent\u00e1vel e a moderniza\u00e7\u00e3o da cidade de\nGoi\u00e2nia.<\/p>\n\n\n\n<h2 class=\"wp-block-heading\"><strong>Valores<\/strong><\/h2>\n\n\n\n<p>Responsabilidade na gest\u00e3o or\u00e7ament\u00e1ria, profissionalismo na\nexecu\u00e7\u00e3o das obras e agilidade na presta\u00e7\u00e3o de servi\u00e7os.<\/p>\n","protected":false},"excerpt":{"rendered":"<p>A Secretaria Municipal de Infraestrutura e Servi\u00e7os P\u00fablicos (SEINFRA), criada pela Lei Complementar n\u00ba 276, de 3 de junho de 2015,&nbsp; \u00e9 um \u00f3rg\u00e3o da administra\u00e7\u00e3o direta, integrante da estrutura do Sistema Administrativo da Prefeitura de Goi\u00e2nia, com a finalidade de executar a pol\u00edtica municipal de obras e servi\u00e7os relacionados com o desenvolvimento urbano da [&hellip;]<\/p>\n","protected":false},"author":1,"featured_media":0,"parent":0,"menu_order":0,"comment_status":"closed","ping_status":"closed","template":"","meta":{"_acf_changed":false,"custom_icon_class":"","footnotes":""},"class_list":["post-61","page","type-page","status-publish","hentry"],"acf":[],"_links":{"self":[{"href":"https:\/\/www.goiania.go.gov.br\/seinfra\/wp-json\/wp\/v2\/pages\/61","targetHints":{"allow":["GET"]}}],"collection":[{"href":"https:\/\/www.goiania.go.gov.br\/seinfra\/wp-json\/wp\/v2\/pages"}],"about":[{"href":"https:\/\/www.goiania.go.gov.br\/seinfra\/wp-json\/wp\/v2\/types\/page"}],"author":[{"embeddable":true,"href":"https:\/\/www.goiania.go.gov.br\/seinfra\/wp-json\/wp\/v2\/users\/1"}],"replies":[{"embeddable":true,"href":"https:\/\/www.goiania.go.gov.br\/seinfra\/wp-json\/wp\/v2\/comments?post=61"}],"version-history":[{"count":1,"href":"https:\/\/www.goiania.go.gov.br\/seinfra\/wp-json\/wp\/v2\/pages\/61\/revisions"}],"predecessor-version":[{"id":62,"href":"https:\/\/www.goiania.go.gov.br\/seinfra\/wp-json\/wp\/v2\/pages\/61\/revisions\/62"}],"wp:attachment":[{"href":"https:\/\/www.goiania.go.gov.br\/seinfra\/wp-json\/wp\/v2\/media?parent=61"}],"curies":[{"name":"wp","href":"https:\/\/api.w.org\/{rel}","templated":true}]}}