{"id":10,"date":"2025-09-25T14:22:54","date_gmt":"2025-09-25T17:22:54","guid":{"rendered":"https:\/\/www.goiania.go.gov.br\/sefic\/?page_id=10"},"modified":"2025-12-03T16:06:43","modified_gmt":"2025-12-03T19:06:43","slug":"lista-de-documento","status":"publish","type":"page","link":"https:\/\/www.goiania.go.gov.br\/sefic\/lista-de-documento\/","title":{"rendered":"Lista de documentos para Licenciamento"},"content":{"rendered":"\n<div class=\"wp-block-buttons is-layout-flex wp-block-buttons-is-layout-flex\">\n<div class=\"wp-block-button has-custom-width wp-block-button__width-100 is-style-outline is-style-outline--1\"><a class=\"wp-block-button__link wp-element-button\" href=\"https:\/\/www.goiania.go.gov.br\/sefic\/wp-content\/uploads\/sites\/50\/2025\/09\/IN_22_2025___risco_ambiental_compressed.pdf\" style=\"border-radius:15px\" target=\"_blank\" rel=\"noreferrer noopener\">Graus de Risco Ambiental<\/a><\/div>\n\n\n\n<div class=\"wp-block-button has-custom-width wp-block-button__width-100 is-style-outline is-style-outline--2\"><a class=\"wp-block-button__link wp-element-button\" href=\"#\" style=\"border-radius:15px\" target=\"_blank\" rel=\"noreferrer noopener\">Graus de Risco para Licen\u00e7a de Localiza\u00e7\u00e3o e Funcionamento<\/a><\/div>\n<\/div>\n\n\n\n<div class=\"wp-block-columns is-layout-flex wp-container-core-columns-is-layout-9d6595d7 wp-block-columns-is-layout-flex\">\n<div class=\"wp-block-column is-layout-flow wp-block-column-is-layout-flow\">\n<div class=\"wp-block-buttons is-layout-flex wp-block-buttons-is-layout-flex\">\n<div class=\"wp-block-button is-style-outline is-style-outline--3\"><a class=\"wp-block-button__link wp-element-button\" href=\"https:\/\/www.goiania.go.gov.br\/sefic\/wp-content\/uploads\/sites\/50\/2025\/12\/MODELOS-DE-PUBLICACAO-DE-PEDIDO-E-RECEBIMENTO-DE-LICENCA-AMBIENTAL.pdf\" style=\"border-radius:21px\" target=\"_blank\" rel=\"noreferrer noopener\">Modelos de publica\u00e7\u00e3o de pedido e recebimento de licen\u00e7a ambiental<\/a><\/div>\n<\/div>\n<\/div>\n\n\n\n<div class=\"wp-block-column is-layout-flow wp-block-column-is-layout-flow\">\n<div class=\"wp-block-buttons is-layout-flex wp-block-buttons-is-layout-flex\">\n<div class=\"wp-block-button is-style-outline is-style-outline--4\"><a class=\"wp-block-button__link wp-element-button\" href=\"https:\/\/www.goiania.go.gov.br\/sefic\/wp-content\/uploads\/sites\/50\/2025\/12\/TERMO-DE-REFERENCIA-PARA-O-LICENCIAMENTO-AMBIENTAL-ATIVIDADES-ECONOMICAS-SAUDE-POSTO-DE-COMBUSTIVEL.pdf\" style=\"border-radius:21px\" target=\"_blank\" rel=\"noreferrer noopener\">Termo de refer\u00eancia para o licenciamento ambiental (atividades econ\u00f4micas, sa\u00fade, posto de combust\u00edvel)<\/a><\/div>\n<\/div>\n<\/div>\n<\/div>\n","protected":false},"excerpt":{"rendered":"","protected":false},"author":1,"featured_media":0,"parent":0,"menu_order":0,"comment_status":"closed","ping_status":"closed","template":"page-templates\/page-docs.php","meta":{"_acf_changed":false,"custom_icon_class":"","footnotes":""},"class_list":["post-10","page","type-page","status-publish","hentry"],"acf":[],"_links":{"self":[{"href":"https:\/\/www.goiania.go.gov.br\/sefic\/wp-json\/wp\/v2\/pages\/10","targetHints":{"allow":["GET"]}}],"collection":[{"href":"https:\/\/www.goiania.go.gov.br\/sefic\/wp-json\/wp\/v2\/pages"}],"about":[{"href":"https:\/\/www.goiania.go.gov.br\/sefic\/wp-json\/wp\/v2\/types\/page"}],"author":[{"embeddable":true,"href":"https:\/\/www.goiania.go.gov.br\/sefic\/wp-json\/wp\/v2\/users\/1"}],"replies":[{"embeddable":true,"href":"https:\/\/www.goiania.go.gov.br\/sefic\/wp-json\/wp\/v2\/comments?post=10"}],"version-history":[{"count":9,"href":"https:\/\/www.goiania.go.gov.br\/sefic\/wp-json\/wp\/v2\/pages\/10\/revisions"}],"predecessor-version":[{"id":105,"href":"https:\/\/www.goiania.go.gov.br\/sefic\/wp-json\/wp\/v2\/pages\/10\/revisions\/105"}],"wp:attachment":[{"href":"https:\/\/www.goiania.go.gov.br\/sefic\/wp-json\/wp\/v2\/media?parent=10"}],"curies":[{"name":"wp","href":"https:\/\/api.w.org\/{rel}","templated":true}]}}