{"id":681,"date":"2021-06-25T16:54:01","date_gmt":"2021-06-25T19:54:01","guid":{"rendered":"https:\/\/www.goiania.go.gov.br\/sefin\/departamentos\/gerencia-de-elaboracao-orcamentaria-e-gestao-de-creditos-adicionais\/"},"modified":"2021-06-25T16:55:15","modified_gmt":"2021-06-25T19:55:15","slug":"gerencia-de-elaboracao-orcamentaria-e-gestao-de-creditos-adicionais","status":"publish","type":"page","link":"https:\/\/www.goiania.go.gov.br\/sefaz\/departamentos\/gerencia-de-elaboracao-orcamentaria-e-gestao-de-creditos-adicionais\/","title":{"rendered":"Ger\u00eancia de Elabora\u00e7\u00e3o Or\u00e7ament\u00e1ria e Gest\u00e3o de Cr\u00e9ditos Adicionais"},"content":{"rendered":"\n<p>\u00c0 Ger\u00eancia de Elabora\u00e7\u00e3o Or\u00e7ament\u00e1ria e Gest\u00e3o de Cr\u00e9ditos Adicionais (Geroca), departamento subordinado \u00e0 Diretoria de Planejamento e Or\u00e7amento da Superintend\u00eancia de Planejamento, Or\u00e7amento e Tesouro compete, dentre outras atribui\u00e7\u00f5es:<\/p>\n\n\n\n<p>I \u2013 planejar e coordenar o processo de elabora\u00e7\u00e3o da Lei de Diretrizes Or\u00e7ament\u00e1rias (LDO) e da Lei Or\u00e7ament\u00e1ria Anual (LOA) do Munic\u00edpio;<\/p>\n\n\n\n<p>II \u2013 orientar as unidades setoriais dos \u00f3rg\u00e3os e entidades da administra\u00e7\u00e3o p\u00fablica estadual na elabora\u00e7\u00e3o da Lei Or\u00e7ament\u00e1ria Anual \u2013 LOA;<\/p>\n\n\n\n<p>III \u2013 acompanhar os \u00f3rg\u00e3os e entidades na capta\u00e7\u00e3o de recursos de contratos, conv\u00eanios, cons\u00f3rcios e acordos para subsidiar a elabora\u00e7\u00e3o dos instrumentos de planejamento governamental;<\/p>\n\n\n\n<p>IV \u2013 analisar e propor os devidos encaminhamentos dos processos que tratarem da Lei de Diretrizes Or\u00e7ament\u00e1rias e da Lei Or\u00e7ament\u00e1ria Anual;<\/p>\n\n\n\n<p>V \u2013 atender as unidades setoriais no que compete \u00e0 programa\u00e7\u00e3o e elabora\u00e7\u00e3o or\u00e7ament\u00e1ria;<\/p>\n\n\n\n<p>VI \u2013 gerir os cr\u00e9ditos adicionais realizando a an\u00e1lise t\u00e9cnica e legal, contemplando o acompanhamento desde a sua solicita\u00e7\u00e3o at\u00e9 a aprova\u00e7\u00e3o por meio dos sistemas espec\u00edficos;<\/p>\n\n\n\n<p>VII \u2013 apoiar o processo de elabora\u00e7\u00e3o do Plano Plurianual \u2013 PPA;<\/p>\n\n\n\n<p>VIII \u2013 adequar o processo de elabora\u00e7\u00e3o e execu\u00e7\u00e3o or\u00e7ament\u00e1ria \u00e0s normativas do Tribunal de Contas do Munic\u00edpio \u2013 TCM e da Secretaria do Tesouro Nacional \u2013 STN;<\/p>\n\n\n\n<p>IX \u2013 atuar na elabora\u00e7\u00e3o de minutas de decretos que versem sobre normas de programa\u00e7\u00e3o e execu\u00e7\u00e3o or\u00e7ament\u00e1ria e outros assuntos correlatos;<\/p>\n\n\n\n<p>X \u2013 promover a inclus\u00e3o do Or\u00e7amento Anual no in\u00edcio de cada exerc\u00edcio financeiro para a sua execu\u00e7\u00e3o; XI \u2013 gerar arquivos magn\u00e9ticos, eletr\u00f4nicos e f\u00edsicos referentes aos instrumentos de planejamento governamental (PPA, LDO e LOA);<\/p>\n\n\n\n<p>XII \u2013 preparar e consolidar informa\u00e7\u00f5es e dados sobre os instrumentos de planejamento governamental (PPA, LDO e LOA), emitindo relat\u00f3rios, quadros demonstrativos e outros documentos estat\u00edsticos e gerenciais;<\/p>\n\n\n\n<p>XIII \u2013 atualizar informa\u00e7\u00f5es e dados relativos \u00e0s Leis do Or\u00e7amento Municipal no Portal da Transpar\u00eancia;<\/p>\n\n\n\n<p>XIV \u2013 propor o desenvolvimento e a altera\u00e7\u00e3o do Sistema de Elabora\u00e7\u00e3o Or\u00e7ament\u00e1ria e Sistema Or\u00e7ament\u00e1rio e Financeiro, visando aperfei\u00e7o\u00e1-los;<\/p>\n\n\n\n<p>XV \u2013 desenvolver e implementar novas formas de divulga\u00e7\u00e3o e acesso ao Or\u00e7amento P\u00fablico Municipal de maneira f\u00e1cil, clara e compreens\u00edvel para o p\u00fablico interno e externo;<\/p>\n\n\n\n<p>XVI \u2013 exercer outras atividades correlatas \u00e0s suas compet\u00eancias e que lhe forem determinadas pelo Diretor de Planejamento e Or\u00e7amento, observando sempre os princ\u00edpios legais, \u00e9ticos e morais<\/p>\n","protected":false},"excerpt":{"rendered":"<p>\u00c0 Ger\u00eancia de Elabora\u00e7\u00e3o Or\u00e7ament\u00e1ria e Gest\u00e3o de Cr\u00e9ditos Adicionais (Geroca), departamento subordinado \u00e0 Diretoria de Planejamento e Or\u00e7amento da Superintend\u00eancia de Planejamento, Or\u00e7amento e Tesouro compete, dentre outras atribui\u00e7\u00f5es: I \u2013 planejar e coordenar o processo de elabora\u00e7\u00e3o da Lei de Diretrizes Or\u00e7ament\u00e1rias (LDO) e da Lei Or\u00e7ament\u00e1ria Anual (LOA) do Munic\u00edpio; II \u2013 [&hellip;]<\/p>\n","protected":false},"author":1,"featured_media":0,"parent":314,"menu_order":55,"comment_status":"closed","ping_status":"closed","template":"","meta":{"_acf_changed":false,"custom_icon_class":"","footnotes":""},"class_list":["post-681","page","type-page","status-publish","hentry"],"acf":[],"_links":{"self":[{"href":"https:\/\/www.goiania.go.gov.br\/sefaz\/wp-json\/wp\/v2\/pages\/681","targetHints":{"allow":["GET"]}}],"collection":[{"href":"https:\/\/www.goiania.go.gov.br\/sefaz\/wp-json\/wp\/v2\/pages"}],"about":[{"href":"https:\/\/www.goiania.go.gov.br\/sefaz\/wp-json\/wp\/v2\/types\/page"}],"author":[{"embeddable":true,"href":"https:\/\/www.goiania.go.gov.br\/sefaz\/wp-json\/wp\/v2\/users\/1"}],"replies":[{"embeddable":true,"href":"https:\/\/www.goiania.go.gov.br\/sefaz\/wp-json\/wp\/v2\/comments?post=681"}],"version-history":[{"count":2,"href":"https:\/\/www.goiania.go.gov.br\/sefaz\/wp-json\/wp\/v2\/pages\/681\/revisions"}],"predecessor-version":[{"id":684,"href":"https:\/\/www.goiania.go.gov.br\/sefaz\/wp-json\/wp\/v2\/pages\/681\/revisions\/684"}],"up":[{"embeddable":true,"href":"https:\/\/www.goiania.go.gov.br\/sefaz\/wp-json\/wp\/v2\/pages\/314"}],"wp:attachment":[{"href":"https:\/\/www.goiania.go.gov.br\/sefaz\/wp-json\/wp\/v2\/media?parent=681"}],"curies":[{"name":"wp","href":"https:\/\/api.w.org\/{rel}","templated":true}]}}