{"id":676,"date":"2021-06-25T16:50:21","date_gmt":"2021-06-25T19:50:21","guid":{"rendered":"https:\/\/www.goiania.go.gov.br\/sefin\/departamentos\/gerencia-de-controle-da-execucao-orcamentaria\/"},"modified":"2021-06-25T16:51:49","modified_gmt":"2021-06-25T19:51:49","slug":"gerencia-de-controle-da-execucao-orcamentaria","status":"publish","type":"page","link":"https:\/\/www.goiania.go.gov.br\/sefaz\/departamentos\/gerencia-de-controle-da-execucao-orcamentaria\/","title":{"rendered":"Ger\u00eancia de Controle da Execu\u00e7\u00e3o Or\u00e7ament\u00e1ria"},"content":{"rendered":"\n<p>\u00c0 Ger\u00eancia de Controle da Execu\u00e7\u00e3o Or\u00e7ament\u00e1ria (Gerceo), departamento subordinado \u00e0 Diretoria de Planejamento e Or\u00e7amento da Superintend\u00eancia de Planejamento, Or\u00e7amento e Tesouro compete, dentre outras atribui\u00e7\u00f5es:<\/p>\n\n\n\n<p>I \u2013 contribuir na defini\u00e7\u00e3o das pol\u00edticas, diretrizes, processos e metodologias para elabora\u00e7\u00e3o dos instrumentos de planejamento;<\/p>\n\n\n\n<p>II \u2013 propor o desenvolvimento e a altera\u00e7\u00e3o do Sistema de Execu\u00e7\u00e3o Or\u00e7ament\u00e1ria;<\/p>\n\n\n\n<p>III \u2013 propor mudan\u00e7as na gest\u00e3o or\u00e7ament\u00e1ria, quando se fizerem necess\u00e1rias;<\/p>\n\n\n\n<p>IV \u2013 avaliar o cumprimento dos dispositivos que implicam em penalidades e restri\u00e7\u00f5es decorrentes da gest\u00e3o or\u00e7ament\u00e1ria do munic\u00edpio;<\/p>\n\n\n\n<p>V \u2013 elaborar e manter atualizado o Guia de Apropria\u00e7\u00e3o de Despesas, seguindo padr\u00f5es de contabilidade p\u00fablica definidos pela Secretaria do Tesouro Nacional \u2013 STN atrav\u00e9s do Manual de Contabilidade Aplicada ao Setor P\u00fablico \u2013 MCASP;<\/p>\n\n\n\n<p>VI \u2013 realizar atendimento permanente a todas as unidades e poderes, nas d\u00favidas relacionadas \u00e0 apropria\u00e7\u00e3o das despesas;<\/p>\n\n\n\n<p>VII \u2013 elaborar relat\u00f3rios de acompanhamento de execu\u00e7\u00e3o or\u00e7ament\u00e1ria e financeira, visando subsidiar a tomada de decis\u00f5es dos titulares das Pastas; VIII \u2013 prestar apoio e assessoramento t\u00e9cnico \u00e0s unidades or\u00e7ament\u00e1rias da Administra\u00e7\u00e3o Municipal, quanto \u00e0s normas e procedimentos para a consolida\u00e7\u00e3o da execu\u00e7\u00e3o or\u00e7ament\u00e1ria e financeira pelos mesmos;<\/p>\n\n\n\n<p>IX \u2013 analisar, avaliar e propor corre\u00e7\u00f5es de falhas identificadas no \u00e2mbito da gest\u00e3o or\u00e7ament\u00e1ria do munic\u00edpio;<\/p>\n\n\n\n<p>X \u2013 promover iniciativas para a redu\u00e7\u00e3o, qualidade e efici\u00eancia do gasto p\u00fablico;<\/p>\n\n\n\n<p>XI \u2013 controlar as despesas de car\u00e1ter continuado de energia el\u00e9trica, de \u00e1gua e esgoto, e, de telefones da Administra\u00e7\u00e3o Municipal;<\/p>\n\n\n\n<p>XII \u2013 monitorar e controlar a execu\u00e7\u00e3o or\u00e7ament\u00e1ria e financeira dos \u00f3rg\u00e3os da Administra\u00e7\u00e3o Direta, de acordo com as determina\u00e7\u00f5es da Lei Or\u00e7ament\u00e1ria Anual (LOA) e demais normas e elementos pertinentes;<\/p>\n\n\n\n<p>XIII \u2013 exercer outras atividades correlatas \u00e0s suas compet\u00eancias e que lhe forem determinadas pelo Diretor de Planejamento e Or\u00e7amento, observando sempre os princ\u00edpios legais, \u00e9ticos e morais<\/p>\n","protected":false},"excerpt":{"rendered":"<p>\u00c0 Ger\u00eancia de Controle da Execu\u00e7\u00e3o Or\u00e7ament\u00e1ria (Gerceo), departamento subordinado \u00e0 Diretoria de Planejamento e Or\u00e7amento da Superintend\u00eancia de Planejamento, Or\u00e7amento e Tesouro compete, dentre outras atribui\u00e7\u00f5es: I \u2013 contribuir na defini\u00e7\u00e3o das pol\u00edticas, diretrizes, processos e metodologias para elabora\u00e7\u00e3o dos instrumentos de planejamento; II \u2013 propor o desenvolvimento e a altera\u00e7\u00e3o do Sistema de [&hellip;]<\/p>\n","protected":false},"author":1,"featured_media":0,"parent":314,"menu_order":54,"comment_status":"closed","ping_status":"closed","template":"","meta":{"_acf_changed":false,"custom_icon_class":"","footnotes":""},"class_list":["post-676","page","type-page","status-publish","hentry"],"acf":[],"_links":{"self":[{"href":"https:\/\/www.goiania.go.gov.br\/sefaz\/wp-json\/wp\/v2\/pages\/676","targetHints":{"allow":["GET"]}}],"collection":[{"href":"https:\/\/www.goiania.go.gov.br\/sefaz\/wp-json\/wp\/v2\/pages"}],"about":[{"href":"https:\/\/www.goiania.go.gov.br\/sefaz\/wp-json\/wp\/v2\/types\/page"}],"author":[{"embeddable":true,"href":"https:\/\/www.goiania.go.gov.br\/sefaz\/wp-json\/wp\/v2\/users\/1"}],"replies":[{"embeddable":true,"href":"https:\/\/www.goiania.go.gov.br\/sefaz\/wp-json\/wp\/v2\/comments?post=676"}],"version-history":[{"count":2,"href":"https:\/\/www.goiania.go.gov.br\/sefaz\/wp-json\/wp\/v2\/pages\/676\/revisions"}],"predecessor-version":[{"id":679,"href":"https:\/\/www.goiania.go.gov.br\/sefaz\/wp-json\/wp\/v2\/pages\/676\/revisions\/679"}],"up":[{"embeddable":true,"href":"https:\/\/www.goiania.go.gov.br\/sefaz\/wp-json\/wp\/v2\/pages\/314"}],"wp:attachment":[{"href":"https:\/\/www.goiania.go.gov.br\/sefaz\/wp-json\/wp\/v2\/media?parent=676"}],"curies":[{"name":"wp","href":"https:\/\/api.w.org\/{rel}","templated":true}]}}