{"id":671,"date":"2021-06-25T16:44:53","date_gmt":"2021-06-25T19:44:53","guid":{"rendered":"https:\/\/www.goiania.go.gov.br\/sefin\/departamentos\/gerencia-central-de-planejamento-governamental\/"},"modified":"2021-06-25T16:47:00","modified_gmt":"2021-06-25T19:47:00","slug":"gerencia-central-de-planejamento-governamental","status":"publish","type":"page","link":"https:\/\/www.goiania.go.gov.br\/sefaz\/departamentos\/gerencia-central-de-planejamento-governamental\/","title":{"rendered":"Ger\u00eancia Central de Planejamento Governamental"},"content":{"rendered":"\n<p>\u00c0 Ger\u00eancia Central de Planejamento Governamental, departamento subordinado \u00e0 Diretoria de Planejamento e Or\u00e7amento da Superintend\u00eancia de Planejamento, Or\u00e7amento e Tesouro, compete, dentre outras atribui\u00e7\u00f5es:<\/p>\n\n\n\n<p>I \u2013 coordenar a elabora\u00e7\u00e3o e avaliar o desempenho do Plano Plurianual \u2013 PPA do Estado, alinhado \u00e0s diretrizes do governo;<\/p>\n\n\n\n<p>II \u2013 avaliar os programas, as a\u00e7\u00f5es e os projetos propostos pelos \u00f3rg\u00e3os e entidades da administra\u00e7\u00e3o p\u00fablica municipal no Plano Plurianual \u2013 PPA, focando a an\u00e1lise da sobreposi\u00e7\u00e3o de objetivos e a\u00e7\u00f5es, sugerindo a otimiza\u00e7\u00e3o das atividades;<\/p>\n\n\n\n<p>III \u2013 desenvolver e disseminar ferramentas e metodologias para o gerenciamento do Plano Plurianual \u2013 PPA do munic\u00edpio;<\/p>\n\n\n\n<p>IV \u2013 desenvolver novas metodologias de planejamento, monitoramento e avalia\u00e7\u00e3o das a\u00e7\u00f5es governamentais junto \u00e0s unidades de planejamento setoriais;<\/p>\n\n\n\n<p>V \u2013 elaborar, coordenar e gerenciar os indicadores do Plano Plurianual \u2013 PPA, em parceria com o Escrit\u00f3rio de Prioridades Estrat\u00e9gicas;<\/p>\n\n\n\n<p>VI \u2013 atualizar informa\u00e7\u00f5es e dados relativos ao Plano Plurianual \u2013 PPA no Portal da Transpar\u00eancia;<\/p>\n\n\n\n<p>VII \u2013 estudar, identificar e propor as melhores pr\u00e1ticas, metodologias e processos de gest\u00e3o or\u00e7ament\u00e1ria no munic\u00edpio;<\/p>\n\n\n\n<p>VIII \u2013 contribuir na defini\u00e7\u00e3o das pol\u00edticas, diretrizes, processos e metodologias para elabora\u00e7\u00e3o dos instrumentos de planejamento;<\/p>\n\n\n\n<p>IX \u2013 propor o desenvolvimento e a altera\u00e7\u00e3o do Sistema do Plano Plurianual;<\/p>\n\n\n\n<p>X \u2013 propor mudan\u00e7as na gest\u00e3o or\u00e7ament\u00e1ria, quando se fizerem necess\u00e1rias;<\/p>\n\n\n\n<p>XI \u2013 efetuar uma avalia\u00e7\u00e3o do cumprimento dos dispositivos que implicam em penalidades e restri\u00e7\u00f5es decorrentes da gest\u00e3o or\u00e7ament\u00e1ria do munic\u00edpio;<\/p>\n\n\n\n<p>XII \u2013 analisar, avaliar e propor corre\u00e7\u00f5es de falhas identificadas no \u00e2mbito da gest\u00e3o or\u00e7ament\u00e1ria do munic\u00edpio;<\/p>\n\n\n\n<p>XIII \u2013 exercer outras atividades correlatas \u00e0s suas compet\u00eancias e que lhe forem determinadas pelo Diretor de Planejamento e Or\u00e7amento, observando sempre os princ\u00edpios legais, \u00e9ticos e morais.<\/p>\n","protected":false},"excerpt":{"rendered":"<p>\u00c0 Ger\u00eancia Central de Planejamento Governamental, departamento subordinado \u00e0 Diretoria de Planejamento e Or\u00e7amento da Superintend\u00eancia de Planejamento, Or\u00e7amento e Tesouro, compete, dentre outras atribui\u00e7\u00f5es: I \u2013 coordenar a elabora\u00e7\u00e3o e avaliar o desempenho do Plano Plurianual \u2013 PPA do Estado, alinhado \u00e0s diretrizes do governo; II \u2013 avaliar os programas, as a\u00e7\u00f5es e os [&hellip;]<\/p>\n","protected":false},"author":1,"featured_media":0,"parent":314,"menu_order":53,"comment_status":"closed","ping_status":"closed","template":"","meta":{"_acf_changed":false,"custom_icon_class":"","footnotes":""},"class_list":["post-671","page","type-page","status-publish","hentry"],"acf":[],"_links":{"self":[{"href":"https:\/\/www.goiania.go.gov.br\/sefaz\/wp-json\/wp\/v2\/pages\/671","targetHints":{"allow":["GET"]}}],"collection":[{"href":"https:\/\/www.goiania.go.gov.br\/sefaz\/wp-json\/wp\/v2\/pages"}],"about":[{"href":"https:\/\/www.goiania.go.gov.br\/sefaz\/wp-json\/wp\/v2\/types\/page"}],"author":[{"embeddable":true,"href":"https:\/\/www.goiania.go.gov.br\/sefaz\/wp-json\/wp\/v2\/users\/1"}],"replies":[{"embeddable":true,"href":"https:\/\/www.goiania.go.gov.br\/sefaz\/wp-json\/wp\/v2\/comments?post=671"}],"version-history":[{"count":2,"href":"https:\/\/www.goiania.go.gov.br\/sefaz\/wp-json\/wp\/v2\/pages\/671\/revisions"}],"predecessor-version":[{"id":674,"href":"https:\/\/www.goiania.go.gov.br\/sefaz\/wp-json\/wp\/v2\/pages\/671\/revisions\/674"}],"up":[{"embeddable":true,"href":"https:\/\/www.goiania.go.gov.br\/sefaz\/wp-json\/wp\/v2\/pages\/314"}],"wp:attachment":[{"href":"https:\/\/www.goiania.go.gov.br\/sefaz\/wp-json\/wp\/v2\/media?parent=671"}],"curies":[{"name":"wp","href":"https:\/\/api.w.org\/{rel}","templated":true}]}}