{"id":666,"date":"2021-06-25T16:39:36","date_gmt":"2021-06-25T19:39:36","guid":{"rendered":"https:\/\/www.goiania.go.gov.br\/sefin\/departamentos\/diretoria-de-planejamento-e-orcamento\/"},"modified":"2021-06-25T16:43:02","modified_gmt":"2021-06-25T19:43:02","slug":"diretoria-de-planejamento-e-orcamento","status":"publish","type":"page","link":"https:\/\/www.goiania.go.gov.br\/sefaz\/departamentos\/diretoria-de-planejamento-e-orcamento\/","title":{"rendered":"Diretoria de Planejamento e Or\u00e7amento"},"content":{"rendered":"\n<p>\u00c0 Diretoria de Planejamento e Or\u00e7amento (Dirpla), departamento subordinado \u00e0 Superintend\u00eancia de Planejamento, Or\u00e7amento e Tesouro da Secretaria Municipal de Finan\u00e7as compete, dentre outras atribui\u00e7\u00f5es:<\/p>\n\n\n\n<p>I \u2013 coordenar a elabora\u00e7\u00e3o e a execu\u00e7\u00e3o do Plano Plurianual, da Lei de Diretrizes Or\u00e7ament\u00e1rias e do Or\u00e7amento Anual do Munic\u00edpio, em conson\u00e2ncia com o Plano de Governo;<\/p>\n\n\n\n<p>II \u2013 formular as diretrizes para a administra\u00e7\u00e3o dos Sistemas Or\u00e7ament\u00e1rios;<\/p>\n\n\n\n<p>III \u2013 gerenciar e coordenar elabora\u00e7\u00e3o or\u00e7ament\u00e1ria do Munic\u00edpio de Goi\u00e2nia;<\/p>\n\n\n\n<p>IV \u2013 coordenar e acompanhar o cumprimento das normas e procedimentos or\u00e7ament\u00e1rios pelos \u00f3rg\u00e3os\/entidades da Administra\u00e7\u00e3o Municipal;<\/p>\n\n\n\n<p>V \u2013 orientar e subsidiar os \u00f3rg\u00e3os da Administra\u00e7\u00e3o Municipal, fornecendo apoio t\u00e9cnico e informa\u00e7\u00f5es para a realiza\u00e7\u00e3o e o cumprimento das normas e procedimentos de execu\u00e7\u00e3o or\u00e7ament\u00e1ria e financeira;<\/p>\n\n\n\n<p>VI \u2013 emitir relat\u00f3rio anal\u00edtico e apresentar propostas de a\u00e7\u00f5es mitigadoras, no \u00e2mbito de suas compet\u00eancias;<\/p>\n\n\n\n<p>VII \u2013 articular-se, permanentemente, com os \u00f3rg\u00e3o\/entidades da Administra\u00e7\u00e3o Municipal e do Poder Legislativo, visando uma atua\u00e7\u00e3o harm\u00f4nica e integrada, na solu\u00e7\u00e3o das quest\u00f5es relativas \u00e0 gest\u00e3o or\u00e7ament\u00e1ria do Munic\u00edpio;<\/p>\n\n\n\n<p>VIII \u2013 coordenar e orientar o controle da despesa no Munic\u00edpio;<\/p>\n\n\n\n<p>IX \u2013 coordenar, juntamente com a superintend\u00eancia, o Sistema de Planejamento e Administra\u00e7\u00e3o Or\u00e7ament\u00e1ria, Financeira e Cont\u00e1bil, estabelecendo reuni\u00f5es peri\u00f3dicas e semin\u00e1rios, bem como programas de capacita\u00e7\u00e3o em parceria com a Escola de Governo;<\/p>\n\n\n\n<p>X \u2013 gerar arquivos magn\u00e9ticos, eletr\u00f4nicos e f\u00edsicos referentes aos instrumentos de planejamento governamental (PPA, LDO e LOA);<\/p>\n\n\n\n<p>XI \u2013 preparar e consolidar informa\u00e7\u00f5es e dados sobre os instrumentos de planejamento governamental (PPA, LDO e LOA), emitindo relat\u00f3rios, quadros demonstrativos e outros documentos estat\u00edsticos e gerenciais;<\/p>\n\n\n\n<p>XII \u2013 exercer outras atividades correlatas \u00e0s suas compet\u00eancias e que lhe forem determinadas pelo Superintendente de Planejamento, Or\u00e7amento e Tesouro, observando sempre os princ\u00edpios legais, \u00e9ticos e morais.<\/p>\n","protected":false},"excerpt":{"rendered":"<p>\u00c0 Diretoria de Planejamento e Or\u00e7amento (Dirpla), departamento subordinado \u00e0 Superintend\u00eancia de Planejamento, Or\u00e7amento e Tesouro da Secretaria Municipal de Finan\u00e7as compete, dentre outras atribui\u00e7\u00f5es: I \u2013 coordenar a elabora\u00e7\u00e3o e a execu\u00e7\u00e3o do Plano Plurianual, da Lei de Diretrizes Or\u00e7ament\u00e1rias e do Or\u00e7amento Anual do Munic\u00edpio, em conson\u00e2ncia com o Plano de Governo; II [&hellip;]<\/p>\n","protected":false},"author":1,"featured_media":0,"parent":314,"menu_order":52,"comment_status":"closed","ping_status":"closed","template":"","meta":{"_acf_changed":false,"custom_icon_class":"","footnotes":""},"class_list":["post-666","page","type-page","status-publish","hentry"],"acf":[],"_links":{"self":[{"href":"https:\/\/www.goiania.go.gov.br\/sefaz\/wp-json\/wp\/v2\/pages\/666","targetHints":{"allow":["GET"]}}],"collection":[{"href":"https:\/\/www.goiania.go.gov.br\/sefaz\/wp-json\/wp\/v2\/pages"}],"about":[{"href":"https:\/\/www.goiania.go.gov.br\/sefaz\/wp-json\/wp\/v2\/types\/page"}],"author":[{"embeddable":true,"href":"https:\/\/www.goiania.go.gov.br\/sefaz\/wp-json\/wp\/v2\/users\/1"}],"replies":[{"embeddable":true,"href":"https:\/\/www.goiania.go.gov.br\/sefaz\/wp-json\/wp\/v2\/comments?post=666"}],"version-history":[{"count":2,"href":"https:\/\/www.goiania.go.gov.br\/sefaz\/wp-json\/wp\/v2\/pages\/666\/revisions"}],"predecessor-version":[{"id":669,"href":"https:\/\/www.goiania.go.gov.br\/sefaz\/wp-json\/wp\/v2\/pages\/666\/revisions\/669"}],"up":[{"embeddable":true,"href":"https:\/\/www.goiania.go.gov.br\/sefaz\/wp-json\/wp\/v2\/pages\/314"}],"wp:attachment":[{"href":"https:\/\/www.goiania.go.gov.br\/sefaz\/wp-json\/wp\/v2\/media?parent=666"}],"curies":[{"name":"wp","href":"https:\/\/api.w.org\/{rel}","templated":true}]}}