{"id":656,"date":"2021-06-25T16:26:07","date_gmt":"2021-06-25T19:26:07","guid":{"rendered":"https:\/\/www.goiania.go.gov.br\/sefin\/departamentos\/gerencia-de-trilhas-e-monitoramento\/"},"modified":"2021-06-25T16:27:27","modified_gmt":"2021-06-25T19:27:27","slug":"gerencia-de-trilhas-e-monitoramento","status":"publish","type":"page","link":"https:\/\/www.goiania.go.gov.br\/sefaz\/departamentos\/gerencia-de-trilhas-e-monitoramento\/","title":{"rendered":"Ger\u00eancia de Trilhas e Monitoramento"},"content":{"rendered":"\n<p>\u00c0 Ger\u00eancia de Trilhas e Monitoramento (GERTRM), departamento subordinado \u00e0 Diretoria de Intelig\u00eancia da Superintend\u00eancia de Intelig\u00eancia e Cobran\u00e7a da Secretaria Municipal de Finan\u00e7as compete, dentre outras atribui\u00e7\u00f5es:<\/p>\n\n\n\n<p>I \u2013 realizar o monitoramento e acompanhamento fiscal de contribuintes;<\/p>\n\n\n\n<p>II \u2013 implementar e propor malhas fiscais;<\/p>\n\n\n\n<p>III \u2013 propor e acompanhar a elabora\u00e7\u00e3o de sistema de notifica\u00e7\u00e3o autom\u00e1tica de diverg\u00eancias fiscais;<\/p>\n\n\n\n<p>IV \u2013 gerar relat\u00f3rios de suporte \u00e0 fiscaliza\u00e7\u00e3o tribut\u00e1ria, contendo contribuintes com ind\u00edcios de irregularidades fiscais;<\/p>\n\n\n\n<p>V \u2013 dar suporte a a\u00e7\u00f5es fiscais, opera\u00e7\u00f5es e\/ou for\u00e7a-tarefa, pr\u00f3prias ou cooperadas, para o combate de pr\u00e1ticas que reduzam ou suprimam tributos;<\/p>\n\n\n\n<p>VI \u2013 desenvolver mecanismos de preven\u00e7\u00e3o, detec\u00e7\u00e3o, obstru\u00e7\u00e3o e neutraliza\u00e7\u00e3o das pr\u00e1ticas estruturadas contra o fisco municipal;<\/p>\n\n\n\n<p>VII \u2013 efetuar dilig\u00eancias para valida\u00e7\u00e3o, constru\u00e7\u00e3o e acompanhamento da confiabilidade de malhas fiscais, buscando novos dados e correla\u00e7\u00f5es;<\/p>\n\n\n\n<p>VIII \u2013 promover a integra\u00e7\u00e3o com a Diretoria de Lan\u00e7amento e Fiscaliza\u00e7\u00e3o Mobili\u00e1ria para valida\u00e7\u00e3o e acompanhamento de relat\u00f3rios;<\/p>\n\n\n\n<p>IX \u2013 receber aux\u00edlio e informa\u00e7\u00f5es sobre poss\u00edveis diverg\u00eancias fiscais atrav\u00e9s da Diretoria de Lan\u00e7amento e Fiscaliza\u00e7\u00e3o Mobili\u00e1ria;<\/p>\n\n\n\n<p>X \u2013 exercer outras atividades correlatas \u00e0s suas compet\u00eancias e que lhe forem determinadas pela Diretoria de Intelig\u00eancia.<\/p>\n","protected":false},"excerpt":{"rendered":"<p>\u00c0 Ger\u00eancia de Trilhas e Monitoramento (GERTRM), departamento subordinado \u00e0 Diretoria de Intelig\u00eancia da Superintend\u00eancia de Intelig\u00eancia e Cobran\u00e7a da Secretaria Municipal de Finan\u00e7as compete, dentre outras atribui\u00e7\u00f5es: I \u2013 realizar o monitoramento e acompanhamento fiscal de contribuintes; II \u2013 implementar e propor malhas fiscais; III \u2013 propor e acompanhar a elabora\u00e7\u00e3o de sistema de [&hellip;]<\/p>\n","protected":false},"author":1,"featured_media":0,"parent":314,"menu_order":50,"comment_status":"closed","ping_status":"closed","template":"","meta":{"_acf_changed":false,"custom_icon_class":"","footnotes":""},"class_list":["post-656","page","type-page","status-publish","hentry"],"acf":[],"_links":{"self":[{"href":"https:\/\/www.goiania.go.gov.br\/sefaz\/wp-json\/wp\/v2\/pages\/656","targetHints":{"allow":["GET"]}}],"collection":[{"href":"https:\/\/www.goiania.go.gov.br\/sefaz\/wp-json\/wp\/v2\/pages"}],"about":[{"href":"https:\/\/www.goiania.go.gov.br\/sefaz\/wp-json\/wp\/v2\/types\/page"}],"author":[{"embeddable":true,"href":"https:\/\/www.goiania.go.gov.br\/sefaz\/wp-json\/wp\/v2\/users\/1"}],"replies":[{"embeddable":true,"href":"https:\/\/www.goiania.go.gov.br\/sefaz\/wp-json\/wp\/v2\/comments?post=656"}],"version-history":[{"count":2,"href":"https:\/\/www.goiania.go.gov.br\/sefaz\/wp-json\/wp\/v2\/pages\/656\/revisions"}],"predecessor-version":[{"id":659,"href":"https:\/\/www.goiania.go.gov.br\/sefaz\/wp-json\/wp\/v2\/pages\/656\/revisions\/659"}],"up":[{"embeddable":true,"href":"https:\/\/www.goiania.go.gov.br\/sefaz\/wp-json\/wp\/v2\/pages\/314"}],"wp:attachment":[{"href":"https:\/\/www.goiania.go.gov.br\/sefaz\/wp-json\/wp\/v2\/media?parent=656"}],"curies":[{"name":"wp","href":"https:\/\/api.w.org\/{rel}","templated":true}]}}