{"id":649,"date":"2021-06-25T16:21:12","date_gmt":"2021-06-25T19:21:12","guid":{"rendered":"https:\/\/www.goiania.go.gov.br\/sefin\/departamentos\/gerencia-de-geoprocessamento\/"},"modified":"2021-06-25T16:22:59","modified_gmt":"2021-06-25T19:22:59","slug":"gerencia-de-geoprocessamento","status":"publish","type":"page","link":"https:\/\/www.goiania.go.gov.br\/sefaz\/departamentos\/gerencia-de-geoprocessamento\/","title":{"rendered":"Ger\u00eancia de Geoprocessamento"},"content":{"rendered":"\n<p>\u00c0 Ger\u00eancia de Geoprocessamento (Gergeo), departamento subordinado \u00e0 Diretoria de Intelig\u00eancia da Superintend\u00eancia de Intelig\u00eancia e Cobran\u00e7a da Secretaria Municipal de Finan\u00e7as compete, dentre outras atribui\u00e7\u00f5es:<\/p>\n\n\n\n<p>I \u2013 dirigir a contrata\u00e7\u00e3o, implanta\u00e7\u00e3o, manuten\u00e7\u00e3o e atualiza\u00e7\u00e3o da base cartogr\u00e1fica digital do Munic\u00edpio de Goi\u00e2nia;<\/p>\n\n\n\n<p>II \u2013 gerir e promover a elabora\u00e7\u00e3o de mapas tem\u00e1ticos, relat\u00f3rios descritivos, anal\u00edticos, e\/ou especifica\u00e7\u00f5es t\u00e9cnicas fazendo uso do SIGGO \u2013 Sistema de Informa\u00e7\u00e3o Geogr\u00e1fica de Goi\u00e2nia;<\/p>\n\n\n\n<p>III \u2013 coordenar a especifica\u00e7\u00e3o de interfaces para consulta e an\u00e1lise de dados contidos no SIGGO;<\/p>\n\n\n\n<p>IV \u2013 supervisionar os processos de atualiza\u00e7\u00e3o da base de dados cadastrais, vetoriais e de imagens, no \u00e2mbito de sua atua\u00e7\u00e3o;<\/p>\n\n\n\n<p>V \u2013 preparar o sistema de geoprocessamento para a utiliza\u00e7\u00e3o de modelos de dados geoestat\u00edsticos;<\/p>\n\n\n\n<p>VI \u2013 fazer o processamento e an\u00e1lise de imagens geogr\u00e1ficas;<\/p>\n\n\n\n<p>VII \u2013 auxiliar o cadastro imobili\u00e1rio e a vistoria fiscal no processamento e an\u00e1lise de imagens geogr\u00e1ficas;<\/p>\n\n\n\n<p>VIII \u2013 desenvolver ferramentas para o processamento de imagens e obten\u00e7\u00e3o de valores georrefenciados;<\/p>\n\n\n\n<p>IX \u2013 manter as informa\u00e7\u00f5es cartogr\u00e1ficas e estat\u00edsticas atualizadas e em conformidade com a realidade f\u00e1tica, realizando, quando necess\u00e1rio, vistorias e an\u00e1lises t\u00e9cnicas.<\/p>\n\n\n\n<p>X \u2013 exercer outras atividades correlatas \u00e0s suas compet\u00eancias e que lhe forem determinadas pela Diretoria de Intelig\u00eancia.<\/p>\n","protected":false},"excerpt":{"rendered":"<p>\u00c0 Ger\u00eancia de Geoprocessamento (Gergeo), departamento subordinado \u00e0 Diretoria de Intelig\u00eancia da Superintend\u00eancia de Intelig\u00eancia e Cobran\u00e7a da Secretaria Municipal de Finan\u00e7as compete, dentre outras atribui\u00e7\u00f5es: I \u2013 dirigir a contrata\u00e7\u00e3o, implanta\u00e7\u00e3o, manuten\u00e7\u00e3o e atualiza\u00e7\u00e3o da base cartogr\u00e1fica digital do Munic\u00edpio de Goi\u00e2nia; II \u2013 gerir e promover a elabora\u00e7\u00e3o de mapas tem\u00e1ticos, relat\u00f3rios descritivos, [&hellip;]<\/p>\n","protected":false},"author":1,"featured_media":0,"parent":314,"menu_order":49,"comment_status":"closed","ping_status":"closed","template":"","meta":{"_acf_changed":false,"custom_icon_class":"","footnotes":""},"class_list":["post-649","page","type-page","status-publish","hentry"],"acf":[],"_links":{"self":[{"href":"https:\/\/www.goiania.go.gov.br\/sefaz\/wp-json\/wp\/v2\/pages\/649","targetHints":{"allow":["GET"]}}],"collection":[{"href":"https:\/\/www.goiania.go.gov.br\/sefaz\/wp-json\/wp\/v2\/pages"}],"about":[{"href":"https:\/\/www.goiania.go.gov.br\/sefaz\/wp-json\/wp\/v2\/types\/page"}],"author":[{"embeddable":true,"href":"https:\/\/www.goiania.go.gov.br\/sefaz\/wp-json\/wp\/v2\/users\/1"}],"replies":[{"embeddable":true,"href":"https:\/\/www.goiania.go.gov.br\/sefaz\/wp-json\/wp\/v2\/comments?post=649"}],"version-history":[{"count":2,"href":"https:\/\/www.goiania.go.gov.br\/sefaz\/wp-json\/wp\/v2\/pages\/649\/revisions"}],"predecessor-version":[{"id":652,"href":"https:\/\/www.goiania.go.gov.br\/sefaz\/wp-json\/wp\/v2\/pages\/649\/revisions\/652"}],"up":[{"embeddable":true,"href":"https:\/\/www.goiania.go.gov.br\/sefaz\/wp-json\/wp\/v2\/pages\/314"}],"wp:attachment":[{"href":"https:\/\/www.goiania.go.gov.br\/sefaz\/wp-json\/wp\/v2\/media?parent=649"}],"curies":[{"name":"wp","href":"https:\/\/api.w.org\/{rel}","templated":true}]}}