{"id":626,"date":"2021-06-25T15:25:22","date_gmt":"2021-06-25T18:25:22","guid":{"rendered":"https:\/\/www.goiania.go.gov.br\/sefin\/departamentos\/gerencia-de-cobranca-administrativa\/"},"modified":"2021-06-25T15:26:31","modified_gmt":"2021-06-25T18:26:31","slug":"gerencia-de-cobranca-administrativa","status":"publish","type":"page","link":"https:\/\/www.goiania.go.gov.br\/sefaz\/departamentos\/gerencia-de-cobranca-administrativa\/","title":{"rendered":"Ger\u00eancia de Cobran\u00e7a Administrativa"},"content":{"rendered":"\n<p>\u00c0 Ger\u00eancia de Cobran\u00e7a Administrativa (Gercoa), departamento subordinado \u00e0 Diretoria de Cobran\u00e7a da D\u00edvida Ativa da Superintend\u00eancia de Intelig\u00eancia e Cobran\u00e7a da Secretaria Municipal de Finan\u00e7as compete, dentre outras atribui\u00e7\u00f5es:<\/p>\n\n\n\n<p>I \u2013 promover o levantamento, monitoramento e acompanhamento de d\u00e9bitos lan\u00e7ados e n\u00e3o pagos, junto aos Sistemas de Arrecada\u00e7\u00e3o, no sentido de analis\u00e1-los e emitir notifica\u00e7\u00e3o de cobran\u00e7a administrativa e da D\u00edvida Ativa aos inadimplentes;<\/p>\n\n\n\n<p>II \u2013 formular e executar procedimentos e processos para reposi\u00e7\u00e3o aos cofres p\u00fablicos de cr\u00e9ditos, tribut\u00e1rios ou n\u00e3o;<\/p>\n\n\n\n<p>III \u2013 promover a cobran\u00e7a administrativa e da D\u00edvida Ativa, encaminhando e registrando em Tabelionato de Protesto os t\u00edtulos de cr\u00e9dito representados pela Certid\u00e3o de D\u00edvida Ativa \u2013 CDA do Munic\u00edpio, das receitas tribut\u00e1rias e n\u00e3o tribut\u00e1rias n\u00e3o pagas;<\/p>\n\n\n\n<p>IV \u2013 emitir notifica\u00e7\u00e3o para os contribuintes que n\u00e3o quitarem seus d\u00e9bitos nos prazos previstos no calend\u00e1rio fiscal;<\/p>\n\n\n\n<p>V \u2013 executar as atividades de atendimento aos contribuintes ou devedores em geral, orientando-os quanto \u00e0 quita\u00e7\u00e3o de d\u00e9bitos, revis\u00e3o e outras informa\u00e7\u00f5es;<\/p>\n\n\n\n<p>VI \u2013 executar parcelamentos e reparcelamento;<\/p>\n\n\n\n<p>VII \u2013 autorizar e emitir Certid\u00e3o Positiva Com Efeito Negativa de Regularidade Fiscal, com base no Sistema Integrado de Arrecada\u00e7\u00e3o;<\/p>\n\n\n\n<p>VIII \u2013 emitir despachos informativos em processos relacionados \u00e0 Cobran\u00e7a Administrativa e, sobretudo, quanto a pend\u00eancias no Cadastro de Pessoa F\u00edsica (CPF) e no Cadastro Nacional de Pessoa Jur\u00eddica (CNPJ), perante a Fazenda P\u00fablica Municipal;<\/p>\n\n\n\n<p>IX \u2013 promover a altera\u00e7\u00e3o e atualiza\u00e7\u00e3o dos cadastros dos contribuintes do Munic\u00edpio, para fins de cobran\u00e7a de d\u00e9bitos em atraso;<\/p>\n\n\n\n<p>X \u2013 enviar para publica\u00e7\u00e3o no Di\u00e1rio Oficial Eletr\u00f4nico do Munic\u00edpio os nomes dos contribuintes devedores, inclusive quando na fase de apontamento do Protesto;<\/p>\n\n\n\n<p>XI \u2013 exercer outras atividades correlatas \u00e0s suas compet\u00eancias e que lhe forem determinadas pela Diretoria de Cobran\u00e7a e da D\u00edvida Ativa.<\/p>\n","protected":false},"excerpt":{"rendered":"<p>\u00c0 Ger\u00eancia de Cobran\u00e7a Administrativa (Gercoa), departamento subordinado \u00e0 Diretoria de Cobran\u00e7a da D\u00edvida Ativa da Superintend\u00eancia de Intelig\u00eancia e Cobran\u00e7a da Secretaria Municipal de Finan\u00e7as compete, dentre outras atribui\u00e7\u00f5es: I \u2013 promover o levantamento, monitoramento e acompanhamento de d\u00e9bitos lan\u00e7ados e n\u00e3o pagos, junto aos Sistemas de Arrecada\u00e7\u00e3o, no sentido de analis\u00e1-los e emitir [&hellip;]<\/p>\n","protected":false},"author":1,"featured_media":0,"parent":314,"menu_order":45,"comment_status":"closed","ping_status":"closed","template":"","meta":{"_acf_changed":false,"custom_icon_class":"","footnotes":""},"class_list":["post-626","page","type-page","status-publish","hentry"],"acf":[],"_links":{"self":[{"href":"https:\/\/www.goiania.go.gov.br\/sefaz\/wp-json\/wp\/v2\/pages\/626","targetHints":{"allow":["GET"]}}],"collection":[{"href":"https:\/\/www.goiania.go.gov.br\/sefaz\/wp-json\/wp\/v2\/pages"}],"about":[{"href":"https:\/\/www.goiania.go.gov.br\/sefaz\/wp-json\/wp\/v2\/types\/page"}],"author":[{"embeddable":true,"href":"https:\/\/www.goiania.go.gov.br\/sefaz\/wp-json\/wp\/v2\/users\/1"}],"replies":[{"embeddable":true,"href":"https:\/\/www.goiania.go.gov.br\/sefaz\/wp-json\/wp\/v2\/comments?post=626"}],"version-history":[{"count":2,"href":"https:\/\/www.goiania.go.gov.br\/sefaz\/wp-json\/wp\/v2\/pages\/626\/revisions"}],"predecessor-version":[{"id":629,"href":"https:\/\/www.goiania.go.gov.br\/sefaz\/wp-json\/wp\/v2\/pages\/626\/revisions\/629"}],"up":[{"embeddable":true,"href":"https:\/\/www.goiania.go.gov.br\/sefaz\/wp-json\/wp\/v2\/pages\/314"}],"wp:attachment":[{"href":"https:\/\/www.goiania.go.gov.br\/sefaz\/wp-json\/wp\/v2\/media?parent=626"}],"curies":[{"name":"wp","href":"https:\/\/api.w.org\/{rel}","templated":true}]}}