{"id":608,"date":"2021-06-25T15:10:47","date_gmt":"2021-06-25T18:10:47","guid":{"rendered":"https:\/\/www.goiania.go.gov.br\/sefin\/departamentos\/diretoria-de-cobranca-da-divida-ativa\/"},"modified":"2021-06-25T15:11:47","modified_gmt":"2021-06-25T18:11:47","slug":"diretoria-de-cobranca-da-divida-ativa","status":"publish","type":"page","link":"https:\/\/www.goiania.go.gov.br\/sefaz\/departamentos\/diretoria-de-cobranca-da-divida-ativa\/","title":{"rendered":"Diretoria de Cobran\u00e7a da D\u00edvida Ativa"},"content":{"rendered":"\n<p>\u00c0 Diretoria de Cobran\u00e7a da D\u00edvida Ativa (DIRCDA), departamento subordinado \u00e0 Superintend\u00eancia de Intelig\u00eancia e Cobran\u00e7a da Secretaria de Finan\u00e7as compete, dentre outras atribui\u00e7\u00f5es:<\/p>\n\n\n\n<p>I \u2013 promover, coordenar e executar as atividades de cobran\u00e7a administrativa, bem como a inscri\u00e7\u00e3o em D\u00edvida Ativa, de cr\u00e9ditos tribut\u00e1rios e n\u00e3o tribut\u00e1rios, de natureza fiscal e todas receitas constitu\u00eddas do Munic\u00edpio, com a finalidade do recebimento das receitas n\u00e3o pagas e em atraso, na forma prevista na Lei Federal n\u00ba 6.830 de 22 de setembro de 1980 e na Lei n\u00ba 5.040\/75 \u2013 C\u00f3digo Tribut\u00e1rio do Munic\u00edpio e seu regulamento em vigor, e legisla\u00e7\u00f5es correlatas;<\/p>\n\n\n\n<p>II \u2013 supervisionar, orientar e controlar o desenvolvimento das atividades a cargo da Diretoria de Cobran\u00e7a e da D\u00edvida Ativa, fazendo observar as disposi\u00e7\u00f5es fixadas em leis e regulamentos para a tramita\u00e7\u00e3o de processos no \u00e2mbito de sua compet\u00eancia;<\/p>\n\n\n\n<p>III \u2013 articular-se com as demais unidades da Secretaria, com vistas \u00e0 proposi\u00e7\u00e3o de medidas que viabilizem a execu\u00e7\u00e3o dos planos, programas e projetos vinculados \u00e0 cobran\u00e7a e arrecada\u00e7\u00e3o, administrativa, da d\u00edvida ativa do Munic\u00edpio, de natureza tribut\u00e1ria ou n\u00e3o;<\/p>\n\n\n\n<p>IV \u2013 desenvolver a\u00e7\u00f5es de gest\u00e3o de tecnologia da informa\u00e7\u00e3o, visando o controle eletr\u00f4nico de processos administrativos, sob a responsabilidade da Diretoria de Cobran\u00e7a e da D\u00edvida Ativa, em conjunto com a Diretoria de Intelig\u00eancia;<\/p>\n\n\n\n<p>V \u2013 encaminhar e registrar para cobran\u00e7a em Tabelionato de Protesto os t\u00edtulos de cr\u00e9dito representados pela Certid\u00e3o de D\u00edvida Ativa (CDA) do Munic\u00edpio, das receitas tribut\u00e1rias e n\u00e3o tribut\u00e1rias n\u00e3o pagas, na forma das Leis Federais n\u00ba 9.492\/1997 e n\u00ba 12.767\/2012, e das normas estabelecidas pelo Tribunal de Justi\u00e7a do Estado de Goi\u00e1s;<\/p>\n\n\n\n<p>VI \u2013 autorizar a retirada e o cancelamento por pagamento ou outra modalidade, da cobran\u00e7a em Tabelionato de Protesto os t\u00edtulos de cr\u00e9dito representados pela CDA do Munic\u00edpio, das receitas tribut\u00e1rias e n\u00e3o tribut\u00e1rias, na forma das Leis Federais n\u00ba 9.492\/1997 e n\u00ba 12.767\/2012, e das normas estabelecidas pelo Tribunal de Justi\u00e7a do Estado de Goi\u00e1s;<\/p>\n\n\n\n<p>VII \u2013 decidir e autorizar o reconhecimento da decad\u00eancia e\/ou prescri\u00e7\u00e3o dos cr\u00e9ditos, tribut\u00e1rios ou n\u00e3o;<\/p>\n\n\n\n<p>VIII \u2013 promover a implanta\u00e7\u00e3o das normas do parcelamento dos cr\u00e9ditos tribut\u00e1rios e n\u00e3o tribut\u00e1rios;<\/p>\n\n\n\n<p>IX \u2013 participar, implantar e acompanhar sistemas de tecnologia da informa\u00e7\u00e3o relacionados ao parcelamento e a negocia\u00e7\u00e3o dos cr\u00e9ditos tribut\u00e1rios e n\u00e3o tribut\u00e1rios, em conjunto com a Diretoria de Intelig\u00eancia;<\/p>\n\n\n\n<p>X \u2013 participar, desenvolver, implantar e acompanhar projetos de sistema de tecnologia da informa\u00e7\u00e3o relacionados \u00e0 Cobran\u00e7a Administrativa e da D\u00edvida Ativa, em conjunto com a Diretoria de Intelig\u00eancia;<\/p>\n\n\n\n<p>XI \u2013 atualizar e alterar os documentos pr\u00f3prios do parcelamento e da d\u00edvida ativa do Munic\u00edpio;<\/p>\n\n\n\n<p>XII \u2013 promover o levantamento, monitoramento, controle e atualiza\u00e7\u00e3o, dos cr\u00e9ditos lan\u00e7ados e n\u00e3o pagos, efetuando a\u00e7\u00f5es de cobran\u00e7a, notifica\u00e7\u00e3o e edital aos contribuintes e respons\u00e1veis;<\/p>\n\n\n\n<p>XIII \u2013 promover os procedimentos de cobran\u00e7a administrativa;<\/p>\n\n\n\n<p>XIV \u2013 promover o controle e encaminhamento dos processos administrativos e fiscais relacionados com a Cobran\u00e7a e D\u00edvida Ativa, observando os prazos, com as respectivas notifica\u00e7\u00f5es ou editais;<\/p>\n\n\n\n<p>XV \u2013 emitir despachos informativos em processos de consulta, relacionados com a cobran\u00e7a administrativa e da D\u00edvida Ativa;<\/p>\n\n\n\n<p>XVI \u2013 realizar pesquisas e coletar dados de outras esferas de Governo e de outras prefeituras, relativas \u00e0 \u00e1rea de cobran\u00e7a, que sirvam de subs\u00eddios e incrementos ao desenvolvimento de novos processos e sistem\u00e1ticas compat\u00edveis com o interesse da administra\u00e7\u00e3o municipal;<\/p>\n\n\n\n<p>XVII \u2013 colaborar na atualiza\u00e7\u00e3o do Cadastro de Contribuintes do Munic\u00edpio;<\/p>\n\n\n\n<p>XVIII \u2013 promover a implanta\u00e7\u00e3o das normas e sistemas relacionados \u00e0s Certid\u00f5es emitidas pela Prefeitura;<\/p>\n\n\n\n<p>XIX \u2013 acompanhar e gerir as Certid\u00f5es de Regularidade Fiscal, dados cadastrais e de informa\u00e7\u00f5es da Prefeitura;<\/p>\n\n\n\n<p>XX \u2013 subsidiar a Procuradoria Geral do Munic\u00edpio no ajuizamento dos cr\u00e9ditos tribut\u00e1rios e n\u00e3o tribut\u00e1rios inscritos em D\u00edvida Ativa;<\/p>\n\n\n\n<p>XXI \u2013 analisar, acompanhar, decidir e cumprir as determina\u00e7\u00f5es inerentes \u00e0 cobran\u00e7a administrativa e da d\u00edvida ativa, sobretudo quanto a suspens\u00e3o de exigibilidade dos cr\u00e9ditos tribut\u00e1rios e n\u00e3o tribut\u00e1rios;<\/p>\n\n\n\n<p>XXII \u2013 prestar assist\u00eancia t\u00e9cnica em processos administrativos da qual a Prefeitura seja parte, no \u00e2mbito da administra\u00e7\u00e3o tribut\u00e1ria;<\/p>\n\n\n\n<p>XXIII \u2013 realizar o levantamento e promover o repasse dos emolumentos retidos pelo recebimento dos d\u00e9bitos fiscais protocolados em protesto, conforme tabela divulgada periodicamente pela Corregedoria do Tribunal de Justi\u00e7a do Estado de Goi\u00e1s;<\/p>\n\n\n\n<p>XXIV- elaborar relat\u00f3rio anual de detalhamento da d\u00edvida ativa do munic\u00edpio;<\/p>\n\n\n\n<p>XXV \u2013 autorizar a altera\u00e7\u00e3o, baixa e exclus\u00e3o de cr\u00e9ditos tribut\u00e1rios ou n\u00e3o, atendendo \u00e0s decis\u00f5es de processos administrativos e judiciais;<\/p>\n\n\n\n<p>XXVI \u2013 providenciar todos os meios necess\u00e1rios ao regular andamento e instru\u00e7\u00e3o dos processos administrativos e requisitar aos \u00f3rg\u00e3os competentes, informa\u00e7\u00f5es e documentos indispens\u00e1veis;<\/p>\n\n\n\n<p>XXVII \u2013 promover o acompanhamento das decis\u00f5es, inclusive quanto \u00e0 suspens\u00e3o da exigibilidade nos termos do artigo 151 do C\u00f3digo Tribut\u00e1rio Nacional \u2013 CTN;<\/p>\n\n\n\n<p>XXVIII \u2013 controlar e executar a suspens\u00e3o da exigibilidade dos cr\u00e9ditos tribut\u00e1rios e n\u00e3o tribut\u00e1rios, nos termos do artigo 151 do C\u00f3digo Tribut\u00e1rio Nacional \u2013 CTN;<\/p>\n\n\n\n<p>XXIX \u2013 exercer outras atividades correlatas \u00e0s suas compet\u00eancias e que lhe forem determinadas pela Superintend\u00eancia de Intelig\u00eancia e Cobran\u00e7a.<\/p>\n","protected":false},"excerpt":{"rendered":"<p>\u00c0 Diretoria de Cobran\u00e7a da D\u00edvida Ativa (DIRCDA), departamento subordinado \u00e0 Superintend\u00eancia de Intelig\u00eancia e Cobran\u00e7a da Secretaria de Finan\u00e7as compete, dentre outras atribui\u00e7\u00f5es: I \u2013 promover, coordenar e executar as atividades de cobran\u00e7a administrativa, bem como a inscri\u00e7\u00e3o em D\u00edvida Ativa, de cr\u00e9ditos tribut\u00e1rios e n\u00e3o tribut\u00e1rios, de natureza fiscal e todas receitas constitu\u00eddas [&hellip;]<\/p>\n","protected":false},"author":1,"featured_media":0,"parent":314,"menu_order":43,"comment_status":"closed","ping_status":"closed","template":"","meta":{"_acf_changed":false,"custom_icon_class":"","footnotes":""},"class_list":["post-608","page","type-page","status-publish","hentry"],"acf":[],"_links":{"self":[{"href":"https:\/\/www.goiania.go.gov.br\/sefaz\/wp-json\/wp\/v2\/pages\/608","targetHints":{"allow":["GET"]}}],"collection":[{"href":"https:\/\/www.goiania.go.gov.br\/sefaz\/wp-json\/wp\/v2\/pages"}],"about":[{"href":"https:\/\/www.goiania.go.gov.br\/sefaz\/wp-json\/wp\/v2\/types\/page"}],"author":[{"embeddable":true,"href":"https:\/\/www.goiania.go.gov.br\/sefaz\/wp-json\/wp\/v2\/users\/1"}],"replies":[{"embeddable":true,"href":"https:\/\/www.goiania.go.gov.br\/sefaz\/wp-json\/wp\/v2\/comments?post=608"}],"version-history":[{"count":2,"href":"https:\/\/www.goiania.go.gov.br\/sefaz\/wp-json\/wp\/v2\/pages\/608\/revisions"}],"predecessor-version":[{"id":610,"href":"https:\/\/www.goiania.go.gov.br\/sefaz\/wp-json\/wp\/v2\/pages\/608\/revisions\/610"}],"up":[{"embeddable":true,"href":"https:\/\/www.goiania.go.gov.br\/sefaz\/wp-json\/wp\/v2\/pages\/314"}],"wp:attachment":[{"href":"https:\/\/www.goiania.go.gov.br\/sefaz\/wp-json\/wp\/v2\/media?parent=608"}],"curies":[{"name":"wp","href":"https:\/\/api.w.org\/{rel}","templated":true}]}}