{"id":597,"date":"2021-06-25T14:59:08","date_gmt":"2021-06-25T17:59:08","guid":{"rendered":"https:\/\/www.goiania.go.gov.br\/sefin\/departamentos\/assessoria-de-tecnologia-da-informacao\/"},"modified":"2021-06-25T15:00:23","modified_gmt":"2021-06-25T18:00:23","slug":"assessoria-de-tecnologia-da-informacao","status":"publish","type":"page","link":"https:\/\/www.goiania.go.gov.br\/sefaz\/departamentos\/assessoria-de-tecnologia-da-informacao\/","title":{"rendered":"Assessoria de Tecnologia da Informa\u00e7\u00e3o"},"content":{"rendered":"\n<p>\u00c0 Assessoria de Tecnologia da Informa\u00e7\u00e3o (ASSTI), departamento subordinado \u00e0 Superintend\u00eancia de Intelig\u00eancia e Cobran\u00e7a da Secretaria de Finan\u00e7as compete, dentre outras atribui\u00e7\u00f5es:<\/p>\n\n\n\n<p>I \u2013 desenhar, avaliar e propor melhoria dos processos de neg\u00f3cio no \u00e2mbito da Sefin;<\/p>\n\n\n\n<p>II \u2013 propor e incentivar a implanta\u00e7\u00e3o de solu\u00e7\u00f5es de Tecnologia da Informa\u00e7\u00e3o, alinhadas \u00e0s a\u00e7\u00f5es da Secretaria;<\/p>\n\n\n\n<p>III \u2013 promover, incentivar e fazer cumprir as pol\u00edticas de seguran\u00e7a da informa\u00e7\u00e3o a serem observadas pelas diversas unidades da Secretaria;<\/p>\n\n\n\n<p>IV \u2013 participar do planejamento, coordena\u00e7\u00e3o e implanta\u00e7\u00e3o de servi\u00e7os especializados de Tecnologia da Informa\u00e7\u00e3o no \u00e2mbito da Secretaria;<\/p>\n\n\n\n<p>V \u2013 planejar a aquisi\u00e7\u00e3o, loca\u00e7\u00e3o e expans\u00e3o de equipamentos, suprimentos, solu\u00e7\u00f5es de tecnologia da informa\u00e7\u00e3o, servi\u00e7os de telecomunica\u00e7\u00f5es, m\u00e3o-de-obra especializada e programas destinados aos sistemas computacionais no \u00e2mbito da Secretaria;<\/p>\n\n\n\n<p>VI \u2013 auxiliar e promover a implanta\u00e7\u00e3o do reposit\u00f3rio de dados da SEFIN;<\/p>\n\n\n\n<p>VII \u2013 realizar interc\u00e2mbio de solu\u00e7\u00f5es na \u00e1rea de Tecnologia da Informa\u00e7\u00e3o com \u00f3rg\u00e3os e entidades da Administra\u00e7\u00e3o P\u00fablica;<\/p>\n\n\n\n<p>VIII \u2013 viabilizar a integra\u00e7\u00e3o e compatibilidade dos dados, visando a disponibilizar informa\u00e7\u00f5es com qualidade e subsidiar a tomada de decis\u00f5es no \u00e2mbito da Secretaria;<\/p>\n\n\n\n<p>IX \u2013 projetar, desenvolver, manter e avaliar os sistemas de Tecnologia da Informa\u00e7\u00e3o e comunica\u00e7\u00e3o, objetivando a celeridade e automatiza\u00e7\u00e3o de processos no \u00e2mbito da Secretaria;<\/p>\n\n\n\n<p>X \u2013 propor, coordenar e desenvolver a programa\u00e7\u00e3o t\u00e9cnica de s\u00edtios para a internet e intranet no \u00e2mbito da Secretaria, em conjunto com o \u00f3rg\u00e3o de ci\u00eancia e tecnologia respons\u00e1vel pela execu\u00e7\u00e3o da pol\u00edtica de inform\u00e1tica da Administra\u00e7\u00e3o Municipal;<\/p>\n\n\n\n<p>XI \u2013 coordenar o processo de diagn\u00f3stico, prospec\u00e7\u00e3o e difus\u00e3o de novas solu\u00e7\u00f5es relacionadas \u00e0 Tecnologia da Informa\u00e7\u00e3o aplic\u00e1veis \u00e0 Secretaria;<\/p>\n\n\n\n<p>XII \u2013 acompanhar a evolu\u00e7\u00e3o das necessidades de informa\u00e7\u00e3o nas diversas unidades da Secretaria, propondo, quando necess\u00e1rio, exclus\u00e3o, altera\u00e7\u00e3o ou implanta\u00e7\u00e3o de sistemas ou utiliza\u00e7\u00e3o de t\u00e9cnicas ou metodologias mais eficientes e eficazes;<\/p>\n\n\n\n<p>XIII \u2013 exercer outras atividades correlatas \u00e0s suas compet\u00eancias e que lhe forem determinadas pela Superintend\u00eancia de Intelig\u00eancia e Cobran\u00e7a.<\/p>\n","protected":false},"excerpt":{"rendered":"<p>\u00c0 Assessoria de Tecnologia da Informa\u00e7\u00e3o (ASSTI), departamento subordinado \u00e0 Superintend\u00eancia de Intelig\u00eancia e Cobran\u00e7a da Secretaria de Finan\u00e7as compete, dentre outras atribui\u00e7\u00f5es: I \u2013 desenhar, avaliar e propor melhoria dos processos de neg\u00f3cio no \u00e2mbito da Sefin; II \u2013 propor e incentivar a implanta\u00e7\u00e3o de solu\u00e7\u00f5es de Tecnologia da Informa\u00e7\u00e3o, alinhadas \u00e0s a\u00e7\u00f5es da [&hellip;]<\/p>\n","protected":false},"author":1,"featured_media":0,"parent":314,"menu_order":41,"comment_status":"closed","ping_status":"closed","template":"","meta":{"_acf_changed":false,"custom_icon_class":"","footnotes":""},"class_list":["post-597","page","type-page","status-publish","hentry"],"acf":[],"_links":{"self":[{"href":"https:\/\/www.goiania.go.gov.br\/sefaz\/wp-json\/wp\/v2\/pages\/597","targetHints":{"allow":["GET"]}}],"collection":[{"href":"https:\/\/www.goiania.go.gov.br\/sefaz\/wp-json\/wp\/v2\/pages"}],"about":[{"href":"https:\/\/www.goiania.go.gov.br\/sefaz\/wp-json\/wp\/v2\/types\/page"}],"author":[{"embeddable":true,"href":"https:\/\/www.goiania.go.gov.br\/sefaz\/wp-json\/wp\/v2\/users\/1"}],"replies":[{"embeddable":true,"href":"https:\/\/www.goiania.go.gov.br\/sefaz\/wp-json\/wp\/v2\/comments?post=597"}],"version-history":[{"count":2,"href":"https:\/\/www.goiania.go.gov.br\/sefaz\/wp-json\/wp\/v2\/pages\/597\/revisions"}],"predecessor-version":[{"id":600,"href":"https:\/\/www.goiania.go.gov.br\/sefaz\/wp-json\/wp\/v2\/pages\/597\/revisions\/600"}],"up":[{"embeddable":true,"href":"https:\/\/www.goiania.go.gov.br\/sefaz\/wp-json\/wp\/v2\/pages\/314"}],"wp:attachment":[{"href":"https:\/\/www.goiania.go.gov.br\/sefaz\/wp-json\/wp\/v2\/media?parent=597"}],"curies":[{"name":"wp","href":"https:\/\/api.w.org\/{rel}","templated":true}]}}