{"id":591,"date":"2021-06-25T14:41:58","date_gmt":"2021-06-25T17:41:58","guid":{"rendered":"https:\/\/www.goiania.go.gov.br\/sefin\/departamentos\/superintendencia-de-inteligencia-e-cobranca\/"},"modified":"2021-06-25T14:53:29","modified_gmt":"2021-06-25T17:53:29","slug":"superintendencia-de-inteligencia-e-cobranca","status":"publish","type":"page","link":"https:\/\/www.goiania.go.gov.br\/sefaz\/departamentos\/superintendencia-de-inteligencia-e-cobranca\/","title":{"rendered":"Superintend\u00eancia de Intelig\u00eancia e Cobran\u00e7a"},"content":{"rendered":"\n<p>I \u2013 supervisionar e orientar o desenvolvimento das atividades de cobran\u00e7a administrativa e inscri\u00e7\u00e3o na D\u00edvida Ativa, fazendo observar as disposi\u00e7\u00f5es fixadas em leis e regulamentos para a tramita\u00e7\u00e3o de processos no \u00e2mbito de sua compet\u00eancia;<\/p>\n\n\n\n<p>II \u2013 articular-se com as demais unidades da Administra\u00e7\u00e3o, visando coletar subs\u00eddios e informa\u00e7\u00f5es que viabilizem o desenvolvimento de a\u00e7\u00f5es integradas, no interesse da Secretaria;<\/p>\n\n\n\n<p>III \u2013 desenvolver a\u00e7\u00f5es de gest\u00e3o de tecnologia da informa\u00e7\u00e3o, visando o controle eletr\u00f4nico e melhoria de processos;<\/p>\n\n\n\n<p>IV \u2013 supervisionar e propor melhorias quanto a implementa\u00e7\u00e3o e o desenvolvimento incremental do reposit\u00f3rio de dados da Sefin;<\/p>\n\n\n\n<p>V \u2013 acompanhar o desenvolvimento dos sistemas informatizados da Sefin;<\/p>\n\n\n\n<p>VI \u2013 supervisionar o processo de aquisi\u00e7\u00e3o de solu\u00e7\u00f5es tecnol\u00f3gicas da Sefin;<\/p>\n\n\n\n<p>VII \u2013 acompanhar e propor a formula\u00e7\u00e3o de pain\u00e9is de acompanhamento de dados fiscais e s\u00f3cio-econ\u00f4micos a fim de subsidiar o Secret\u00e1rio de Finan\u00e7as na tomada de decis\u00e3o;<\/p>\n\n\n\n<p>VIII \u2013 propor e avaliar trilhas de monitoramento de acompanhamento fiscal;<\/p>\n\n\n\n<p>IX \u2013 supervisionar e auxiliar a constru\u00e7\u00e3o de s\u00e9ries hist\u00f3ricas de estat\u00edsticas e informa\u00e7\u00f5es;<\/p>\n\n\n\n<p>X \u2013 promover o desenvolvimento ou aquisi\u00e7\u00e3o de sistemas em bases de dados georeferenciadas-geoprocessamento;<\/p>\n\n\n\n<p>XI \u2013 gerir o sistema de geoprocessamento do munic\u00edpio;<\/p>\n\n\n\n<p>XII \u2013 propor e gerir conv\u00eanios de coopera\u00e7\u00e3o de dados e formas de integra\u00e7\u00e3o entre Sefin e terceiros;<\/p>\n\n\n\n<p>XIII \u2013 tornar a Sefin uma unidade orientada a dados.<\/p>\n","protected":false},"excerpt":{"rendered":"<p>I \u2013 supervisionar e orientar o desenvolvimento das atividades de cobran\u00e7a administrativa e inscri\u00e7\u00e3o na D\u00edvida Ativa, fazendo observar as disposi\u00e7\u00f5es fixadas em leis e regulamentos para a tramita\u00e7\u00e3o de processos no \u00e2mbito de sua compet\u00eancia; II \u2013 articular-se com as demais unidades da Administra\u00e7\u00e3o, visando coletar subs\u00eddios e informa\u00e7\u00f5es que viabilizem o desenvolvimento de [&hellip;]<\/p>\n","protected":false},"author":1,"featured_media":0,"parent":314,"menu_order":39,"comment_status":"closed","ping_status":"closed","template":"","meta":{"_acf_changed":false,"custom_icon_class":"","footnotes":""},"class_list":["post-591","page","type-page","status-publish","hentry"],"acf":[],"_links":{"self":[{"href":"https:\/\/www.goiania.go.gov.br\/sefaz\/wp-json\/wp\/v2\/pages\/591","targetHints":{"allow":["GET"]}}],"collection":[{"href":"https:\/\/www.goiania.go.gov.br\/sefaz\/wp-json\/wp\/v2\/pages"}],"about":[{"href":"https:\/\/www.goiania.go.gov.br\/sefaz\/wp-json\/wp\/v2\/types\/page"}],"author":[{"embeddable":true,"href":"https:\/\/www.goiania.go.gov.br\/sefaz\/wp-json\/wp\/v2\/users\/1"}],"replies":[{"embeddable":true,"href":"https:\/\/www.goiania.go.gov.br\/sefaz\/wp-json\/wp\/v2\/comments?post=591"}],"version-history":[{"count":2,"href":"https:\/\/www.goiania.go.gov.br\/sefaz\/wp-json\/wp\/v2\/pages\/591\/revisions"}],"predecessor-version":[{"id":594,"href":"https:\/\/www.goiania.go.gov.br\/sefaz\/wp-json\/wp\/v2\/pages\/591\/revisions\/594"}],"up":[{"embeddable":true,"href":"https:\/\/www.goiania.go.gov.br\/sefaz\/wp-json\/wp\/v2\/pages\/314"}],"wp:attachment":[{"href":"https:\/\/www.goiania.go.gov.br\/sefaz\/wp-json\/wp\/v2\/media?parent=591"}],"curies":[{"name":"wp","href":"https:\/\/api.w.org\/{rel}","templated":true}]}}