{"id":586,"date":"2021-06-25T14:39:20","date_gmt":"2021-06-25T17:39:20","guid":{"rendered":"https:\/\/www.goiania.go.gov.br\/sefin\/departamentos\/gerencia-de-lancamento-do-imposto-sobre-transmissao-de-imoveis\/"},"modified":"2021-06-25T14:40:51","modified_gmt":"2021-06-25T17:40:51","slug":"gerencia-de-lancamento-do-imposto-sobre-transmissao-de-imoveis","status":"publish","type":"page","link":"https:\/\/www.goiania.go.gov.br\/sefaz\/departamentos\/gerencia-de-lancamento-do-imposto-sobre-transmissao-de-imoveis\/","title":{"rendered":"Ger\u00eancia de Lan\u00e7amento do Imposto Sobre Transmiss\u00e3o de Im\u00f3veis"},"content":{"rendered":"\n<p>\u00c0 Ger\u00eancia de Lan\u00e7amento do Imposto Sobre Transmiss\u00e3o de Im\u00f3veis &#8211; ISTI (Gerlit), departamento subordinado \u00e0 Diretoria de Lan\u00e7amento e Fiscaliza\u00e7\u00e3o Imobili\u00e1ria da Superintend\u00eancia de Administra\u00e7\u00e3o Tribut\u00e1ria da Secretaria Municipal de Finan\u00e7as compete, dentre outras atribui\u00e7\u00f5es:<\/p>\n\n\n\n<p>I \u2013 executar e controlar as atividades de lan\u00e7amento do Imposto Sobre Transmiss\u00e3o de Im\u00f3veis Inter Vivos por ato oneroso;<\/p>\n\n\n\n<p>II \u2013 receber e analisar requerimentos para o c\u00e1lculo do ISTI e emitir taxas vinculadas;<\/p>\n\n\n\n<p>III \u2013 emitir Laudo de Avalia\u00e7\u00e3o, c\u00e1lculo do ISTI e a respectiva Guia de Recolhimento do imposto;<\/p>\n\n\n\n<p>IV \u2013 propor e elaborar procedimentos relativos ao controle de cobran\u00e7as e arrecada\u00e7\u00e3o do ISTI;<\/p>\n\n\n\n<p>V \u2013 acompanhar os recolhimentos ocorridos na \u00e1rea forense, oriundos dos processos em que haja incid\u00eancia do ISTI, mediante rotinas de controles especiais;<\/p>\n\n\n\n<p>VI \u2013 promover dilig\u00eancias para a avalia\u00e7\u00e3o dos bens im\u00f3veis objeto de transmiss\u00e3o, quando necess\u00e1rio;<\/p>\n\n\n\n<p>VII \u2013 acompanhar, controlar e promover auditoria fiscal junto aos cart\u00f3rios de Notas, Registro de Im\u00f3veis e de T\u00edtulos de Documentos, quanto \u00e0 transmiss\u00e3o de bens im\u00f3veis e de direitos a eles relativos, com o fim de verificar a incid\u00eancia e recolhimento do ISTI;<\/p>\n\n\n\n<p>VIII \u2013 elaborar relat\u00f3rios de auditoria em processos de imunidade tribut\u00e1ria, requeridas por pessoas jur\u00eddicas em integraliza\u00e7\u00e3o de capital e nos processos relacionados \u00e0s entidades enquadradas no art. 150, VI \u2013 \u201cc\u201d, da Constitui\u00e7\u00e3o Federal;<\/p>\n\n\n\n<p>IX \u2013 instruir e\/ou emitir parecer t\u00e9cnico em processos com requerimentos relativos ao lan\u00e7amento do ISTI;<\/p>\n\n\n\n<p>X \u2013 acompanhar, controlar e promover auditoria fiscal nos processos de concess\u00e3o de laudo de ISTI com cl\u00e1usula condicional;<\/p>\n\n\n\n<p>XI \u2013 acompanhar, controlar e promover auditoria fiscal nas declara\u00e7\u00f5es eletr\u00f4nicas de transa\u00e7\u00f5es e opera\u00e7\u00f5es imobili\u00e1rias junto aos cart\u00f3rios de registro de im\u00f3veis e tabelionatos de notas;<\/p>\n\n\n\n<p>XII \u2013 manter integra\u00e7\u00e3o com as demais ger\u00eancias e \u00f3rg\u00e3os da administra\u00e7\u00e3o correlatos visando a atualiza\u00e7\u00e3o dos dados relativos ao im\u00f3vel;<\/p>\n\n\n\n<p>XIII \u2013 exercer outras atividades correlatas \u00e0s suas compet\u00eancias e que lhe forem determinadas pelo Diretor de Lan\u00e7amento e Fiscaliza\u00e7\u00e3o Imobili\u00e1ria, observando sempre os princ\u00edpios legais, \u00e9ticos e morais.<\/p>\n","protected":false},"excerpt":{"rendered":"<p>\u00c0 Ger\u00eancia de Lan\u00e7amento do Imposto Sobre Transmiss\u00e3o de Im\u00f3veis &#8211; ISTI (Gerlit), departamento subordinado \u00e0 Diretoria de Lan\u00e7amento e Fiscaliza\u00e7\u00e3o Imobili\u00e1ria da Superintend\u00eancia de Administra\u00e7\u00e3o Tribut\u00e1ria da Secretaria Municipal de Finan\u00e7as compete, dentre outras atribui\u00e7\u00f5es: I \u2013 executar e controlar as atividades de lan\u00e7amento do Imposto Sobre Transmiss\u00e3o de Im\u00f3veis Inter Vivos por ato [&hellip;]<\/p>\n","protected":false},"author":1,"featured_media":0,"parent":314,"menu_order":40,"comment_status":"closed","ping_status":"closed","template":"","meta":{"_acf_changed":false,"custom_icon_class":"","footnotes":""},"class_list":["post-586","page","type-page","status-publish","hentry"],"acf":[],"_links":{"self":[{"href":"https:\/\/www.goiania.go.gov.br\/sefaz\/wp-json\/wp\/v2\/pages\/586","targetHints":{"allow":["GET"]}}],"collection":[{"href":"https:\/\/www.goiania.go.gov.br\/sefaz\/wp-json\/wp\/v2\/pages"}],"about":[{"href":"https:\/\/www.goiania.go.gov.br\/sefaz\/wp-json\/wp\/v2\/types\/page"}],"author":[{"embeddable":true,"href":"https:\/\/www.goiania.go.gov.br\/sefaz\/wp-json\/wp\/v2\/users\/1"}],"replies":[{"embeddable":true,"href":"https:\/\/www.goiania.go.gov.br\/sefaz\/wp-json\/wp\/v2\/comments?post=586"}],"version-history":[{"count":2,"href":"https:\/\/www.goiania.go.gov.br\/sefaz\/wp-json\/wp\/v2\/pages\/586\/revisions"}],"predecessor-version":[{"id":589,"href":"https:\/\/www.goiania.go.gov.br\/sefaz\/wp-json\/wp\/v2\/pages\/586\/revisions\/589"}],"up":[{"embeddable":true,"href":"https:\/\/www.goiania.go.gov.br\/sefaz\/wp-json\/wp\/v2\/pages\/314"}],"wp:attachment":[{"href":"https:\/\/www.goiania.go.gov.br\/sefaz\/wp-json\/wp\/v2\/media?parent=586"}],"curies":[{"name":"wp","href":"https:\/\/api.w.org\/{rel}","templated":true}]}}