{"id":563,"date":"2021-06-25T14:10:58","date_gmt":"2021-06-25T17:10:58","guid":{"rendered":"https:\/\/www.goiania.go.gov.br\/sefin\/departamentos\/gerencia-do-simples-nacional\/"},"modified":"2021-06-25T14:15:44","modified_gmt":"2021-06-25T17:15:44","slug":"gerencia-do-simples-nacional","status":"publish","type":"page","link":"https:\/\/www.goiania.go.gov.br\/sefaz\/departamentos\/gerencia-do-simples-nacional\/","title":{"rendered":"Ger\u00eancia do Simples Nacional"},"content":{"rendered":"\n<p>\u00c0 Ger\u00eancia do Simples Nacional (Gernac1), departamento subordinado \u00e0 Diretoria de Lan\u00e7amento e Fiscaliza\u00e7\u00e3o Mobili\u00e1ria da Superintend\u00eancia de Administra\u00e7\u00e3o Tribut\u00e1ria da Secretaria Municipal de Finan\u00e7as compete, dentre outras atribui\u00e7\u00f5es:<\/p>\n\n\n\n<p>I \u2013 fazer o acompanhamento da legisla\u00e7\u00e3o relacionada ao Estatuto Nacional da Microempresa (ME) e Empresa de Pequeno Porte (EPP) \u2013 Simples Nacional;<\/p>\n\n\n\n<p>II \u2013 responsabilizar-se pela an\u00e1lise, encaminhamento, emiss\u00e3o de pareceres t\u00e9cnicos e realiza\u00e7\u00e3o de dilig\u00eancias em todos os processos administrativos que envolvam mat\u00e9rias do Estatuto Nacional da Microempresa (ME) e Empresa de Pequeno Porte (EPP) \u2013 Simples Nacional, sob sua compet\u00eancia;<\/p>\n\n\n\n<p>III \u2013 efetuar as consultas, eventos, solicita\u00e7\u00f5es de arquivos e acompanhar as altera\u00e7\u00f5es e atualiza\u00e7\u00f5es dos sistemas dispon\u00edveis no Portal do Simples Nacional, responsabilizando-se pela utiliza\u00e7\u00e3o do Sistema de Certificado Digital;<\/p>\n\n\n\n<p>IV \u2013 prestar informa\u00e7\u00f5es e esclarecimentos aos contribuintes e interessados sobre a legisla\u00e7\u00e3o aplic\u00e1vel do Simples Nacional no \u00e2mbito do Munic\u00edpio;<\/p>\n\n\n\n<p>V \u2013 acompanhar as propostas legislativas referente ao Simples Nacional junto \u00e0s entidades municipalistas;<\/p>\n\n\n\n<p>VI \u2013 realizar estudos e propor altera\u00e7\u00f5es necess\u00e1rias na legisla\u00e7\u00e3o municipal, com vistas adequ\u00e1-la, no que couber, \u00e0 legisla\u00e7\u00e3o do Simples Nacional;<\/p>\n\n\n\n<p>VII \u2013 responsabilizar pelas exclus\u00f5es e indeferimentos do Simples Nacional, assim como o desenquadramento do MEI, instruindo os processos de revis\u00e3o, recurso e\/ou impugna\u00e7\u00e3o, sempre que solicitado;<\/p>\n\n\n\n<p>VIII \u2013 definir par\u00e2metros e administrar a Malha PGDAS-D, conforme previsto no art. 39-A da Resolu\u00e7\u00e3o CGSN 140\/2018 e altera\u00e7\u00f5es posteriores;<\/p>\n\n\n\n<p>IX \u2013 monitorar os contribuintes optantes pelo regime de caixa;<\/p>\n\n\n\n<p>X \u2013 promover o acompanhamento e o controle do desempenho do pessoal, encaminhando ao departamento administrativo as folhas de frequ\u00eancia e outros documentos relativos aos servidores lotados nesta Ger\u00eancia;<\/p>\n\n\n\n<p>XI \u2013 exercer outras atividades correlatas \u00e0s suas compet\u00eancias e que lhe forem determinadas pelo Diretor, observando sempre os princ\u00edpios da legalidade, impessoalidade, moralidade e \u00e9tica.<\/p>\n\n\n\n<p><\/p>\n","protected":false},"excerpt":{"rendered":"<p>\u00c0 Ger\u00eancia do Simples Nacional (Gernac1), departamento subordinado \u00e0 Diretoria de Lan\u00e7amento e Fiscaliza\u00e7\u00e3o Mobili\u00e1ria da Superintend\u00eancia de Administra\u00e7\u00e3o Tribut\u00e1ria da Secretaria Municipal de Finan\u00e7as compete, dentre outras atribui\u00e7\u00f5es: I \u2013 fazer o acompanhamento da legisla\u00e7\u00e3o relacionada ao Estatuto Nacional da Microempresa (ME) e Empresa de Pequeno Porte (EPP) \u2013 Simples Nacional; II \u2013 responsabilizar-se [&hellip;]<\/p>\n","protected":false},"author":1,"featured_media":0,"parent":314,"menu_order":35,"comment_status":"closed","ping_status":"closed","template":"","meta":{"_acf_changed":false,"custom_icon_class":"","footnotes":""},"class_list":["post-563","page","type-page","status-publish","hentry"],"acf":[],"_links":{"self":[{"href":"https:\/\/www.goiania.go.gov.br\/sefaz\/wp-json\/wp\/v2\/pages\/563","targetHints":{"allow":["GET"]}}],"collection":[{"href":"https:\/\/www.goiania.go.gov.br\/sefaz\/wp-json\/wp\/v2\/pages"}],"about":[{"href":"https:\/\/www.goiania.go.gov.br\/sefaz\/wp-json\/wp\/v2\/types\/page"}],"author":[{"embeddable":true,"href":"https:\/\/www.goiania.go.gov.br\/sefaz\/wp-json\/wp\/v2\/users\/1"}],"replies":[{"embeddable":true,"href":"https:\/\/www.goiania.go.gov.br\/sefaz\/wp-json\/wp\/v2\/comments?post=563"}],"version-history":[{"count":4,"href":"https:\/\/www.goiania.go.gov.br\/sefaz\/wp-json\/wp\/v2\/pages\/563\/revisions"}],"predecessor-version":[{"id":568,"href":"https:\/\/www.goiania.go.gov.br\/sefaz\/wp-json\/wp\/v2\/pages\/563\/revisions\/568"}],"up":[{"embeddable":true,"href":"https:\/\/www.goiania.go.gov.br\/sefaz\/wp-json\/wp\/v2\/pages\/314"}],"wp:attachment":[{"href":"https:\/\/www.goiania.go.gov.br\/sefaz\/wp-json\/wp\/v2\/media?parent=563"}],"curies":[{"name":"wp","href":"https:\/\/api.w.org\/{rel}","templated":true}]}}