{"id":548,"date":"2021-06-25T11:29:27","date_gmt":"2021-06-25T14:29:27","guid":{"rendered":"https:\/\/www.goiania.go.gov.br\/sefin\/departamentos\/gerencia-de-fiscalizacao-do-imposto-sobre-servicos-de-qualquer-natureza\/"},"modified":"2021-06-25T11:31:01","modified_gmt":"2021-06-25T14:31:01","slug":"gerencia-de-fiscalizacao-do-imposto-sobre-servicos-de-qualquer-natureza","status":"publish","type":"page","link":"https:\/\/www.goiania.go.gov.br\/sefaz\/departamentos\/gerencia-de-fiscalizacao-do-imposto-sobre-servicos-de-qualquer-natureza\/","title":{"rendered":"Ger\u00eancia de Fiscaliza\u00e7\u00e3o do Imposto sobre Servi\u00e7os de Qualquer Natureza"},"content":{"rendered":"\n<p>\u00c0 Ger\u00eancia de Fiscaliza\u00e7\u00e3o do Imposto sobre Servi\u00e7os de Qualquer Natureza \u2013 ISS (GERFIS), departamento subordinado \u00e0 Diretoria de Lan\u00e7amento e Fiscaliza\u00e7\u00e3o Mobili\u00e1ria da Superintend\u00eancia de Administra\u00e7\u00e3o Tribut\u00e1ria da Secretaria Municipal de Finan\u00e7as compete, dentre outras atribui\u00e7\u00f5es:<\/p>\n\n\n\n<p>I \u2013 estabelecer normas e orientar os Auditores de Tributos quanto \u00e0 execu\u00e7\u00e3o das ordens de servi\u00e7o, avaliando o seu desempenho, produtividade, efici\u00eancia e dedica\u00e7\u00e3o;<\/p>\n\n\n\n<p>II \u2013 emitir ordens de servi\u00e7o aos Auditores de Tributos, principalmente quanto \u00e0 fiscaliza\u00e7\u00e3o relacionada ao ISS, dilig\u00eancias e processos administrativos tribut\u00e1rios, controlar os prazos e o cumprimento da programa\u00e7\u00e3o estabelecida;<\/p>\n\n\n\n<p>III \u2013 analisar quanto aos aspectos formais, as pe\u00e7as fiscais que instruir\u00e3o os processos administrativos fiscais\/tribut\u00e1rios (autos de infra\u00e7\u00e3o e outros), determinando, quando for o caso, ao Auditor de Tributos respons\u00e1vel, o saneamento das mesmas, de forma a evitar preju\u00edzos ao correto andamento do processo;<\/p>\n\n\n\n<p>IV \u2013 receber, conferir e avaliar os relat\u00f3rios e pe\u00e7as fiscais emitidas pelos Auditores de Tributos, recusando ou determinando a corre\u00e7\u00e3o daquelas que contenham erros prejudiciais a sua efic\u00e1cia ou ao Er\u00e1rio Municipal;<\/p>\n\n\n\n<p>V \u2013 informar e determinar a execu\u00e7\u00e3o de dilig\u00eancia em processos de auditoria tribut\u00e1ria;<\/p>\n\n\n\n<p>VI \u2013 encaminhar os relat\u00f3rios dos Auditores de Tributos para a autoridade competente, para efeito de apura\u00e7\u00e3o da remunera\u00e7\u00e3o (vencimento e produtividade\/pr\u00eamio), de acordo com as normas legais;<\/p>\n\n\n\n<p>VII \u2013 informar e solicitar, oficialmente, \u00e0 autoridade municipal competente, a apura\u00e7\u00e3o de poss\u00edveis irregularidades, fraudes, desvios ou outros atos il\u00edcitos praticados por servidores e a ado\u00e7\u00e3o das medidas legais cab\u00edveis, sob pena de responsabilidade;<\/p>\n\n\n\n<p>VIII \u2013 promover a orienta\u00e7\u00e3o, fiscaliza\u00e7\u00e3o e controle da gera\u00e7\u00e3o de guias para recolhimento do ISS e emiss\u00e3o do Termo de Libera\u00e7\u00e3o para Shows e eventos;<\/p>\n\n\n\n<p>IX \u2013 promover o acompanhamento e o controle do desempenho do pessoal, encaminhando ao departamento administrativo as folhas de frequ\u00eancia e outros documentos relativos aos servidores lotados nesta Ger\u00eancia;<\/p>\n\n\n\n<p>X \u2013 exercer outras atividades correlatas \u00e0s suas compet\u00eancias e que lhe forem determinadas pela Diretoria de Fiscaliza\u00e7\u00e3o Mobili\u00e1ria, observando sempre os princ\u00edpios legais, \u00e9ticos e morais.<\/p>\n","protected":false},"excerpt":{"rendered":"<p>\u00c0 Ger\u00eancia de Fiscaliza\u00e7\u00e3o do Imposto sobre Servi\u00e7os de Qualquer Natureza \u2013 ISS (GERFIS), departamento subordinado \u00e0 Diretoria de Lan\u00e7amento e Fiscaliza\u00e7\u00e3o Mobili\u00e1ria da Superintend\u00eancia de Administra\u00e7\u00e3o Tribut\u00e1ria da Secretaria Municipal de Finan\u00e7as compete, dentre outras atribui\u00e7\u00f5es: I \u2013 estabelecer normas e orientar os Auditores de Tributos quanto \u00e0 execu\u00e7\u00e3o das ordens de servi\u00e7o, avaliando [&hellip;]<\/p>\n","protected":false},"author":1,"featured_media":0,"parent":314,"menu_order":33,"comment_status":"closed","ping_status":"closed","template":"","meta":{"_acf_changed":false,"custom_icon_class":"","footnotes":""},"class_list":["post-548","page","type-page","status-publish","hentry"],"acf":[],"_links":{"self":[{"href":"https:\/\/www.goiania.go.gov.br\/sefaz\/wp-json\/wp\/v2\/pages\/548","targetHints":{"allow":["GET"]}}],"collection":[{"href":"https:\/\/www.goiania.go.gov.br\/sefaz\/wp-json\/wp\/v2\/pages"}],"about":[{"href":"https:\/\/www.goiania.go.gov.br\/sefaz\/wp-json\/wp\/v2\/types\/page"}],"author":[{"embeddable":true,"href":"https:\/\/www.goiania.go.gov.br\/sefaz\/wp-json\/wp\/v2\/users\/1"}],"replies":[{"embeddable":true,"href":"https:\/\/www.goiania.go.gov.br\/sefaz\/wp-json\/wp\/v2\/comments?post=548"}],"version-history":[{"count":2,"href":"https:\/\/www.goiania.go.gov.br\/sefaz\/wp-json\/wp\/v2\/pages\/548\/revisions"}],"predecessor-version":[{"id":551,"href":"https:\/\/www.goiania.go.gov.br\/sefaz\/wp-json\/wp\/v2\/pages\/548\/revisions\/551"}],"up":[{"embeddable":true,"href":"https:\/\/www.goiania.go.gov.br\/sefaz\/wp-json\/wp\/v2\/pages\/314"}],"wp:attachment":[{"href":"https:\/\/www.goiania.go.gov.br\/sefaz\/wp-json\/wp\/v2\/media?parent=548"}],"curies":[{"name":"wp","href":"https:\/\/api.w.org\/{rel}","templated":true}]}}