{"id":542,"date":"2021-06-25T11:23:48","date_gmt":"2021-06-25T14:23:48","guid":{"rendered":"https:\/\/www.goiania.go.gov.br\/sefin\/departamentos\/diretoria-de-lancamento-e-fiscalizacao-mobiliaria\/"},"modified":"2021-06-25T11:25:52","modified_gmt":"2021-06-25T14:25:52","slug":"diretoria-de-lancamento-e-fiscalizacao-mobiliaria","status":"publish","type":"page","link":"https:\/\/www.goiania.go.gov.br\/sefaz\/departamentos\/diretoria-de-lancamento-e-fiscalizacao-mobiliaria\/","title":{"rendered":"Diretoria de Lan\u00e7amento e Fiscaliza\u00e7\u00e3o Mobili\u00e1ria"},"content":{"rendered":"\n<p>\u00c0 Diretoria de Lan\u00e7amento e Fiscaliza\u00e7\u00e3o Mobili\u00e1ria (DIRLFM), departamento subordinado \u00e0 Superintend\u00eancia de Administra\u00e7\u00e3o Tribut\u00e1ria da Secretaria Municipal de Finan\u00e7as compete, dentre outras atribui\u00e7\u00f5es:<\/p>\n\n\n\n<p>I \u2013 desenvolver programas e definir prioridades de atua\u00e7\u00e3o da auditoria tribut\u00e1ria no \u00e2mbito de sua \u00e1rea de compet\u00eancia;<\/p>\n\n\n\n<p>II \u2013 acompanhar a evolu\u00e7\u00e3o das atividades de auditoria tribut\u00e1ria, com vistas \u00e0 avalia\u00e7\u00e3o e ao aperfei\u00e7oamento dos trabalhos;<\/p>\n\n\n\n<p>III \u2013 realizar estudos da legisla\u00e7\u00e3o e jurisprud\u00eancias, an\u00e1lises de relat\u00f3rios gerenciais e estat\u00edsticos, informa\u00e7\u00f5es econ\u00f4micas e fiscais dos \u00f3rg\u00e3os fazend\u00e1rios federais e estaduais;<\/p>\n\n\n\n<p>IV \u2013 executar a pol\u00edtica tribut\u00e1ria e fiscal do Munic\u00edpio, no \u00e2mbito de sua compet\u00eancia, observados os dispositivos legais pertinentes;<\/p>\n\n\n\n<p>V \u2013 orientar a aplica\u00e7\u00e3o das normas tribut\u00e1rias e dar-lhes interpreta\u00e7\u00e3o, expedindo os atos necess\u00e1rios ao seu esclarecimento, no \u00e2mbito de sua \u00e1rea de compet\u00eancia;<\/p>\n\n\n\n<p>VI \u2013 examinar, opinar, propor medidas em consultas e processos relacionados com mat\u00e9ria tribut\u00e1ria, no \u00e2mbito de sua \u00e1rea de compet\u00eancia;<\/p>\n\n\n\n<p>VII \u2013 gerir, supervisionar e orientar as atividades de auditoria tribut\u00e1ria, visando prevenir a evas\u00e3o e a sonega\u00e7\u00e3o de receitas tribut\u00e1rias mobili\u00e1rias;<\/p>\n\n\n\n<p>VIII \u2013 propor a regulamenta\u00e7\u00e3o de dispositivos do C\u00f3digo Tribut\u00e1rio e de sua legisla\u00e7\u00e3o complementar no \u00e2mbito de sua \u00e1rea de compet\u00eancia;<\/p>\n\n\n\n<p>IX \u2013 coordenar o atendimento e a orienta\u00e7\u00e3o aos contribuintes nos assuntos tribut\u00e1rios de sua compet\u00eancia;<\/p>\n\n\n\n<p>X \u2013 acompanhar a evolu\u00e7\u00e3o e o comportamento da receita tribut\u00e1ria municipal relativas \u00e0s receitas mobili\u00e1rias, visando o seu incremento;<\/p>\n\n\n\n<p>XI \u2013 examinar e decidir, em Primeira Inst\u00e2ncia, os processos administrativos de microempresas (ME) e empresas de pequeno porte (EPP) relativos ao Simples Nacional, nos limites legais;<\/p>\n\n\n\n<p>XII \u2013 notificar a autoridade competente das decis\u00f5es administrativas proferidos em processos que decorram na nulidade total ou parcial de autos de infra\u00e7\u00e3o e que venham alterar a avalia\u00e7\u00e3o da produtividade do Auditor de Tributos, sob pena de responsabilidade funcional e criminal, quando no caso couber;<\/p>\n\n\n\n<p>XIII \u2013 despachar processo com o respectivo parecer t\u00e9cnico e\/ou relat\u00f3rio de auditoria fiscal em procedimentos tribut\u00e1rios de controle, \u00e0 autoridade competente para emiss\u00e3o de parecer jur\u00eddico e decis\u00e3o, quando for o caso, nos termos da legisla\u00e7\u00e3o aplic\u00e1vel;<\/p>\n\n\n\n<p>XIV \u2013 manter a troca de informa\u00e7\u00f5es econ\u00f4mico-fiscais, mediante conv\u00eanio, com as Administra\u00e7\u00f5es Tribut\u00e1rias Federais, Estaduais e Municipais;<\/p>\n\n\n\n<p>XV \u2013 prestar informa\u00e7\u00f5es e esclarecimentos aos contribuintes e interessados sobre a legisla\u00e7\u00e3o aplic\u00e1vel do Simples Nacional no \u00e2mbito do Munic\u00edpio;<\/p>\n\n\n\n<p>XVI \u2013 informar e solicitar, oficialmente, \u00e0 autoridade municipal competente, a apura\u00e7\u00e3o de poss\u00edveis irregularidades, fraudes, desvios ou outros atos il\u00edcitos praticados por servidores e a ado\u00e7\u00e3o das medidas legais cab\u00edveis, sob pena de responsabilidade;<\/p>\n\n\n\n<p>XVII \u2013 proferir decis\u00e3o em processo administrativo de cancelamento ou exclus\u00e3o de d\u00e9bito e baixa definitiva de d\u00e9bitos;<\/p>\n\n\n\n<p>XVIII \u2013 promover o acompanhamento e o controle do desempenho do pessoal, encaminhando ao departamento administrativo as folhas de frequ\u00eancia e outros documentos relativos aos servidores lotados nesta diretoria;<\/p>\n\n\n\n<p>XIX \u2013 realizar dilig\u00eancias para obten\u00e7\u00e3o de documentos e dados para subsidiar os processos de consulta e fiscaliza\u00e7\u00e3o tribut\u00e1ria, bem como para a colabora\u00e7\u00e3o com \u00f3rg\u00e3os externos;<\/p>\n\n\n\n<p>XX \u2013 acompanhar e sugerir a\u00e7\u00f5es fiscais ao setor de intelig\u00eancia fiscal;<\/p>\n\n\n\n<p>XXI \u2013 promover o acompanhamento das transfer\u00eancias constitucionais, legais e volunt\u00e1rias, conferindo as bases de contribui\u00e7\u00f5es e c\u00e1lculos efetuados pelos \u00f3rg\u00e3os repassadores;<\/p>\n\n\n\n<p>XXII \u2013 coordenar a integra\u00e7\u00e3o com a Diretoria de Intelig\u00eancia para sugerir, validar e acompanhar a elabora\u00e7\u00e3o de relat\u00f3rios fiscais;<\/p>\n\n\n\n<p>XXIII \u2013 emitir ordens de servi\u00e7o aos Auditores de Tributos, principalmente quanto \u00e0 fiscaliza\u00e7\u00e3o relacionada ao ISS, dilig\u00eancias e processos administrativos tribut\u00e1rios;<\/p>\n\n\n\n<p>XXIV \u2013 emitir despachos conclusivos, acertos de pagamentos e baixa de d\u00e9bitos em processos de restitui\u00e7\u00e3o de numer\u00e1rio, pagamentos efetuados de forma indevida pelo contribuinte e de decis\u00f5es processuais autorizadas pelos \u00f3rg\u00e3os competentes relativos aos tributos desta diretoria;<\/p>\n\n\n\n<p>XXV \u2013 exercer outras atividades correlatas \u00e0s suas compet\u00eancias e que lhe forem determinadas pelo Superintendente, observando sempre os princ\u00edpios legais, \u00e9ticos e morais.<\/p>\n","protected":false},"excerpt":{"rendered":"<p>\u00c0 Diretoria de Lan\u00e7amento e Fiscaliza\u00e7\u00e3o Mobili\u00e1ria (DIRLFM), departamento subordinado \u00e0 Superintend\u00eancia de Administra\u00e7\u00e3o Tribut\u00e1ria da Secretaria Municipal de Finan\u00e7as compete, dentre outras atribui\u00e7\u00f5es: I \u2013 desenvolver programas e definir prioridades de atua\u00e7\u00e3o da auditoria tribut\u00e1ria no \u00e2mbito de sua \u00e1rea de compet\u00eancia; II \u2013 acompanhar a evolu\u00e7\u00e3o das atividades de auditoria tribut\u00e1ria, com vistas [&hellip;]<\/p>\n","protected":false},"author":1,"featured_media":0,"parent":314,"menu_order":31,"comment_status":"closed","ping_status":"closed","template":"","meta":{"_acf_changed":false,"custom_icon_class":"","footnotes":""},"class_list":["post-542","page","type-page","status-publish","hentry"],"acf":[],"_links":{"self":[{"href":"https:\/\/www.goiania.go.gov.br\/sefaz\/wp-json\/wp\/v2\/pages\/542","targetHints":{"allow":["GET"]}}],"collection":[{"href":"https:\/\/www.goiania.go.gov.br\/sefaz\/wp-json\/wp\/v2\/pages"}],"about":[{"href":"https:\/\/www.goiania.go.gov.br\/sefaz\/wp-json\/wp\/v2\/types\/page"}],"author":[{"embeddable":true,"href":"https:\/\/www.goiania.go.gov.br\/sefaz\/wp-json\/wp\/v2\/users\/1"}],"replies":[{"embeddable":true,"href":"https:\/\/www.goiania.go.gov.br\/sefaz\/wp-json\/wp\/v2\/comments?post=542"}],"version-history":[{"count":2,"href":"https:\/\/www.goiania.go.gov.br\/sefaz\/wp-json\/wp\/v2\/pages\/542\/revisions"}],"predecessor-version":[{"id":545,"href":"https:\/\/www.goiania.go.gov.br\/sefaz\/wp-json\/wp\/v2\/pages\/542\/revisions\/545"}],"up":[{"embeddable":true,"href":"https:\/\/www.goiania.go.gov.br\/sefaz\/wp-json\/wp\/v2\/pages\/314"}],"wp:attachment":[{"href":"https:\/\/www.goiania.go.gov.br\/sefaz\/wp-json\/wp\/v2\/media?parent=542"}],"curies":[{"name":"wp","href":"https:\/\/api.w.org\/{rel}","templated":true}]}}