{"id":532,"date":"2021-06-25T11:05:25","date_gmt":"2021-06-25T14:05:25","guid":{"rendered":"https:\/\/www.goiania.go.gov.br\/sefin\/departamentos\/gerencia-de-cadastro-mobiliario\/"},"modified":"2021-06-25T11:15:41","modified_gmt":"2021-06-25T14:15:41","slug":"gerencia-de-cadastro-mobiliario","status":"publish","type":"page","link":"https:\/\/www.goiania.go.gov.br\/sefaz\/departamentos\/gerencia-de-cadastro-mobiliario\/","title":{"rendered":"Ger\u00eancia de Cadastro Mobili\u00e1rio"},"content":{"rendered":"\n<p>\u00c0 Ger\u00eancia de Cadastro Mobili\u00e1rio (Gercam), departamento subordinado \u00e0 Diretoria de Cadastro da Superintend\u00eancia de Administra\u00e7\u00e3o Tribut\u00e1ria da Secretaria Municipal de Finan\u00e7as compete, dentre outras atribui\u00e7\u00f5es:<\/p>\n\n\n\n<p>I \u2013 promover o levantamento e a vistoria de im\u00f3veis, revisando o correto preenchimento dos campos dos formul\u00e1rios de cadastramento imobili\u00e1rio, atrav\u00e9s de dilig\u00eancia fiscal;<\/p>\n\n\n\n<p>II \u2013 executar os servi\u00e7os de desenho de croquis dos im\u00f3veis, plantas e mapas setoriais;<\/p>\n\n\n\n<p>III \u2013 realizar dilig\u00eancias fiscais relativas \u00e0 identifica\u00e7\u00e3o dos im\u00f3veis, emitindo relat\u00f3rio detalhado, contendo a especifica\u00e7\u00e3o do uso, dimens\u00e3o, finalidade e ocupa\u00e7\u00e3o;<\/p>\n\n\n\n<p>IV \u2013 elaborar as programa\u00e7\u00f5es de dilig\u00eancia fiscal e distribuir as respectivas ordens de servi\u00e7o, visando o atendimento \u00e0s necessidades de atualiza\u00e7\u00e3o do cadastro imobili\u00e1rio em cumprimento \u00e0s prioridades estabelecidas;<\/p>\n\n\n\n<p>V \u2013 instruir e\/ou emitir parecer t\u00e9cnico e\/ou solicitar relat\u00f3rio de auditoria fiscal em processos submetidos ao seu exame;<\/p>\n\n\n\n<p>VI \u2013 proceder o c\u00e1lculo e an\u00e1lise dos croquis provenientes de dilig\u00eancia fiscal ou declara\u00e7\u00e3o de \u00e1rea edificada;<\/p>\n\n\n\n<p>VII \u2013 realizar levantamento e c\u00e1lculo da \u00e1rea edificada atrav\u00e9s do SIGGO DOCS ou outro equivalente;<\/p>\n\n\n\n<p>VIII \u2013 analisar e homologar a declara\u00e7\u00e3o de informa\u00e7\u00f5es cadastrais do im\u00f3vel;<\/p>\n\n\n\n<p>IX \u2013 exercer outras atividades correlatas \u00e0s suas compet\u00eancias e que lhe forem determinadas pelo Diretor de Cadastro e Atendimento, observando sempre os princ\u00edpios legais, \u00e9ticos e morais.<\/p>\n","protected":false},"excerpt":{"rendered":"<p>\u00c0 Ger\u00eancia de Cadastro Mobili\u00e1rio (Gercam), departamento subordinado \u00e0 Diretoria de Cadastro da Superintend\u00eancia de Administra\u00e7\u00e3o Tribut\u00e1ria da Secretaria Municipal de Finan\u00e7as compete, dentre outras atribui\u00e7\u00f5es: I \u2013 promover o levantamento e a vistoria de im\u00f3veis, revisando o correto preenchimento dos campos dos formul\u00e1rios de cadastramento imobili\u00e1rio, atrav\u00e9s de dilig\u00eancia fiscal; II \u2013 executar os [&hellip;]<\/p>\n","protected":false},"author":1,"featured_media":0,"parent":314,"menu_order":29,"comment_status":"closed","ping_status":"closed","template":"","meta":{"_acf_changed":false,"custom_icon_class":"","footnotes":""},"class_list":["post-532","page","type-page","status-publish","hentry"],"acf":[],"_links":{"self":[{"href":"https:\/\/www.goiania.go.gov.br\/sefaz\/wp-json\/wp\/v2\/pages\/532","targetHints":{"allow":["GET"]}}],"collection":[{"href":"https:\/\/www.goiania.go.gov.br\/sefaz\/wp-json\/wp\/v2\/pages"}],"about":[{"href":"https:\/\/www.goiania.go.gov.br\/sefaz\/wp-json\/wp\/v2\/types\/page"}],"author":[{"embeddable":true,"href":"https:\/\/www.goiania.go.gov.br\/sefaz\/wp-json\/wp\/v2\/users\/1"}],"replies":[{"embeddable":true,"href":"https:\/\/www.goiania.go.gov.br\/sefaz\/wp-json\/wp\/v2\/comments?post=532"}],"version-history":[{"count":2,"href":"https:\/\/www.goiania.go.gov.br\/sefaz\/wp-json\/wp\/v2\/pages\/532\/revisions"}],"predecessor-version":[{"id":535,"href":"https:\/\/www.goiania.go.gov.br\/sefaz\/wp-json\/wp\/v2\/pages\/532\/revisions\/535"}],"up":[{"embeddable":true,"href":"https:\/\/www.goiania.go.gov.br\/sefaz\/wp-json\/wp\/v2\/pages\/314"}],"wp:attachment":[{"href":"https:\/\/www.goiania.go.gov.br\/sefaz\/wp-json\/wp\/v2\/media?parent=532"}],"curies":[{"name":"wp","href":"https:\/\/api.w.org\/{rel}","templated":true}]}}