{"id":526,"date":"2021-06-25T11:00:07","date_gmt":"2021-06-25T14:00:07","guid":{"rendered":"https:\/\/www.goiania.go.gov.br\/sefin\/departamentos\/gerencia-de-cadastro-imobiliario\/"},"modified":"2021-06-25T11:02:43","modified_gmt":"2021-06-25T14:02:43","slug":"gerencia-de-cadastro-imobiliario","status":"publish","type":"page","link":"https:\/\/www.goiania.go.gov.br\/sefaz\/departamentos\/gerencia-de-cadastro-imobiliario\/","title":{"rendered":"Ger\u00eancia de Cadastro Imobili\u00e1rio"},"content":{"rendered":"\n<p>\u00c0 Ger\u00eancia de Cadastro Imobili\u00e1rio (Gercai), departamento subordinado \u00e0 Diretoria de Cadastro da Superintend\u00eancia de Administra\u00e7\u00e3o Tribut\u00e1ria da Secretaria Municipal de Finan\u00e7as compete, dentre outras atribui\u00e7\u00f5es:<\/p>\n\n\n\n<p>I \u2013 manter atualizado o Cadastro Imobili\u00e1rio do Munic\u00edpio, procedendo a execu\u00e7\u00e3o das atividades de inscri\u00e7\u00e3o e alimenta\u00e7\u00e3o do banco de dados;<\/p>\n\n\n\n<p>II \u2013 promover constante apura\u00e7\u00e3o e confer\u00eancia f\u00edsica dos dados cadastrais, atrav\u00e9s da realiza\u00e7\u00e3o de levantamentos externos e da coleta de informa\u00e7\u00f5es em cart\u00f3rios e \u00f3rg\u00e3os p\u00fablicos;<\/p>\n\n\n\n<p>III \u2013 manter a guarda e organiza\u00e7\u00e3o do arquivo t\u00e9cnico de plantas de quadras, boletins de informa\u00e7\u00f5es cadastrais, listas de codifica\u00e7\u00f5es e outros documentos integrantes do Cadastro, procedendo a sua permanente atualiza\u00e7\u00e3o;<\/p>\n\n\n\n<p>IV \u2013 prestar informa\u00e7\u00f5es \u00e0s demais unidades da Secretaria, sobre dados cadastrais de im\u00f3veis e contribuintes, para efeito de lan\u00e7amentos e cancelamentos de cr\u00e9ditos tribut\u00e1rios e outras necessidades;<\/p>\n\n\n\n<p>V \u2013 manter atualizado o Cadastro de Logradouros P\u00fablicos, em articula\u00e7\u00e3o com o \u00f3rg\u00e3o municipal de Planejamento Urbano;<\/p>\n\n\n\n<p>VI \u2013 manter atualizado o Cadastro Imobili\u00e1rio, em integra\u00e7\u00e3o com os dados do Cadastro Mobili\u00e1rio;<\/p>\n\n\n\n<p>VII \u2013 instruir e\/ou emitir parecer t\u00e9cnico em processos submetidos ao seu exame, provenientes de altera\u00e7\u00f5es cadastrais;<\/p>\n\n\n\n<p>VIII \u2013 digitar os dados do cadastro f\u00edsico para o cadastro informatizado, responsabilizando-se pela sua confer\u00eancia e consist\u00eancia;<\/p>\n\n\n\n<p>IX \u2013 exercer outras atividades correlatas \u00e0s suas compet\u00eancias e que lhe forem determinadas pela Diretoria de Cadastro, observando sempre os princ\u00edpios legais, \u00e9ticos e morais.<\/p>\n","protected":false},"excerpt":{"rendered":"<p>\u00c0 Ger\u00eancia de Cadastro Imobili\u00e1rio (Gercai), departamento subordinado \u00e0 Diretoria de Cadastro da Superintend\u00eancia de Administra\u00e7\u00e3o Tribut\u00e1ria da Secretaria Municipal de Finan\u00e7as compete, dentre outras atribui\u00e7\u00f5es: I \u2013 manter atualizado o Cadastro Imobili\u00e1rio do Munic\u00edpio, procedendo a execu\u00e7\u00e3o das atividades de inscri\u00e7\u00e3o e alimenta\u00e7\u00e3o do banco de dados; II \u2013 promover constante apura\u00e7\u00e3o e confer\u00eancia [&hellip;]<\/p>\n","protected":false},"author":1,"featured_media":0,"parent":314,"menu_order":27,"comment_status":"closed","ping_status":"closed","template":"","meta":{"_acf_changed":false,"custom_icon_class":"","footnotes":""},"class_list":["post-526","page","type-page","status-publish","hentry"],"acf":[],"_links":{"self":[{"href":"https:\/\/www.goiania.go.gov.br\/sefaz\/wp-json\/wp\/v2\/pages\/526","targetHints":{"allow":["GET"]}}],"collection":[{"href":"https:\/\/www.goiania.go.gov.br\/sefaz\/wp-json\/wp\/v2\/pages"}],"about":[{"href":"https:\/\/www.goiania.go.gov.br\/sefaz\/wp-json\/wp\/v2\/types\/page"}],"author":[{"embeddable":true,"href":"https:\/\/www.goiania.go.gov.br\/sefaz\/wp-json\/wp\/v2\/users\/1"}],"replies":[{"embeddable":true,"href":"https:\/\/www.goiania.go.gov.br\/sefaz\/wp-json\/wp\/v2\/comments?post=526"}],"version-history":[{"count":3,"href":"https:\/\/www.goiania.go.gov.br\/sefaz\/wp-json\/wp\/v2\/pages\/526\/revisions"}],"predecessor-version":[{"id":530,"href":"https:\/\/www.goiania.go.gov.br\/sefaz\/wp-json\/wp\/v2\/pages\/526\/revisions\/530"}],"up":[{"embeddable":true,"href":"https:\/\/www.goiania.go.gov.br\/sefaz\/wp-json\/wp\/v2\/pages\/314"}],"wp:attachment":[{"href":"https:\/\/www.goiania.go.gov.br\/sefaz\/wp-json\/wp\/v2\/media?parent=526"}],"curies":[{"name":"wp","href":"https:\/\/api.w.org\/{rel}","templated":true}]}}