{"id":521,"date":"2021-06-25T10:54:03","date_gmt":"2021-06-25T13:54:03","guid":{"rendered":"https:\/\/www.goiania.go.gov.br\/sefin\/departamentos\/diretoria-de-cadastro\/"},"modified":"2021-06-25T10:55:34","modified_gmt":"2021-06-25T13:55:34","slug":"diretoria-de-cadastro","status":"publish","type":"page","link":"https:\/\/www.goiania.go.gov.br\/sefaz\/departamentos\/diretoria-de-cadastro\/","title":{"rendered":"Diretoria de Cadastro"},"content":{"rendered":"\n<p>\u00c0 Diretoria de Cadastro (Dircad), departamento subordinado \u00e0 Superintend\u00eancia de Administra\u00e7\u00e3o Tribut\u00e1ria da Secretaria Municipal de Finan\u00e7as compete, dentre outras atribui\u00e7\u00f5es:<\/p>\n\n\n\n<p>I \u2013 propor e definir a\u00e7\u00f5es fiscais priorit\u00e1rias, em conjunto com o Superintendente de Administra\u00e7\u00e3o Tribut\u00e1ria, para atualiza\u00e7\u00e3o dos Cadastros Imobili\u00e1rio e Mobili\u00e1rio;<\/p>\n\n\n\n<p>II \u2013 planejar, controlar e coordenar os procedimentos de inscri\u00e7\u00e3o de im\u00f3veis no Cadastro Imobili\u00e1rio Municipal;<\/p>\n\n\n\n<p>III \u2013 gerir e acompanhar o controle das atividades de dilig\u00eancias fiscais, inscri\u00e7\u00e3o e atualiza\u00e7\u00e3o cadastral;<\/p>\n\n\n\n<p>IV \u2013 planejar, controlar e coordenar os procedimentos de inscri\u00e7\u00e3o de pessoas jur\u00eddicas e profissionais que comp\u00f5em o Cadastro Mobili\u00e1rio Municipal de Contribuintes;<\/p>\n\n\n\n<p>V \u2013 efetuar o processamento das inclus\u00f5es, das manuten\u00e7\u00f5es e das exclus\u00f5es dos dados relativos ao Cadastro Imobili\u00e1rio Tribut\u00e1rio;<\/p>\n\n\n\n<p>VI \u2013 efetuar a inclus\u00e3o, a manuten\u00e7\u00e3o, baixa e suspens\u00e3o de dados relativos ao Cadastro Mobili\u00e1rio Municipal;<\/p>\n\n\n\n<p>VII \u2013 efetuar a confer\u00eancia, auditoria e saneamento dos dados cadastrais processados e promover as eventuais corre\u00e7\u00f5es;<\/p>\n\n\n\n<p>VIII \u2013 atender \u00e0s requisi\u00e7\u00f5es de outros \u00f3rg\u00e3os da Administra\u00e7\u00e3o Municipal quanto \u00e0s informa\u00e7\u00f5es constantes do Cadastro Tribut\u00e1rio Municipal;<\/p>\n\n\n\n<p>IX \u2013 auxiliar aos demais \u00f3rg\u00e3os quanto ao saneamento e \u00e0 apura\u00e7\u00e3o de dados cadastrais necess\u00e1rios ao lan\u00e7amento dos tributos municipais;<\/p>\n\n\n\n<p>X \u2013 coordenar a emiss\u00e3o das certid\u00f5es relacionadas ao Cadastro Imobili\u00e1rio e ao Cadastro Mobili\u00e1rio Municipal;<\/p>\n\n\n\n<p>XI \u2013 auxiliar na administra\u00e7\u00e3o das informa\u00e7\u00f5es dos cadastros tribut\u00e1rios na base geogr\u00e1fica digital e na valida\u00e7\u00e3o das an\u00e1lises espaciais para o gerenciamento de a\u00e7\u00f5es relacionadas aos tributos municipais;<\/p>\n\n\n\n<p>XII \u2013 coordenar a confer\u00eancia dos dados cadastrais recebidos e processados originados de outros \u00f3rg\u00e3os da Administra\u00e7\u00e3o Municipal ou de interc\u00e2mbio e coopera\u00e7\u00e3o com \u00f3rg\u00e3os ou entidades externas;<\/p>\n\n\n\n<p>XIII \u2013 promover o acompanhamento e o controle do desempenho do pessoal, encaminhando ao departamento administrativo as folhas de frequ\u00eancia e outros documentos relativos aos servidores lotados nesta diretoria;<\/p>\n\n\n\n<p>XIV \u2013 acompanhar e sugerir a\u00e7\u00f5es fiscais ao setor de intelig\u00eancia fiscal;<\/p>\n\n\n\n<p>XV- exercer outras atividades correlatas \u00e0s suas compet\u00eancias e que lhe forem determinadas pela Superintend\u00eancia de Administra\u00e7\u00e3o Tribut\u00e1ria, observando sempre os princ\u00edpios legais, \u00e9ticos e morais.<\/p>\n","protected":false},"excerpt":{"rendered":"<p>\u00c0 Diretoria de Cadastro (Dircad), departamento subordinado \u00e0 Superintend\u00eancia de Administra\u00e7\u00e3o Tribut\u00e1ria da Secretaria Municipal de Finan\u00e7as compete, dentre outras atribui\u00e7\u00f5es: I \u2013 propor e definir a\u00e7\u00f5es fiscais priorit\u00e1rias, em conjunto com o Superintendente de Administra\u00e7\u00e3o Tribut\u00e1ria, para atualiza\u00e7\u00e3o dos Cadastros Imobili\u00e1rio e Mobili\u00e1rio; II \u2013 planejar, controlar e coordenar os procedimentos de inscri\u00e7\u00e3o de [&hellip;]<\/p>\n","protected":false},"author":1,"featured_media":0,"parent":314,"menu_order":28,"comment_status":"closed","ping_status":"closed","template":"","meta":{"_acf_changed":false,"custom_icon_class":"","footnotes":""},"class_list":["post-521","page","type-page","status-publish","hentry"],"acf":[],"_links":{"self":[{"href":"https:\/\/www.goiania.go.gov.br\/sefaz\/wp-json\/wp\/v2\/pages\/521","targetHints":{"allow":["GET"]}}],"collection":[{"href":"https:\/\/www.goiania.go.gov.br\/sefaz\/wp-json\/wp\/v2\/pages"}],"about":[{"href":"https:\/\/www.goiania.go.gov.br\/sefaz\/wp-json\/wp\/v2\/types\/page"}],"author":[{"embeddable":true,"href":"https:\/\/www.goiania.go.gov.br\/sefaz\/wp-json\/wp\/v2\/users\/1"}],"replies":[{"embeddable":true,"href":"https:\/\/www.goiania.go.gov.br\/sefaz\/wp-json\/wp\/v2\/comments?post=521"}],"version-history":[{"count":2,"href":"https:\/\/www.goiania.go.gov.br\/sefaz\/wp-json\/wp\/v2\/pages\/521\/revisions"}],"predecessor-version":[{"id":524,"href":"https:\/\/www.goiania.go.gov.br\/sefaz\/wp-json\/wp\/v2\/pages\/521\/revisions\/524"}],"up":[{"embeddable":true,"href":"https:\/\/www.goiania.go.gov.br\/sefaz\/wp-json\/wp\/v2\/pages\/314"}],"wp:attachment":[{"href":"https:\/\/www.goiania.go.gov.br\/sefaz\/wp-json\/wp\/v2\/media?parent=521"}],"curies":[{"name":"wp","href":"https:\/\/api.w.org\/{rel}","templated":true}]}}