{"id":515,"date":"2021-06-25T10:48:10","date_gmt":"2021-06-25T13:48:10","guid":{"rendered":"https:\/\/www.goiania.go.gov.br\/sefin\/departamentos\/assessoria-tecnica-da-administracao-tributaria\/"},"modified":"2021-06-25T10:50:09","modified_gmt":"2021-06-25T13:50:09","slug":"assessoria-tecnica-da-administracao-tributaria","status":"publish","type":"page","link":"https:\/\/www.goiania.go.gov.br\/sefaz\/departamentos\/assessoria-tecnica-da-administracao-tributaria\/","title":{"rendered":"Assessoria T\u00e9cnica da Administra\u00e7\u00e3o Tribut\u00e1ria"},"content":{"rendered":"\n<p>\u00c0 Assessoria T\u00e9cnica, departamento subordinado \u00e0 Superintend\u00eancia da Administra\u00e7\u00e3o Tribut\u00e1ria da Secretaria Municipal de Finan\u00e7as compete, dentre outras atribui\u00e7\u00f5es:<\/p>\n\n\n\n<p>I &#8211; examinar processos e documentos na \u00e1rea de sua especialidade, emitindo, se for o caso, pareceres t\u00e9cnicos e\/ou outras manifesta\u00e7\u00f5es solicitadas pela sua chefia mediata e imediata;&nbsp;<\/p>\n\n\n\n<p>II &#8211; realizar estudos e levantamentos, com vistas \u00e0 viabiliza\u00e7\u00e3o de programas e projetos, por determina\u00e7\u00e3o de sua chefia mediata e imediata;&nbsp;<\/p>\n\n\n\n<p>III &#8211; desenvolver projetos e atividades t\u00e9cnicas que lhe forem designadas pela sua chefia mediata e imediata;&nbsp;<\/p>\n\n\n\n<p>IV &#8211; prestar assist\u00eancia t\u00e9cnica, \u00e0 sua chefia mediata e imediata, levantando dados, de conte\u00fado relativo \u00e0 sua \u00e1rea de atua\u00e7\u00e3o, bem como realizando o estudo das mat\u00e9rias que lhe sejam submetidas, com a consequente elabora\u00e7\u00e3o do trabalho requisitado pelos seus superiores;&nbsp;<\/p>\n\n\n\n<p>V &#8211; examinar e emitir pareceres nos processos que lhes forem distribu\u00eddos, salvo veda\u00e7\u00f5es legais;&nbsp;<\/p>\n\n\n\n<p>VI &#8211; realizar estudos e pesquisas jur\u00eddicas, de ordem legal, doutrin\u00e1ria e jurisprudencial, visando obter subs\u00eddios para fundamentar pareceres a serem exarados em processos submetidos \u00e0 sua aprecia\u00e7\u00e3o;&nbsp;<\/p>\n\n\n\n<p>VII &#8211; colecionar e manter em boa ordem e atualizada as leis, decretos, regulamentos, instru\u00e7\u00f5es normativas e demais publica\u00e7\u00f5es de interesse de suas chefias mediata e imediata, de modo que seja facilitada a consulta;&nbsp;<\/p>\n\n\n\n<p>VIII &#8211; elaborar relat\u00f3rios mensais de movimenta\u00e7\u00e3o processual e de produtividade, quando solicitado;&nbsp;<\/p>\n\n\n\n<p>IX &#8211; zelar pela uniformiza\u00e7\u00e3o de procedimentos t\u00e9cnicos relacionados \u00e0 \u00e1rea de atua\u00e7\u00e3o;&nbsp;<\/p>\n\n\n\n<p>X &#8211; exercer outras atividades correlatas \u00e0s suas compet\u00eancias e que lhe forem determinadas pelas suas chefias mediata e imediata, observando sempre os princ\u00edpios legais, \u00e9ticos e morais.<\/p>\n","protected":false},"excerpt":{"rendered":"<p>\u00c0 Assessoria T\u00e9cnica, departamento subordinado \u00e0 Superintend\u00eancia da Administra\u00e7\u00e3o Tribut\u00e1ria da Secretaria Municipal de Finan\u00e7as compete, dentre outras atribui\u00e7\u00f5es: I &#8211; examinar processos e documentos na \u00e1rea de sua especialidade, emitindo, se for o caso, pareceres t\u00e9cnicos e\/ou outras manifesta\u00e7\u00f5es solicitadas pela sua chefia mediata e imediata;&nbsp; II &#8211; realizar estudos e levantamentos, com vistas [&hellip;]<\/p>\n","protected":false},"author":1,"featured_media":0,"parent":314,"menu_order":26,"comment_status":"closed","ping_status":"closed","template":"","meta":{"_acf_changed":false,"custom_icon_class":"","footnotes":""},"class_list":["post-515","page","type-page","status-publish","hentry"],"acf":[],"_links":{"self":[{"href":"https:\/\/www.goiania.go.gov.br\/sefaz\/wp-json\/wp\/v2\/pages\/515","targetHints":{"allow":["GET"]}}],"collection":[{"href":"https:\/\/www.goiania.go.gov.br\/sefaz\/wp-json\/wp\/v2\/pages"}],"about":[{"href":"https:\/\/www.goiania.go.gov.br\/sefaz\/wp-json\/wp\/v2\/types\/page"}],"author":[{"embeddable":true,"href":"https:\/\/www.goiania.go.gov.br\/sefaz\/wp-json\/wp\/v2\/users\/1"}],"replies":[{"embeddable":true,"href":"https:\/\/www.goiania.go.gov.br\/sefaz\/wp-json\/wp\/v2\/comments?post=515"}],"version-history":[{"count":2,"href":"https:\/\/www.goiania.go.gov.br\/sefaz\/wp-json\/wp\/v2\/pages\/515\/revisions"}],"predecessor-version":[{"id":518,"href":"https:\/\/www.goiania.go.gov.br\/sefaz\/wp-json\/wp\/v2\/pages\/515\/revisions\/518"}],"up":[{"embeddable":true,"href":"https:\/\/www.goiania.go.gov.br\/sefaz\/wp-json\/wp\/v2\/pages\/314"}],"wp:attachment":[{"href":"https:\/\/www.goiania.go.gov.br\/sefaz\/wp-json\/wp\/v2\/media?parent=515"}],"curies":[{"name":"wp","href":"https:\/\/api.w.org\/{rel}","templated":true}]}}