{"id":504,"date":"2021-06-25T10:33:03","date_gmt":"2021-06-25T13:33:03","guid":{"rendered":"https:\/\/www.goiania.go.gov.br\/sefin\/departamentos\/gerencia-de-estudo-de-normas-e-adequacoes-contabeis\/"},"modified":"2021-06-25T10:38:03","modified_gmt":"2021-06-25T13:38:03","slug":"gerenac","status":"publish","type":"page","link":"https:\/\/www.goiania.go.gov.br\/sefaz\/departamentos\/gerenac\/","title":{"rendered":"Ger\u00eancia de Estudo de Normas e Adequa\u00e7\u00f5es Cont\u00e1beis"},"content":{"rendered":"\n<p>\u00c0 Ger\u00eancia de Estudo de Normas e Adequa\u00e7\u00f5es Cont\u00e1beis (GERENAC), departamento subordinado \u00e0 Diretoria de Normatiza\u00e7\u00e3o e Consolida\u00e7\u00e3o Cont\u00e1bil da Superintend\u00eancia Central de Contabilidade da Secretaria Municipal de Finan\u00e7as compete, dentre outras atribui\u00e7\u00f5es:<\/p>\n\n\n\n<p>I \u2013 realizar estudos cont\u00e1beis, or\u00e7ament\u00e1rios, financeiros e patrimoniais, acompanhando a legisla\u00e7\u00e3o, atos normativos e manuais vigentes, para apresentar propostas de modifica\u00e7\u00f5es e inova\u00e7\u00f5es nos procedimentos cont\u00e1beis do Munic\u00edpio;<\/p>\n\n\n\n<p>II \u2013 acompanhar a legisla\u00e7\u00e3o e normativos vigentes quanto aos aspectos fiscais do Munic\u00edpio;<\/p>\n\n\n\n<p>III \u2013 colaborar com a Ger\u00eancia de Contabilidade Geral na elabora\u00e7\u00e3o dos relat\u00f3rios cont\u00e1beis do Balan\u00e7o Geral Consolidado, em conformidade com a legisla\u00e7\u00e3o vigente;<\/p>\n\n\n\n<p>IV \u2013 controlar e acompanhar as presta\u00e7\u00f5es de contas da Administra\u00e7\u00e3o Direta e os Balan\u00e7os Gerais Consolidados enviados aos \u00f3rg\u00e3os de Controle Interno e Externo;<\/p>\n\n\n\n<p>V \u2013 acompanhar a regularidade cont\u00e1bil dos \u00f3rg\u00e3os\/entidades da Administra\u00e7\u00e3o P\u00fablica Municipal, notificando a Diretoria de Normatiza\u00e7\u00e3o e Consolida\u00e7\u00e3o Cont\u00e1bil quando identificado qualquer situa\u00e7\u00e3o que possa comprometer a consolida\u00e7\u00e3o, apresentando tamb\u00e9m sugest\u00e3o de notifica\u00e7\u00e3o aos respons\u00e1veis;<\/p>\n\n\n\n<p>VI \u2013 responder as dilig\u00eancias e solicita\u00e7\u00e3o de informa\u00e7\u00f5es encaminhadas pelo Controle Interno e externo nos apontamentos nos balancetes e balan\u00e7os, observando os prazos estabelecidos e nas quest\u00f5es inerentes \u00e0 contabilidade;<\/p>\n\n\n\n<p>VII \u2013 requerer os documentos, esclarecimentos e justificativas para subsidiar a elabora\u00e7\u00e3o das respostas \u00e0s dilig\u00eancias do Tribunal de Contas dos Munic\u00edpios do Estado de Goi\u00e1s \u2013 TCM-GO, junto aos \u00d3rg\u00e3os da Administra\u00e7\u00e3o Municipal;<\/p>\n\n\n\n<p>VIII \u2013 desenvolver relat\u00f3rios e an\u00e1lises cont\u00e1beis dos \u00f3rg\u00e3os da administra\u00e7\u00e3o direta e indireta;<\/p>\n\n\n\n<p>IX \u2013 responder \u00e0s solicita\u00e7\u00f5es de informa\u00e7\u00f5es encaminhadas \u00e0 Ger\u00eancia de Consolida\u00e7\u00e3o e Controle Cont\u00e1bil nos prazos estabelecidos;<\/p>\n\n\n\n<p>X \u2013 informar \u00e0 Diretoria de Normatiza\u00e7\u00e3o e Consolida\u00e7\u00e3o Cont\u00e1bil qualquer situa\u00e7\u00e3o adversa na consolida\u00e7\u00e3o cont\u00e1bil, propondo adequa\u00e7\u00f5es e demais provid\u00eancias;<\/p>\n\n\n\n<p>XI \u2013 exercer outras atividades correlatas \u00e0s suas compet\u00eancias e que lhe forem determinadas pelo Diretor de Normatiza\u00e7\u00e3o e Consolida\u00e7\u00e3o Cont\u00e1bil, observando sempre os princ\u00edpios legais, \u00e9ticos e morais.<\/p>\n","protected":false},"excerpt":{"rendered":"<p>\u00c0 Ger\u00eancia de Estudo de Normas e Adequa\u00e7\u00f5es Cont\u00e1beis (GERENAC), departamento subordinado \u00e0 Diretoria de Normatiza\u00e7\u00e3o e Consolida\u00e7\u00e3o Cont\u00e1bil da Superintend\u00eancia Central de Contabilidade da Secretaria Municipal de Finan\u00e7as compete, dentre outras atribui\u00e7\u00f5es: I \u2013 realizar estudos cont\u00e1beis, or\u00e7ament\u00e1rios, financeiros e patrimoniais, acompanhando a legisla\u00e7\u00e3o, atos normativos e manuais vigentes, para apresentar propostas de modifica\u00e7\u00f5es [&hellip;]<\/p>\n","protected":false},"author":1,"featured_media":0,"parent":314,"menu_order":24,"comment_status":"closed","ping_status":"closed","template":"","meta":{"_acf_changed":false,"custom_icon_class":"","footnotes":""},"class_list":["post-504","page","type-page","status-publish","hentry"],"acf":[],"_links":{"self":[{"href":"https:\/\/www.goiania.go.gov.br\/sefaz\/wp-json\/wp\/v2\/pages\/504","targetHints":{"allow":["GET"]}}],"collection":[{"href":"https:\/\/www.goiania.go.gov.br\/sefaz\/wp-json\/wp\/v2\/pages"}],"about":[{"href":"https:\/\/www.goiania.go.gov.br\/sefaz\/wp-json\/wp\/v2\/types\/page"}],"author":[{"embeddable":true,"href":"https:\/\/www.goiania.go.gov.br\/sefaz\/wp-json\/wp\/v2\/users\/1"}],"replies":[{"embeddable":true,"href":"https:\/\/www.goiania.go.gov.br\/sefaz\/wp-json\/wp\/v2\/comments?post=504"}],"version-history":[{"count":2,"href":"https:\/\/www.goiania.go.gov.br\/sefaz\/wp-json\/wp\/v2\/pages\/504\/revisions"}],"predecessor-version":[{"id":507,"href":"https:\/\/www.goiania.go.gov.br\/sefaz\/wp-json\/wp\/v2\/pages\/504\/revisions\/507"}],"up":[{"embeddable":true,"href":"https:\/\/www.goiania.go.gov.br\/sefaz\/wp-json\/wp\/v2\/pages\/314"}],"wp:attachment":[{"href":"https:\/\/www.goiania.go.gov.br\/sefaz\/wp-json\/wp\/v2\/media?parent=504"}],"curies":[{"name":"wp","href":"https:\/\/api.w.org\/{rel}","templated":true}]}}