{"id":494,"date":"2021-06-25T10:23:47","date_gmt":"2021-06-25T13:23:47","guid":{"rendered":"https:\/\/www.goiania.go.gov.br\/sefin\/departamentos\/gerencia-de-consolidacao-e-publicacoes-contabeis\/"},"modified":"2021-06-25T10:30:59","modified_gmt":"2021-06-25T13:30:59","slug":"gerencia-de-consolidacao-e-publicacoes-contabeis","status":"publish","type":"page","link":"https:\/\/www.goiania.go.gov.br\/sefaz\/departamentos\/gerencia-de-consolidacao-e-publicacoes-contabeis\/","title":{"rendered":"Ger\u00eancia de Consolida\u00e7\u00e3o e Publica\u00e7\u00f5es Cont\u00e1beis"},"content":{"rendered":"\n<p>\u00c0 Ger\u00eancia de Consolida\u00e7\u00e3o e Publica\u00e7\u00f5es Cont\u00e1beis (GERCPC), departamento subordinado \u00e0 Diretoria de Normatiza\u00e7\u00e3o e Consolida\u00e7\u00e3o Cont\u00e1bil da Superintend\u00eancia Central de Contabilidade da Secretaria Municipal de Finan\u00e7as compete, dentre outras atribui\u00e7\u00f5es:<\/p>\n\n\n\n<p>I \u2013 elaborar, conferir e emitir os relat\u00f3rios mensais de consolida\u00e7\u00e3o cont\u00e1bil da Administra\u00e7\u00e3o Municipal;<\/p>\n\n\n\n<p>II \u2013 elaborar e emitir os relat\u00f3rios da Lei de Responsabilidade Fiscal (LRF) e demais leis, procedendo a devida publica\u00e7\u00e3o no Di\u00e1rio Oficial do Munic\u00edpio e portal da Transpar\u00eancia e realizando os cadastros nos respectivos sistemas da Secretaria do Tesouro Nacional (STN), atrav\u00e9s do Sistema de Informa\u00e7\u00f5es Cont\u00e1beis e Fiscais do Setor P\u00fablico Brasileiro (SICONFI), observando a legisla\u00e7\u00e3o vigente;<\/p>\n\n\n\n<p>III \u2013 realizar as confer\u00eancias cont\u00e1beis dos Balancetes mensais dos \u00f3rg\u00e3os\/entidades da Administra\u00e7\u00e3o P\u00fablica Municipal, seguindo roteiro de par\u00e2metros definidos pela Ger\u00eancia de Consolida\u00e7\u00e3o e Controle Cont\u00e1bil, aprovado pela Diretoria de Contabilidade;<\/p>\n\n\n\n<p>IV \u2013 notificar os \u00f3rg\u00e3os\/entidades da Administra\u00e7\u00e3o P\u00fablica Municipal, como tamb\u00e9m o setor de controle interno, quando encontrado diverg\u00eancias nos relat\u00f3rios cont\u00e1beis mensais, requerendo o saneamento dos apontamentos de forma a n\u00e3o comprometer a consolida\u00e7\u00e3o cont\u00e1bil;<\/p>\n\n\n\n<p>V \u2013 promover a publica\u00e7\u00e3o dos demonstrativos cont\u00e1beis e relat\u00f3rios fiscais do munic\u00edpio nos meios oficiais;<\/p>\n\n\n\n<p>VI \u2013 encaminhar \u00e0 C\u00e2mara Municipal relat\u00f3rios e documentos com previs\u00e3o legal;<\/p>\n\n\n\n<p>VII \u2013 acompanhar e notificar a Diretoria de Normatiza\u00e7\u00e3o e Consolida\u00e7\u00e3o Cont\u00e1bil quanto aos \u00edndices apresentados na Lei de Responsabilidade Fiscal;<\/p>\n\n\n\n<p>VIII \u2013 acompanhar em conjunto com a Ger\u00eancia da D\u00edvida Ativa a movimenta\u00e7\u00e3o dos Restos a Pagar dos \u00f3rg\u00e3os\/entidades da Administra\u00e7\u00e3o P\u00fablica Municipal, procedendo o cancelamento quando devidamente solicitado, observando a legisla\u00e7\u00e3o vigente;<\/p>\n\n\n\n<p>IX \u2013 propor o bloqueio aos \u00f3rg\u00e3os\/entidades da Administra\u00e7\u00e3o P\u00fablica Municipal, sempre que necess\u00e1rio e devidamente justificado;<\/p>\n\n\n\n<p>X \u2013 responder \u00e0s solicita\u00e7\u00f5es de informa\u00e7\u00f5es encaminhadas \u00e0 Ger\u00eancia de Consolida\u00e7\u00e3o e Publica\u00e7\u00f5es Cont\u00e1beis nos prazos estabelecidos;<\/p>\n\n\n\n<p>XI \u2013 informar \u00e0 Diretoria de Normatiza\u00e7\u00e3o e Consolida\u00e7\u00e3o Cont\u00e1bil qualquer situa\u00e7\u00e3o adversa na consolida\u00e7\u00e3o cont\u00e1bil, propondo adequa\u00e7\u00f5es e demais provid\u00eancias;<\/p>\n\n\n\n<p>XII \u2013 exercer outras atividades correlatas \u00e0s suas compet\u00eancias e que lhe forem determinadas pelo Diretor de Normatiza\u00e7\u00e3o e Consolida\u00e7\u00e3o Cont\u00e1bil, observando sempre os princ\u00edpios legais, \u00e9ticos e morais.<\/p>\n","protected":false},"excerpt":{"rendered":"<p>\u00c0 Ger\u00eancia de Consolida\u00e7\u00e3o e Publica\u00e7\u00f5es Cont\u00e1beis (GERCPC), departamento subordinado \u00e0 Diretoria de Normatiza\u00e7\u00e3o e Consolida\u00e7\u00e3o Cont\u00e1bil da Superintend\u00eancia Central de Contabilidade da Secretaria Municipal de Finan\u00e7as compete, dentre outras atribui\u00e7\u00f5es: I \u2013 elaborar, conferir e emitir os relat\u00f3rios mensais de consolida\u00e7\u00e3o cont\u00e1bil da Administra\u00e7\u00e3o Municipal; II \u2013 elaborar e emitir os relat\u00f3rios da Lei [&hellip;]<\/p>\n","protected":false},"author":1,"featured_media":0,"parent":314,"menu_order":23,"comment_status":"closed","ping_status":"closed","template":"","meta":{"_acf_changed":false,"custom_icon_class":"","footnotes":""},"class_list":["post-494","page","type-page","status-publish","hentry"],"acf":[],"_links":{"self":[{"href":"https:\/\/www.goiania.go.gov.br\/sefaz\/wp-json\/wp\/v2\/pages\/494","targetHints":{"allow":["GET"]}}],"collection":[{"href":"https:\/\/www.goiania.go.gov.br\/sefaz\/wp-json\/wp\/v2\/pages"}],"about":[{"href":"https:\/\/www.goiania.go.gov.br\/sefaz\/wp-json\/wp\/v2\/types\/page"}],"author":[{"embeddable":true,"href":"https:\/\/www.goiania.go.gov.br\/sefaz\/wp-json\/wp\/v2\/users\/1"}],"replies":[{"embeddable":true,"href":"https:\/\/www.goiania.go.gov.br\/sefaz\/wp-json\/wp\/v2\/comments?post=494"}],"version-history":[{"count":4,"href":"https:\/\/www.goiania.go.gov.br\/sefaz\/wp-json\/wp\/v2\/pages\/494\/revisions"}],"predecessor-version":[{"id":502,"href":"https:\/\/www.goiania.go.gov.br\/sefaz\/wp-json\/wp\/v2\/pages\/494\/revisions\/502"}],"up":[{"embeddable":true,"href":"https:\/\/www.goiania.go.gov.br\/sefaz\/wp-json\/wp\/v2\/pages\/314"}],"wp:attachment":[{"href":"https:\/\/www.goiania.go.gov.br\/sefaz\/wp-json\/wp\/v2\/media?parent=494"}],"curies":[{"name":"wp","href":"https:\/\/api.w.org\/{rel}","templated":true}]}}