{"id":486,"date":"2021-06-25T10:10:43","date_gmt":"2021-06-25T13:10:43","guid":{"rendered":"https:\/\/www.goiania.go.gov.br\/sefin\/departamentos\/diretoria-de-normatizacao-e-consolidacao-contabil\/"},"modified":"2021-06-25T10:14:41","modified_gmt":"2021-06-25T13:14:41","slug":"diretoria-de-normatizacao-e-consolidacao-contabil","status":"publish","type":"page","link":"https:\/\/www.goiania.go.gov.br\/sefaz\/departamentos\/diretoria-de-normatizacao-e-consolidacao-contabil\/","title":{"rendered":"Diretoria de Normatiza\u00e7\u00e3o e Consolida\u00e7\u00e3o Cont\u00e1bil"},"content":{"rendered":"\n<p>\u00c0 Diretoria de Normatiza\u00e7\u00e3o e Consolida\u00e7\u00e3o Cont\u00e1bil (DIRNCC), departamento subordinado \u00e0 Superintend\u00eancia Central de Contabilidade da Secretaria Municipal de Finan\u00e7as compete, dentre outras atribui\u00e7\u00f5es:<\/p>\n\n\n\n<p>I \u2013 consolidar as informa\u00e7\u00f5es da execu\u00e7\u00e3o or\u00e7ament\u00e1ria e financeira dos \u00f3rg\u00e3os da Administra\u00e7\u00e3o Direta, dos Fundos e Autarquias, conciliando e conferindo os dados para emiss\u00e3o de relat\u00f3rios;<\/p>\n\n\n\n<p>II \u2013 elaborar os relat\u00f3rios fiscais do munic\u00edpio, realizando as devidas confer\u00eancias para publica\u00e7\u00e3o;<\/p>\n\n\n\n<p>III \u2013 encaminhar aos \u00f3rg\u00e3os de controle interno e externo por meio f\u00edsico ou eletr\u00f4nico, informa\u00e7\u00f5es e dados fiscais do munic\u00edpio, consoante \u00e0s disposi\u00e7\u00f5es legais e regulamentares vigentes;<\/p>\n\n\n\n<p>IV \u2013 acompanhar os \u00edndices constitucionais legais obrigat\u00f3rios obtidos e promover alertas aos gestores quanto aos limites;<\/p>\n\n\n\n<p>V \u2013 realizar estudos cont\u00e1beis, or\u00e7ament\u00e1rios, financeiros e patrimoniais, acompanhando a legisla\u00e7\u00e3o e normativos vigentes, para apresentar propostas de modifica\u00e7\u00f5es e inova\u00e7\u00f5es nos processos e sistemas de contabilidade;<\/p>\n\n\n\n<p>VI \u2013 promover a publica\u00e7\u00e3o dos demonstrativos cont\u00e1beis e relat\u00f3rios fiscais do munic\u00edpio nos meios oficiais;<\/p>\n\n\n\n<p>VII \u2013 apresentar os documentos, esclarecimentos e justificativas nas dilig\u00eancias exaradas pelo controle interno e externo nos apontamentos nos balancetes e balan\u00e7os, inerentes aos aspectos cont\u00e1beis;<\/p>\n\n\n\n<p>VIII \u2013 solicitar aos \u00f3rg\u00e3os da Administra\u00e7\u00e3o Municipal os documentos, esclarecimentos e justificativas para subsidiar a elabora\u00e7\u00e3o das respostas \u00e0s dilig\u00eancias do Tribunal de Contas dos Munic\u00edpios do Estado de Goi\u00e1s (TCM-GO);<\/p>\n\n\n\n<p>IX \u2013 monitorar os andamentos dos processos de presta\u00e7\u00e3o de contas de gest\u00e3o e governo junto ao \u00f3rg\u00e3o de controle externo, propondo a\u00e7\u00f5es e provid\u00eancias;<\/p>\n\n\n\n<p>X \u2013 enviar \u00e0 C\u00e2mara Municipal relat\u00f3rios contendo as receitas de aplica\u00e7\u00f5es financeiras e outras obriga\u00e7\u00f5es legais, conforme previs\u00e3o legal;<\/p>\n\n\n\n<p>XI \u2013 desenvolver relat\u00f3rios e an\u00e1lises cont\u00e1beis dos \u00f3rg\u00e3os da administra\u00e7\u00e3o direta e indireta;<\/p>\n\n\n\n<p>XII \u2013 interagir e integrar trabalhos e a\u00e7\u00f5es com os demais setores da Superintend\u00eancia Central de Contabilidade;<\/p>\n\n\n\n<p>XIII \u2013 propor o bloqueio dos \u00f3rg\u00e3os\/entidades da Administra\u00e7\u00e3o P\u00fablica Municipal, sempre que necess\u00e1rio e devidamente justificado;<\/p>\n\n\n\n<p>XIV \u2013 responder \u00e0s solicita\u00e7\u00f5es de informa\u00e7\u00f5es encaminhadas \u00e0 Diretoria de Normatiza\u00e7\u00e3o e Consolida\u00e7\u00e3o Cont\u00e1bil nos prazos estabelecidos;<\/p>\n\n\n\n<p>XV \u2013 informar ao Superintendente Central de Contabilidade qualquer situa\u00e7\u00e3o adversa no processo de consolida\u00e7\u00e3o das informa\u00e7\u00f5es cont\u00e1beis dos \u00f3rg\u00e3os\/entidades da Administra\u00e7\u00e3o P\u00fablica Municipal, propondo adequa\u00e7\u00f5es e demais provid\u00eancias;<\/p>\n\n\n\n<p>XVI \u2013 exercer outras atividades correlatas \u00e0s suas compet\u00eancias e que lhe forem determinadas pelo Superintendente de Contabilidade Geral, observando sempre os princ\u00edpios legais, \u00e9ticos e morais.<\/p>\n","protected":false},"excerpt":{"rendered":"<p>\u00c0 Diretoria de Normatiza\u00e7\u00e3o e Consolida\u00e7\u00e3o Cont\u00e1bil (DIRNCC), departamento subordinado \u00e0 Superintend\u00eancia Central de Contabilidade da Secretaria Municipal de Finan\u00e7as compete, dentre outras atribui\u00e7\u00f5es: I \u2013 consolidar as informa\u00e7\u00f5es da execu\u00e7\u00e3o or\u00e7ament\u00e1ria e financeira dos \u00f3rg\u00e3os da Administra\u00e7\u00e3o Direta, dos Fundos e Autarquias, conciliando e conferindo os dados para emiss\u00e3o de relat\u00f3rios; II \u2013 elaborar [&hellip;]<\/p>\n","protected":false},"author":1,"featured_media":0,"parent":314,"menu_order":21,"comment_status":"closed","ping_status":"closed","template":"","meta":{"_acf_changed":false,"custom_icon_class":"","footnotes":""},"class_list":["post-486","page","type-page","status-publish","hentry"],"acf":[],"_links":{"self":[{"href":"https:\/\/www.goiania.go.gov.br\/sefaz\/wp-json\/wp\/v2\/pages\/486","targetHints":{"allow":["GET"]}}],"collection":[{"href":"https:\/\/www.goiania.go.gov.br\/sefaz\/wp-json\/wp\/v2\/pages"}],"about":[{"href":"https:\/\/www.goiania.go.gov.br\/sefaz\/wp-json\/wp\/v2\/types\/page"}],"author":[{"embeddable":true,"href":"https:\/\/www.goiania.go.gov.br\/sefaz\/wp-json\/wp\/v2\/users\/1"}],"replies":[{"embeddable":true,"href":"https:\/\/www.goiania.go.gov.br\/sefaz\/wp-json\/wp\/v2\/comments?post=486"}],"version-history":[{"count":2,"href":"https:\/\/www.goiania.go.gov.br\/sefaz\/wp-json\/wp\/v2\/pages\/486\/revisions"}],"predecessor-version":[{"id":489,"href":"https:\/\/www.goiania.go.gov.br\/sefaz\/wp-json\/wp\/v2\/pages\/486\/revisions\/489"}],"up":[{"embeddable":true,"href":"https:\/\/www.goiania.go.gov.br\/sefaz\/wp-json\/wp\/v2\/pages\/314"}],"wp:attachment":[{"href":"https:\/\/www.goiania.go.gov.br\/sefaz\/wp-json\/wp\/v2\/media?parent=486"}],"curies":[{"name":"wp","href":"https:\/\/api.w.org\/{rel}","templated":true}]}}