{"id":481,"date":"2021-06-25T10:01:03","date_gmt":"2021-06-25T13:01:03","guid":{"rendered":"https:\/\/www.goiania.go.gov.br\/sefin\/departamentos\/gerencia-de-avaliacao-de-registro-contabil-e-conciliacao-bancaria\/"},"modified":"2021-06-25T10:02:14","modified_gmt":"2021-06-25T13:02:14","slug":"gerencia-de-avaliacao-de-registro-contabil-e-conciliacao-bancaria","status":"publish","type":"page","link":"https:\/\/www.goiania.go.gov.br\/sefaz\/departamentos\/gerencia-de-avaliacao-de-registro-contabil-e-conciliacao-bancaria\/","title":{"rendered":"Ger\u00eancia de Avalia\u00e7\u00e3o de Registro Cont\u00e1bil e Concilia\u00e7\u00e3o Banc\u00e1ria"},"content":{"rendered":"\n<p>\u00c0 Ger\u00eancia de Avalia\u00e7\u00e3o de Registro Cont\u00e1bil e Concilia\u00e7\u00e3o Banc\u00e1ria (GERARCB), departamento subordinado \u00e0 Diretoria Geral de Contabilidade da Superintend\u00eancia Central de Contabilidade da Secretaria Municipal de Finan\u00e7as compete, dentre outras atribui\u00e7\u00f5es:<\/p>\n\n\n\n<p>I \u2013 verificar a conformidade documental dos registros cont\u00e1beis com os movimentos banc\u00e1rios;<\/p>\n\n\n\n<p>II \u2013 realizar cadastros, altera\u00e7\u00f5es e manuten\u00e7\u00f5es nos sistemas vinculados a tesouraria;<\/p>\n\n\n\n<p>III \u2013 orientar e supervisionar os lan\u00e7amentos manuais de tesouraria dos atos e fatos, definidos, que n\u00e3o tenham rotinas autom\u00e1ticas implantadas;<\/p>\n\n\n\n<p>IV \u2013 controlar e executar os trabalhos e servi\u00e7os de tesouraria dos fundos e \u00f3rg\u00e3os da Administra\u00e7\u00e3o Direta e Indireta;<\/p>\n\n\n\n<p>V \u2013 definir quais s\u00e3o os documentos v\u00e1lidos e suficientes para realiza\u00e7\u00e3o dos lan\u00e7amentos de tesouraria voltadas \u00e0 sistematiza\u00e7\u00e3o e a padroniza\u00e7\u00e3o dos procedimentos, observando a legisla\u00e7\u00e3o vigente e os princ\u00edpios cont\u00e1beis;<\/p>\n\n\n\n<p>VI \u2013 solicitar dos setores respons\u00e1veis a regulariza\u00e7\u00e3o dos d\u00e9bitos banc\u00e1rios n\u00e3o identificados com a apresenta\u00e7\u00e3o dos respectivos documentos para elabora\u00e7\u00e3o da concilia\u00e7\u00e3o banc\u00e1ria;<\/p>\n\n\n\n<p>VII \u2013 solicitar dos agentes financeiros os documentos pertinentes necess\u00e1rios para a elabora\u00e7\u00e3o da concilia\u00e7\u00e3o banc\u00e1ria;<\/p>\n\n\n\n<p>VIII \u2013 elaborar os movimentos cont\u00e1beis com os documentos dos movimentos banc\u00e1rios para subsidiar a montagem do Balancete Mensal;<\/p>\n\n\n\n<p>IX \u2013 prestar apoio e assessoramento t\u00e9cnico \u00e0s unidades or\u00e7ament\u00e1rias da Administra\u00e7\u00e3o Municipal, quanto \u00e0s normas e procedimentos para a consolida\u00e7\u00e3o da execu\u00e7\u00e3o or\u00e7ament\u00e1ria e financeira pelos mesmos;<\/p>\n\n\n\n<p>X \u2013 propor o bloqueio dos \u00f3rg\u00e3os\/entidades da Administra\u00e7\u00e3o P\u00fablica Municipal, sempre que necess\u00e1rio e devidamente justificado;<\/p>\n\n\n\n<p>XI \u2013 responder \u00e0s solicita\u00e7\u00f5es de informa\u00e7\u00f5es encaminhadas \u00e0 Ger\u00eancia de Avalia\u00e7\u00e3o Cont\u00e1bil e Concilia\u00e7\u00e3o Banc\u00e1ria nos prazos estabelecidos;<\/p>\n\n\n\n<p>XII \u2013 informar \u00e0 Diretoria de Contabilidade Geral qualquer situa\u00e7\u00e3o adversa na execu\u00e7\u00e3o or\u00e7ament\u00e1ria, financeira e patrimonial dos \u00f3rg\u00e3os\/entidades da Administra\u00e7\u00e3o P\u00fablica Municipal, para suas adequa\u00e7\u00f5es e demais provid\u00eancias;<\/p>\n\n\n\n<p>XIII \u2013 disponibilizar sempre que solicitado relat\u00f3rios demonstrativos da disponibilidade financeira dos \u00d3rg\u00e3os da Administra\u00e7\u00e3o Direta e Indireta;<\/p>\n\n\n\n<p>XIV \u2013 exercer outras atividades correlatas \u00e0s suas compet\u00eancias e que lhe forem determinadas pelo Diretor de Contabilidade Geral, observando sempre os princ\u00edpios legais, \u00e9ticos e morais.<\/p>\n","protected":false},"excerpt":{"rendered":"<p>\u00c0 Ger\u00eancia de Avalia\u00e7\u00e3o de Registro Cont\u00e1bil e Concilia\u00e7\u00e3o Banc\u00e1ria (GERARCB), departamento subordinado \u00e0 Diretoria Geral de Contabilidade da Superintend\u00eancia Central de Contabilidade da Secretaria Municipal de Finan\u00e7as compete, dentre outras atribui\u00e7\u00f5es: I \u2013 verificar a conformidade documental dos registros cont\u00e1beis com os movimentos banc\u00e1rios; II \u2013 realizar cadastros, altera\u00e7\u00f5es e manuten\u00e7\u00f5es nos sistemas vinculados [&hellip;]<\/p>\n","protected":false},"author":1,"featured_media":0,"parent":314,"menu_order":20,"comment_status":"closed","ping_status":"closed","template":"","meta":{"_acf_changed":false,"custom_icon_class":"","footnotes":""},"class_list":["post-481","page","type-page","status-publish","hentry"],"acf":[],"_links":{"self":[{"href":"https:\/\/www.goiania.go.gov.br\/sefaz\/wp-json\/wp\/v2\/pages\/481","targetHints":{"allow":["GET"]}}],"collection":[{"href":"https:\/\/www.goiania.go.gov.br\/sefaz\/wp-json\/wp\/v2\/pages"}],"about":[{"href":"https:\/\/www.goiania.go.gov.br\/sefaz\/wp-json\/wp\/v2\/types\/page"}],"author":[{"embeddable":true,"href":"https:\/\/www.goiania.go.gov.br\/sefaz\/wp-json\/wp\/v2\/users\/1"}],"replies":[{"embeddable":true,"href":"https:\/\/www.goiania.go.gov.br\/sefaz\/wp-json\/wp\/v2\/comments?post=481"}],"version-history":[{"count":2,"href":"https:\/\/www.goiania.go.gov.br\/sefaz\/wp-json\/wp\/v2\/pages\/481\/revisions"}],"predecessor-version":[{"id":484,"href":"https:\/\/www.goiania.go.gov.br\/sefaz\/wp-json\/wp\/v2\/pages\/481\/revisions\/484"}],"up":[{"embeddable":true,"href":"https:\/\/www.goiania.go.gov.br\/sefaz\/wp-json\/wp\/v2\/pages\/314"}],"wp:attachment":[{"href":"https:\/\/www.goiania.go.gov.br\/sefaz\/wp-json\/wp\/v2\/media?parent=481"}],"curies":[{"name":"wp","href":"https:\/\/api.w.org\/{rel}","templated":true}]}}