{"id":465,"date":"2021-06-25T09:45:28","date_gmt":"2021-06-25T12:45:28","guid":{"rendered":"https:\/\/www.goiania.go.gov.br\/sefin\/departamentos\/diretoria-geral-de-contabilidade\/"},"modified":"2021-06-25T09:47:17","modified_gmt":"2021-06-25T12:47:17","slug":"diretoria-geral-de-contabilidade","status":"publish","type":"page","link":"https:\/\/www.goiania.go.gov.br\/sefaz\/departamentos\/diretoria-geral-de-contabilidade\/","title":{"rendered":"Diretoria Geral de Contabilidade"},"content":{"rendered":"\n<p>\u00c0 Diretoria Geral de Contabilidade (Dircon), departamento subordinado \u00e0 Superintend\u00eancia Central de Contabilidade da Secretaria Municipal de Finan\u00e7as compete, dentre outras atribui\u00e7\u00f5es:<\/p>\n\n\n\n<p>I \u2013 estabelecer normas, regras, diretrizes e procedimentos para o adequado registro cont\u00e1bil dos atos e dos fatos da gest\u00e3o or\u00e7ament\u00e1ria, financeira e patrimonial, como tamb\u00e9m a execu\u00e7\u00e3o dos servi\u00e7os de Contabilidade a serem aplicadas no \u00e2mbito dos \u00f3rg\u00e3os\/entidades da Administra\u00e7\u00e3o P\u00fablica Municipal, consoante \u00e0s disposi\u00e7\u00f5es legais e regulamentares vigentes;<\/p>\n\n\n\n<p>II \u2013 realizar cadastros, altera\u00e7\u00f5es e manuten\u00e7\u00f5es do Plano de Contas \u00danico, processos cont\u00e1beis e demais tabelas no Sistema de Contabilidade;<\/p>\n\n\n\n<p>III \u2013 controlar e executar os trabalhos e servi\u00e7os de tesouraria e contabilidade dos fundos e \u00f3rg\u00e3os da Administra\u00e7\u00e3o Direta e Indireta;<\/p>\n\n\n\n<p>IV \u2013 emitir e conferir os relat\u00f3rios de demonstrativos cont\u00e1beis do Balan\u00e7o Geral da Administra\u00e7\u00e3o P\u00fablica Municipal;<\/p>\n\n\n\n<p>V \u2013 elaborar os Balancetes Mensais da Administra\u00e7\u00e3o Direta, Indireta e do Balan\u00e7o Geral Consolidado, em conformidade com a legisla\u00e7\u00e3o vigente;<\/p>\n\n\n\n<p>VI \u2013 requerer documentos necess\u00e1rios para elabora\u00e7\u00e3o dos Balancetes Mensais da Administra\u00e7\u00e3o Direta, Indireta e do Balan\u00e7o Geral Consolidado;<\/p>\n\n\n\n<p>VII \u2013 disponibilizar aos \u00f3rg\u00e3os de controle interno e externo, tempestivamente, a documenta\u00e7\u00e3o comprobat\u00f3ria das informa\u00e7\u00f5es cont\u00e1beis, quando solicitado;<\/p>\n\n\n\n<p>VIII \u2013 realizar a gest\u00e3o do Sistema Informatizado de Tesouraria, Contabilidade e outros sob responsabilidade de Diretoria de Contabilidade;<\/p>\n\n\n\n<p>IX \u2013 definir quais s\u00e3o os documentos v\u00e1lidos e suficientes para realiza\u00e7\u00e3o dos registros dos atos e fatos cont\u00e1beis voltadas \u00e0 sistematiza\u00e7\u00e3o e a padroniza\u00e7\u00e3o dos procedimentos, observando a legisla\u00e7\u00e3o vigente e os princ\u00edpios cont\u00e1beis;<\/p>\n\n\n\n<p>X \u2013 transmitir dados e informa\u00e7\u00f5es cont\u00e1beis aos \u00f3rg\u00e3os de controle interno e externo pelos meios exigidos, consoante \u00e0s disposi\u00e7\u00f5es legais e regulamentares vigentes<\/p>\n\n\n\n<p>XI \u2013 acompanhar a gest\u00e3o do patrim\u00f4nio do Munic\u00edpio de Goi\u00e2nia quanto aos aspectos inerentes aos padr\u00f5es de contabilidade aplicada ao setor p\u00fablico, apresentando sugest\u00f5es ao \u00f3rg\u00e3o central de administra\u00e7\u00e3o e patrim\u00f4nio das adequa\u00e7\u00f5es necess\u00e1rias para atendimento da legisla\u00e7\u00e3o vigente, naquilo que couber;<\/p>\n\n\n\n<p>XII \u2013 disponibilizar as informa\u00e7\u00f5es e documentos cont\u00e1beis dos \u00f3rg\u00e3os da Administra\u00e7\u00e3o Direta e Indireta, sempre que solicitado e naquilo que couber;<\/p>\n\n\n\n<p>XIII \u2013 Interagir e integrar trabalhos e a\u00e7\u00f5es com os demais setores da Superintend\u00eancia de Contabilidade Geral;<\/p>\n\n\n\n<p>XIV- propor o bloqueio dos \u00f3rg\u00e3os\/entidades da Administra\u00e7\u00e3o P\u00fablica Municipal, sempre que necess\u00e1rio e devidamente justificado;<\/p>\n\n\n\n<p>XV \u2013 responder \u00e0s solicita\u00e7\u00f5es de informa\u00e7\u00f5es encaminhadas \u00e0 Diretoria de Contabilidade Geral nos prazos estabelecidos;<\/p>\n\n\n\n<p>XVI \u2013 informar ao Superintendente de Contabilidade Geral qualquer situa\u00e7\u00e3o adversa na execu\u00e7\u00e3o or\u00e7ament\u00e1ria, financeira e patrimonial dos \u00f3rg\u00e3os\/entidades da Administra\u00e7\u00e3o P\u00fablica Municipal, propondo adequa\u00e7\u00f5es e demais provid\u00eancias;<\/p>\n\n\n\n<p>XVII \u2013 exercer outras atividades correlatas \u00e0s suas compet\u00eancias e que lhe forem determinadas pelo Superintendente de Contabilidade Geral, observando sempre os princ\u00edpios legais, \u00e9ticos e morais.<\/p>\n","protected":false},"excerpt":{"rendered":"<p>\u00c0 Diretoria Geral de Contabilidade (Dircon), departamento subordinado \u00e0 Superintend\u00eancia Central de Contabilidade da Secretaria Municipal de Finan\u00e7as compete, dentre outras atribui\u00e7\u00f5es: I \u2013 estabelecer normas, regras, diretrizes e procedimentos para o adequado registro cont\u00e1bil dos atos e dos fatos da gest\u00e3o or\u00e7ament\u00e1ria, financeira e patrimonial, como tamb\u00e9m a execu\u00e7\u00e3o dos servi\u00e7os de Contabilidade a [&hellip;]<\/p>\n","protected":false},"author":1,"featured_media":0,"parent":314,"menu_order":18,"comment_status":"closed","ping_status":"closed","template":"","meta":{"_acf_changed":false,"custom_icon_class":"","footnotes":""},"class_list":["post-465","page","type-page","status-publish","hentry"],"acf":[],"_links":{"self":[{"href":"https:\/\/www.goiania.go.gov.br\/sefaz\/wp-json\/wp\/v2\/pages\/465","targetHints":{"allow":["GET"]}}],"collection":[{"href":"https:\/\/www.goiania.go.gov.br\/sefaz\/wp-json\/wp\/v2\/pages"}],"about":[{"href":"https:\/\/www.goiania.go.gov.br\/sefaz\/wp-json\/wp\/v2\/types\/page"}],"author":[{"embeddable":true,"href":"https:\/\/www.goiania.go.gov.br\/sefaz\/wp-json\/wp\/v2\/users\/1"}],"replies":[{"embeddable":true,"href":"https:\/\/www.goiania.go.gov.br\/sefaz\/wp-json\/wp\/v2\/comments?post=465"}],"version-history":[{"count":2,"href":"https:\/\/www.goiania.go.gov.br\/sefaz\/wp-json\/wp\/v2\/pages\/465\/revisions"}],"predecessor-version":[{"id":468,"href":"https:\/\/www.goiania.go.gov.br\/sefaz\/wp-json\/wp\/v2\/pages\/465\/revisions\/468"}],"up":[{"embeddable":true,"href":"https:\/\/www.goiania.go.gov.br\/sefaz\/wp-json\/wp\/v2\/pages\/314"}],"wp:attachment":[{"href":"https:\/\/www.goiania.go.gov.br\/sefaz\/wp-json\/wp\/v2\/media?parent=465"}],"curies":[{"name":"wp","href":"https:\/\/api.w.org\/{rel}","templated":true}]}}