{"id":442,"date":"2021-06-25T09:10:18","date_gmt":"2021-06-25T12:10:18","guid":{"rendered":"https:\/\/www.goiania.go.gov.br\/sefin\/departamentos\/gerencia-de-compras-e-suprimentos\/"},"modified":"2021-06-25T09:11:32","modified_gmt":"2021-06-25T12:11:32","slug":"gerencia-de-compras-e-suprimentos","status":"publish","type":"page","link":"https:\/\/www.goiania.go.gov.br\/sefaz\/departamentos\/gerencia-de-compras-e-suprimentos\/","title":{"rendered":"Ger\u00eancia de Compras e Suprimentos"},"content":{"rendered":"\n<p>\u00c0 Ger\u00eancia de Compras e Suprimentos (Gercom), departamento subordinado \u00e0 Diretoria Administrativa da Secretaria Municipal de Finan\u00e7as compete, dentre outras atribui\u00e7\u00f5es:<\/p>\n\n\n\n<p>I \u2013 promover a instru\u00e7\u00e3o e realiza\u00e7\u00e3o dos procedimentos aquisitivos, nas modalidades pertinentes, bem como por dispensa ou inexigibilidade de licita\u00e7\u00e3o ou mediante ades\u00e3o \u00e0 ata de registro de pre\u00e7os no \u00e2mbito da Secretaria, ap\u00f3s autoriza\u00e7\u00e3o da autoridade competente;<\/p>\n\n\n\n<p>II \u2013 acompanhar o andamento de todos os processos de aquisi\u00e7\u00f5es, realizadas pela Secretaria;<\/p>\n\n\n\n<p>III \u2013 definir a modalidade de dispensa ou inexigibilidade de licita\u00e7\u00e3o, a ser adotada nas contrata\u00e7\u00f5es realizadas no \u00e2mbito da Secretaria;<\/p>\n\n\n\n<p>IV \u2013 identificar sobrepre\u00e7os em itens de planilhas de custos, bem como proposta inexequ\u00edvel ou acima do pre\u00e7o de mercado, sempre no que couber, com subs\u00eddio da unidade demandante;<\/p>\n\n\n\n<p>V \u2013 auxiliar o gestor a identificar a proposta mais vantajosa para a Administra\u00e7\u00e3o, bem como a necessidade de negocia\u00e7\u00e3o com os fornecedores;<\/p>\n\n\n\n<p>VI \u2013 elaborar minutas e editais, exceto o projeto b\u00e1sico ou termo de refer\u00eancia, de contratos e de atos de dispensa e inexigibilidade de licita\u00e7\u00e3o, encaminhando \u00e0 an\u00e1lise e parecer da Advocacia Setorial da Secretaria;<\/p>\n\n\n\n<p>VII \u2013 elaborar minutas de contrato de aquisi\u00e7\u00e3o de bens e servi\u00e7os, em que a Secretaria seja parte;<\/p>\n\n\n\n<p>VIII \u2013 elaborar Portaria de designa\u00e7\u00e3o do Gestor Administrativo e Fiscal, nos contratos celebrados no \u00e2mbito da Secretaria;<\/p>\n\n\n\n<p>IX \u2013 analisar, preliminarmente, projetos b\u00e1sicos ou termos de refer\u00eancia relativos \u00e0s aquisi\u00e7\u00f5es, segundo modalidade e tipo de licita\u00e7\u00e3o, orientando, se necess\u00e1rio, \u00e0s unidades respons\u00e1veis para implementa\u00e7\u00e3o de poss\u00edveis modifica\u00e7\u00f5es, se consideradas pertinentes, podendo consolid\u00e1-las a partir das sugest\u00f5es das unidades t\u00e9cnicas competentes;<\/p>\n\n\n\n<p>X \u2013 conduzir os procedimentos licitat\u00f3rios por pregoeiros ou comiss\u00f5es de licita\u00e7\u00e3o, segundo compet\u00eancias previstas na legisla\u00e7\u00e3o pertinente;<\/p>\n\n\n\n<p>XI \u2013 analisar, julgar e classificar as propostas, at\u00e9 a efetiva assinatura do instrumento contratual ou equivalente;<\/p>\n\n\n\n<p>XII \u2013 guardar a estrita observ\u00e2ncia \u00e0s normas gerais e espec\u00edficas relativas aos procedimentos aquisitivos;<\/p>\n\n\n\n<p>XIII \u2013 promover e garantir a observ\u00e2ncia do princ\u00edpio constitucional da isonomia, bem como dos princ\u00edpios b\u00e1sicos da legalidade, impessoalidade, moralidade, igualdade, publicidade, probidade administrativa, vincula\u00e7\u00e3o ao instrumento convocat\u00f3rio e do julgamento objetivo nos processos de licita\u00e7\u00e3o empreendidos pela Secretaria;<\/p>\n\n\n\n<p>XIV\u2013 manifestar-se sobre os recursos administrativos e impugna\u00e7\u00f5es interpostos pelos licitantes;<\/p>\n\n\n\n<p>XV \u2013 prestar esclarecimentos aos \u00f3rg\u00e3os de controle;<\/p>\n\n\n\n<p>XVI \u2013 alimentar todos os sistemas obrigat\u00f3rios com informa\u00e7\u00f5es atinentes \u00e0s atividades sobre sua compet\u00eancia, como dados dos contratos firmados, exceto quanto \u00e0 execu\u00e7\u00e3o contratual, com disponibiliza\u00e7\u00e3o, em s\u00edtio apropriado, dos contratos, editais de licita\u00e7\u00e3o e resultados, entre outros;<\/p>\n\n\n\n<p>XVII \u2013 informar tempestivamente \u00e0s \u00e1reas executoras e \u00e0s unidades b\u00e1sicas envolvidas a imin\u00eancia do vencimento dos contratos de natureza continuada e viabilizar renova\u00e7\u00f5es, caso necess\u00e1rio;<\/p>\n\n\n\n<p>XVIII \u2013 exercer outras atividades correlatas \u00e0s suas compet\u00eancias e que lhe forem determinadas pelo Diretor, observando sempre os princ\u00edpios legais, \u00e9ticos e morais.<\/p>\n","protected":false},"excerpt":{"rendered":"<p>\u00c0 Ger\u00eancia de Compras e Suprimentos (Gercom), departamento subordinado \u00e0 Diretoria Administrativa da Secretaria Municipal de Finan\u00e7as compete, dentre outras atribui\u00e7\u00f5es: I \u2013 promover a instru\u00e7\u00e3o e realiza\u00e7\u00e3o dos procedimentos aquisitivos, nas modalidades pertinentes, bem como por dispensa ou inexigibilidade de licita\u00e7\u00e3o ou mediante ades\u00e3o \u00e0 ata de registro de pre\u00e7os no \u00e2mbito da Secretaria, [&hellip;]<\/p>\n","protected":false},"author":1,"featured_media":0,"parent":314,"menu_order":13,"comment_status":"closed","ping_status":"closed","template":"","meta":{"_acf_changed":false,"custom_icon_class":"","footnotes":""},"class_list":["post-442","page","type-page","status-publish","hentry"],"acf":[],"_links":{"self":[{"href":"https:\/\/www.goiania.go.gov.br\/sefaz\/wp-json\/wp\/v2\/pages\/442","targetHints":{"allow":["GET"]}}],"collection":[{"href":"https:\/\/www.goiania.go.gov.br\/sefaz\/wp-json\/wp\/v2\/pages"}],"about":[{"href":"https:\/\/www.goiania.go.gov.br\/sefaz\/wp-json\/wp\/v2\/types\/page"}],"author":[{"embeddable":true,"href":"https:\/\/www.goiania.go.gov.br\/sefaz\/wp-json\/wp\/v2\/users\/1"}],"replies":[{"embeddable":true,"href":"https:\/\/www.goiania.go.gov.br\/sefaz\/wp-json\/wp\/v2\/comments?post=442"}],"version-history":[{"count":2,"href":"https:\/\/www.goiania.go.gov.br\/sefaz\/wp-json\/wp\/v2\/pages\/442\/revisions"}],"predecessor-version":[{"id":445,"href":"https:\/\/www.goiania.go.gov.br\/sefaz\/wp-json\/wp\/v2\/pages\/442\/revisions\/445"}],"up":[{"embeddable":true,"href":"https:\/\/www.goiania.go.gov.br\/sefaz\/wp-json\/wp\/v2\/pages\/314"}],"wp:attachment":[{"href":"https:\/\/www.goiania.go.gov.br\/sefaz\/wp-json\/wp\/v2\/media?parent=442"}],"curies":[{"name":"wp","href":"https:\/\/api.w.org\/{rel}","templated":true}]}}