{"id":424,"date":"2021-06-24T17:10:55","date_gmt":"2021-06-24T20:10:55","guid":{"rendered":"https:\/\/www.goiania.go.gov.br\/sefin\/departamentos\/gerencia-de-controle-tributario\/"},"modified":"2021-06-24T17:19:30","modified_gmt":"2021-06-24T20:19:30","slug":"gerencia-de-controle-tributario","status":"publish","type":"page","link":"https:\/\/www.goiania.go.gov.br\/sefaz\/departamentos\/gerencia-de-controle-tributario\/","title":{"rendered":"Ger\u00eancia de Controle Tribut\u00e1rio"},"content":{"rendered":"\n<p>\u00c0 Ger\u00eancia de Controle Tribut\u00e1rio (Gerctri), departamento subordinado \u00e0 Diretoria do Contencioso e Controle Tribut\u00e1rio do Conselho Tribut\u00e1rio da Secretaria Municipal de Finan\u00e7as compete, dentre outras atribui\u00e7\u00f5es:<\/p>\n\n\n\n<p>I \u2013 cumprir as determina\u00e7\u00f5es da Lei n\u00ba 5.040, de 20 de novembro de 1975 (CTM) e seu Regulamento, especialmente em rela\u00e7\u00e3o ao procedimento tribut\u00e1rio de controle, an\u00e1lise e emiss\u00e3o de pareceres quanto \u00e0s solicita\u00e7\u00f5es proferidas;<\/p>\n\n\n\n<p>II \u2013 instruir processos de sua compet\u00eancia, determinando, mediante Despacho fundamentado, a realiza\u00e7\u00e3o de dilig\u00eancias necess\u00e1rias \u00e0 sua completa instru\u00e7\u00e3o;<\/p>\n\n\n\n<p>III \u2013 distribuir os processos aptos a serem apreciados, expedindo, sempre que necess\u00e1rias orienta\u00e7\u00f5es para a sua correta an\u00e1lise, bem como definir a data m\u00e1xima para sua aprecia\u00e7\u00e3o, conforme o prazo definido na legisla\u00e7\u00e3o pertinente;<\/p>\n\n\n\n<p>IV \u2013 revisar os atos elaborados pelos servidores da unidade, corrigindo as falhas porventura existentes, bem como emitir ju\u00edzo \u00e0 servi\u00e7o do perfeito ordenamento do feito;<\/p>\n\n\n\n<p>V \u2013 cumprir as disposi\u00e7\u00f5es e os prazos fixados em leis e regulamentos para a tramita\u00e7\u00e3o de processos no \u00e2mbito de sua compet\u00eancia;<\/p>\n\n\n\n<p>VI \u2013 efetuar o controle dos processos sob sua jurisdi\u00e7\u00e3o, acompanhando sua tramita\u00e7\u00e3o at\u00e9 solu\u00e7\u00e3o final na esfera administrativa;<\/p>\n\n\n\n<p>VII \u2013 articular-se com as demais unidades da Secretaria, com vistas \u00e0 proposi\u00e7\u00e3o de medidas e a execu\u00e7\u00e3o dos planos, programas e projetos vinculados \u00e0 \u00e1rea tribut\u00e1ria, bem como \u00e0 unifica\u00e7\u00e3o dos entendimentos acerca da aplica\u00e7\u00e3o da legisla\u00e7\u00e3o tribut\u00e1ria municipal;<\/p>\n\n\n\n<p>VIII \u2013 acompanhar as evolu\u00e7\u00f5es legais e jurisprudenciais em mat\u00e9ria tribut\u00e1ria e fiscal, com vistas \u00e0 obten\u00e7\u00e3o de subs\u00eddios para fundamentar as decis\u00f5es de Primeira Inst\u00e2ncia Administrativa;<\/p>\n\n\n\n<p>IX \u2013 oferecer suporte administrativo, t\u00e9cnico e de infraestrutura necess\u00e1rios para o funcionamento da Comiss\u00e3o Julgadora da Remiss\u00e3o;<\/p>\n\n\n\n<p>X \u2013 exercer outras atividades correlatas \u00e0s suas compet\u00eancias e que lhe forem determinadas pelo Diretor, observando sempre os princ\u00edpios legais, \u00e9ticos e morais;<\/p>\n","protected":false},"excerpt":{"rendered":"<p>\u00c0 Ger\u00eancia de Controle Tribut\u00e1rio (Gerctri), departamento subordinado \u00e0 Diretoria do Contencioso e Controle Tribut\u00e1rio do Conselho Tribut\u00e1rio da Secretaria Municipal de Finan\u00e7as compete, dentre outras atribui\u00e7\u00f5es: I \u2013 cumprir as determina\u00e7\u00f5es da Lei n\u00ba 5.040, de 20 de novembro de 1975 (CTM) e seu Regulamento, especialmente em rela\u00e7\u00e3o ao procedimento tribut\u00e1rio de controle, an\u00e1lise [&hellip;]<\/p>\n","protected":false},"author":1,"featured_media":0,"parent":314,"menu_order":10,"comment_status":"closed","ping_status":"closed","template":"","meta":{"_acf_changed":false,"custom_icon_class":"","footnotes":""},"class_list":["post-424","page","type-page","status-publish","hentry"],"acf":[],"_links":{"self":[{"href":"https:\/\/www.goiania.go.gov.br\/sefaz\/wp-json\/wp\/v2\/pages\/424","targetHints":{"allow":["GET"]}}],"collection":[{"href":"https:\/\/www.goiania.go.gov.br\/sefaz\/wp-json\/wp\/v2\/pages"}],"about":[{"href":"https:\/\/www.goiania.go.gov.br\/sefaz\/wp-json\/wp\/v2\/types\/page"}],"author":[{"embeddable":true,"href":"https:\/\/www.goiania.go.gov.br\/sefaz\/wp-json\/wp\/v2\/users\/1"}],"replies":[{"embeddable":true,"href":"https:\/\/www.goiania.go.gov.br\/sefaz\/wp-json\/wp\/v2\/comments?post=424"}],"version-history":[{"count":2,"href":"https:\/\/www.goiania.go.gov.br\/sefaz\/wp-json\/wp\/v2\/pages\/424\/revisions"}],"predecessor-version":[{"id":427,"href":"https:\/\/www.goiania.go.gov.br\/sefaz\/wp-json\/wp\/v2\/pages\/424\/revisions\/427"}],"up":[{"embeddable":true,"href":"https:\/\/www.goiania.go.gov.br\/sefaz\/wp-json\/wp\/v2\/pages\/314"}],"wp:attachment":[{"href":"https:\/\/www.goiania.go.gov.br\/sefaz\/wp-json\/wp\/v2\/media?parent=424"}],"curies":[{"name":"wp","href":"https:\/\/api.w.org\/{rel}","templated":true}]}}