{"id":418,"date":"2021-06-24T17:04:49","date_gmt":"2021-06-24T20:04:49","guid":{"rendered":"https:\/\/www.goiania.go.gov.br\/sefin\/departamentos\/gerencia-do-contencioso-sanitario\/"},"modified":"2021-06-24T17:05:58","modified_gmt":"2021-06-24T20:05:58","slug":"gerencia-do-contencioso-sanitario","status":"publish","type":"page","link":"https:\/\/www.goiania.go.gov.br\/sefaz\/departamentos\/gerencia-do-contencioso-sanitario\/","title":{"rendered":"Ger\u00eancia do Contencioso Sanit\u00e1rio"},"content":{"rendered":"\n<p>\u00c0 Ger\u00eancia do Contencioso Sanit\u00e1rio (Gercsan), departamento subordinado \u00e0 Diretoria do Contencioso e Controle Tribut\u00e1rio do Conselho Tribut\u00e1rio da Secretaria Municipal de Finan\u00e7as compete, dentre outras atribui\u00e7\u00f5es:<\/p>\n\n\n\n<p>I \u2013 acompanhar os processos fiscais contenciosos de autos de infra\u00e7\u00f5es, interdi\u00e7\u00f5es e outros atos fiscais e administrativos, decorrentes da aplica\u00e7\u00e3o da legisla\u00e7\u00e3o municipal sanit\u00e1ria;<\/p>\n\n\n\n<p>II \u2013 gerir os processos fiscais, acompanhando sua tramita\u00e7\u00e3o at\u00e9 a solu\u00e7\u00e3o final, na esfera administrativa;<\/p>\n\n\n\n<p>III \u2013 adotar procedimentos legais e complementares, nos processos relacionados \u00e0s penalidades aplicadas pela fiscaliza\u00e7\u00e3o;<\/p>\n\n\n\n<p>IV \u2013 sugerir medidas que visem o aprimoramento dos trabalhos de fiscaliza\u00e7\u00e3o e controle do Munic\u00edpio;<\/p>\n\n\n\n<p>V \u2013 emitir parecer acerca de temas correlatos \u00e0 atividade sob sua compet\u00eancia;<\/p>\n\n\n\n<p>VI \u2013 exercer outras atividades compat\u00edveis com a natureza de suas atribui\u00e7\u00f5es e as que lhe forem determinadas pela chefia mediata e imediata;<\/p>\n\n\n\n<p>VII \u2013 zelar pelo cumprimento deste Regimento e outros atos pertinentes \u00e0 ger\u00eancia.<\/p>\n","protected":false},"excerpt":{"rendered":"<p>\u00c0 Ger\u00eancia do Contencioso Sanit\u00e1rio (Gercsan), departamento subordinado \u00e0 Diretoria do Contencioso e Controle Tribut\u00e1rio do Conselho Tribut\u00e1rio da Secretaria Municipal de Finan\u00e7as compete, dentre outras atribui\u00e7\u00f5es: I \u2013 acompanhar os processos fiscais contenciosos de autos de infra\u00e7\u00f5es, interdi\u00e7\u00f5es e outros atos fiscais e administrativos, decorrentes da aplica\u00e7\u00e3o da legisla\u00e7\u00e3o municipal sanit\u00e1ria; II \u2013 gerir [&hellip;]<\/p>\n","protected":false},"author":1,"featured_media":0,"parent":314,"menu_order":9,"comment_status":"closed","ping_status":"closed","template":"","meta":{"_acf_changed":false,"custom_icon_class":"","footnotes":""},"class_list":["post-418","page","type-page","status-publish","hentry"],"acf":[],"_links":{"self":[{"href":"https:\/\/www.goiania.go.gov.br\/sefaz\/wp-json\/wp\/v2\/pages\/418","targetHints":{"allow":["GET"]}}],"collection":[{"href":"https:\/\/www.goiania.go.gov.br\/sefaz\/wp-json\/wp\/v2\/pages"}],"about":[{"href":"https:\/\/www.goiania.go.gov.br\/sefaz\/wp-json\/wp\/v2\/types\/page"}],"author":[{"embeddable":true,"href":"https:\/\/www.goiania.go.gov.br\/sefaz\/wp-json\/wp\/v2\/users\/1"}],"replies":[{"embeddable":true,"href":"https:\/\/www.goiania.go.gov.br\/sefaz\/wp-json\/wp\/v2\/comments?post=418"}],"version-history":[{"count":2,"href":"https:\/\/www.goiania.go.gov.br\/sefaz\/wp-json\/wp\/v2\/pages\/418\/revisions"}],"predecessor-version":[{"id":421,"href":"https:\/\/www.goiania.go.gov.br\/sefaz\/wp-json\/wp\/v2\/pages\/418\/revisions\/421"}],"up":[{"embeddable":true,"href":"https:\/\/www.goiania.go.gov.br\/sefaz\/wp-json\/wp\/v2\/pages\/314"}],"wp:attachment":[{"href":"https:\/\/www.goiania.go.gov.br\/sefaz\/wp-json\/wp\/v2\/media?parent=418"}],"curies":[{"name":"wp","href":"https:\/\/api.w.org\/{rel}","templated":true}]}}