{"id":405,"date":"2021-06-24T16:46:46","date_gmt":"2021-06-24T19:46:46","guid":{"rendered":"https:\/\/www.goiania.go.gov.br\/sefin\/departamentos\/diretoria-do-contencioso-e-controle-tributario\/"},"modified":"2021-06-24T16:48:19","modified_gmt":"2021-06-24T19:48:19","slug":"diretoria-do-contencioso-e-controle-tributario","status":"publish","type":"page","link":"https:\/\/www.goiania.go.gov.br\/sefaz\/departamentos\/diretoria-do-contencioso-e-controle-tributario\/","title":{"rendered":"Diretoria do Contencioso e Controle Tribut\u00e1rio"},"content":{"rendered":"\n<p>\u00c0 Diretoria do Contencioso e Controle Tribut\u00e1rio (DIRCCT), departamento subordinado ao Conselho Tribut\u00e1rio da Secretaria Municipal de Finan\u00e7as compete, dentre outras atribui\u00e7\u00f5es:<\/p>\n\n\n\n<p>I \u2013 a centraliza\u00e7\u00e3o e gest\u00e3o do contencioso administrativo em rela\u00e7\u00e3o \u00e0s atividades de fiscaliza\u00e7\u00e3o do Munic\u00edpio de Goi\u00e2nia;<\/p>\n\n\n\n<p>II \u2013 cumprir as determina\u00e7\u00f5es da Lei n\u00ba 5.040, de 20 de novembro de 1975(CTM) e seu Regulamento, especialmente em rela\u00e7\u00e3o ao procedimento tribut\u00e1rio de controle, an\u00e1lise e emiss\u00e3o de pareceres quanto \u00e0s solicita\u00e7\u00f5es proferidas;<\/p>\n\n\n\n<p>III \u2013 supervisionar e orientar as atividades desenvolvidas pelas Ger\u00eancias vinculadas \u00e0 Diretoria.<\/p>\n\n\n\n<p>IV \u2013 proferir atos meramente interlocut\u00f3rios ou de simples encaminhamento de processos e decis\u00f5es;<\/p>\n\n\n\n<p>V \u2013 observar as disposi\u00e7\u00f5es e os prazos fixados em leis e regulamentos;<\/p>\n\n\n\n<p>VI \u2013 acompanhar a correta instru\u00e7\u00e3o e julgamento dos procedimentos relativos ao contencioso administrativo e controle tribut\u00e1rio;<\/p>\n\n\n\n<p>VII \u2013 expedir despachos, notifica\u00e7\u00f5es\/intima\u00e7\u00f5es necess\u00e1rias ao devido processo legal dos atos submetidos a sua aprecia\u00e7\u00e3o;<\/p>\n\n\n\n<p>VIII \u2013 elaborar as minutas das decis\u00f5es proferidas em procedimentos tribut\u00e1rios de controle, a serem devidamente aprovadas e assinadas pelo Secret\u00e1rio de Finan\u00e7as; IX \u2013 exercer outras atividades compat\u00edveis com a natureza de suas fun\u00e7\u00f5es, previstas em dispositivos legais e\/ou que lhe forem atribu\u00eddas pelo chefe mediato e imediato, observando sempre os princ\u00edpios legais, \u00e9ticos e morais.<\/p>\n","protected":false},"excerpt":{"rendered":"<p>\u00c0 Diretoria do Contencioso e Controle Tribut\u00e1rio (DIRCCT), departamento subordinado ao Conselho Tribut\u00e1rio da Secretaria Municipal de Finan\u00e7as compete, dentre outras atribui\u00e7\u00f5es: I \u2013 a centraliza\u00e7\u00e3o e gest\u00e3o do contencioso administrativo em rela\u00e7\u00e3o \u00e0s atividades de fiscaliza\u00e7\u00e3o do Munic\u00edpio de Goi\u00e2nia; II \u2013 cumprir as determina\u00e7\u00f5es da Lei n\u00ba 5.040, de 20 de novembro de [&hellip;]<\/p>\n","protected":false},"author":1,"featured_media":0,"parent":314,"menu_order":6,"comment_status":"closed","ping_status":"closed","template":"","meta":{"_acf_changed":false,"custom_icon_class":"","footnotes":""},"class_list":["post-405","page","type-page","status-publish","hentry"],"acf":[],"_links":{"self":[{"href":"https:\/\/www.goiania.go.gov.br\/sefaz\/wp-json\/wp\/v2\/pages\/405","targetHints":{"allow":["GET"]}}],"collection":[{"href":"https:\/\/www.goiania.go.gov.br\/sefaz\/wp-json\/wp\/v2\/pages"}],"about":[{"href":"https:\/\/www.goiania.go.gov.br\/sefaz\/wp-json\/wp\/v2\/types\/page"}],"author":[{"embeddable":true,"href":"https:\/\/www.goiania.go.gov.br\/sefaz\/wp-json\/wp\/v2\/users\/1"}],"replies":[{"embeddable":true,"href":"https:\/\/www.goiania.go.gov.br\/sefaz\/wp-json\/wp\/v2\/comments?post=405"}],"version-history":[{"count":2,"href":"https:\/\/www.goiania.go.gov.br\/sefaz\/wp-json\/wp\/v2\/pages\/405\/revisions"}],"predecessor-version":[{"id":408,"href":"https:\/\/www.goiania.go.gov.br\/sefaz\/wp-json\/wp\/v2\/pages\/405\/revisions\/408"}],"up":[{"embeddable":true,"href":"https:\/\/www.goiania.go.gov.br\/sefaz\/wp-json\/wp\/v2\/pages\/314"}],"wp:attachment":[{"href":"https:\/\/www.goiania.go.gov.br\/sefaz\/wp-json\/wp\/v2\/media?parent=405"}],"curies":[{"name":"wp","href":"https:\/\/api.w.org\/{rel}","templated":true}]}}