{"id":40,"date":"2019-09-04T13:07:21","date_gmt":"2019-09-04T16:07:21","guid":{"rendered":"http:\/\/www12.goiania.go.gov.br\/sefin\/?page_id=40"},"modified":"2019-09-04T13:07:22","modified_gmt":"2019-09-04T16:07:22","slug":"perguntas-frequentes","status":"publish","type":"page","link":"https:\/\/www.goiania.go.gov.br\/sefaz\/perguntas-frequentes\/","title":{"rendered":"Perguntas Frequentes"},"content":{"rendered":"\n<h3 class=\"wp-block-heading\"><strong>COMO FAZER PARA OBTER A LIBERA\u00c7\u00c3O DA AIDF (Autoriza\u00e7\u00e3o para Impress\u00e3o de Documentos Fiscais)?<\/strong><\/h3>\n\n\n\n<ul class=\"wp-block-list\"><li>Trazer a autoriza\u00e7\u00e3o com todos os dados preenchidos \u00e0 m\u00e1quina, assinado pelo respons\u00e1vel da empresa e da gr\u00e1fica;<\/li><li>Documento de Identidade do respons\u00e1vel pela empresa.<\/li><\/ul>\n","protected":false},"excerpt":{"rendered":"<p>COMO FAZER PARA OBTER A LIBERA\u00c7\u00c3O DA AIDF (Autoriza\u00e7\u00e3o para Impress\u00e3o de Documentos Fiscais)? Trazer a autoriza\u00e7\u00e3o com todos os dados preenchidos \u00e0 m\u00e1quina, assinado pelo respons\u00e1vel da empresa e da gr\u00e1fica; Documento de Identidade do respons\u00e1vel pela empresa.<\/p>\n","protected":false},"author":1,"featured_media":0,"parent":0,"menu_order":12,"comment_status":"closed","ping_status":"closed","template":"","meta":{"_acf_changed":false,"custom_icon_class":"","footnotes":""},"class_list":["post-40","page","type-page","status-publish","hentry"],"acf":[],"_links":{"self":[{"href":"https:\/\/www.goiania.go.gov.br\/sefaz\/wp-json\/wp\/v2\/pages\/40","targetHints":{"allow":["GET"]}}],"collection":[{"href":"https:\/\/www.goiania.go.gov.br\/sefaz\/wp-json\/wp\/v2\/pages"}],"about":[{"href":"https:\/\/www.goiania.go.gov.br\/sefaz\/wp-json\/wp\/v2\/types\/page"}],"author":[{"embeddable":true,"href":"https:\/\/www.goiania.go.gov.br\/sefaz\/wp-json\/wp\/v2\/users\/1"}],"replies":[{"embeddable":true,"href":"https:\/\/www.goiania.go.gov.br\/sefaz\/wp-json\/wp\/v2\/comments?post=40"}],"version-history":[{"count":1,"href":"https:\/\/www.goiania.go.gov.br\/sefaz\/wp-json\/wp\/v2\/pages\/40\/revisions"}],"predecessor-version":[{"id":41,"href":"https:\/\/www.goiania.go.gov.br\/sefaz\/wp-json\/wp\/v2\/pages\/40\/revisions\/41"}],"wp:attachment":[{"href":"https:\/\/www.goiania.go.gov.br\/sefaz\/wp-json\/wp\/v2\/media?parent=40"}],"curies":[{"name":"wp","href":"https:\/\/api.w.org\/{rel}","templated":true}]}}