{"id":4,"date":"2019-06-05T11:34:16","date_gmt":"2019-06-05T14:34:16","guid":{"rendered":"http:\/\/localhost\/goiania-site\/public_html\/secbase\/?page_id=81"},"modified":"2025-10-20T10:05:32","modified_gmt":"2025-10-20T13:05:32","slug":"sobre-a-secretaria","status":"publish","type":"page","link":"https:\/\/www.goiania.go.gov.br\/sefaz\/sobre-a-secretaria\/","title":{"rendered":"Sobre a Secretaria"},"content":{"rendered":"\n<p>A Secretaria Municipal de Finan\u00e7as (SEFAZ) \u00e9 o \u00f3rg\u00e3o integrante do sistema administrativo da Prefeitura Municipal de Goi\u00e2nia ao qual compete a capta\u00e7\u00e3o e a gest\u00e3o dos recursos financeiros que subsidiam o desenvolvimento de Goi\u00e2nia.<\/p>\n\n\n\n<p><strong>Compet\u00eancias:<\/strong><\/p>\n\n\n\n<p>\u00c0 Secretaria Municipal de Finan\u00e7as compete, dentre outras atribui\u00e7\u00f5es regimentais:<\/p>\n\n\n\n<p>I &#8211; a formula\u00e7\u00e3o, a coordena\u00e7\u00e3o e a execu\u00e7\u00e3o da pol\u00edtica de administra\u00e7\u00e3o tribut\u00e1ria e fiscal do Munic\u00edpio, bem como o aperfei\u00e7oamento, atualiza\u00e7\u00e3o e interpreta\u00e7\u00e3o da legisla\u00e7\u00e3o tribut\u00e1ria municipal;<\/p>\n\n\n\n<p>II &#8211; a arrecada\u00e7\u00e3o, o lan\u00e7amento e a fiscaliza\u00e7\u00e3o dos tributos e receitas municipais;<\/p>\n\n\n\n<p>III &#8211; a organiza\u00e7\u00e3o e a manuten\u00e7\u00e3o do cadastro econ\u00f4mico do Munic\u00edpio, bem como a orienta\u00e7\u00e3o aos contribuintes quanto a sua atualiza\u00e7\u00e3o;<\/p>\n\n\n\n<p>IV &#8211; a organiza\u00e7\u00e3o, inclus\u00e3o e a manuten\u00e7\u00e3o do cadastro imobili\u00e1rio;<\/p>\n\n\n\n<p>V &#8211; a inscri\u00e7\u00e3o na d\u00edvida ativa, a promo\u00e7\u00e3o da sua cobran\u00e7a administrativa e o controle e registro do seu pagamento;<\/p>\n\n\n\n<p>VI &#8211; a fixa\u00e7\u00e3o de crit\u00e9rios para a concess\u00e3o todos os incentivos fiscais e financeiros, tendo em vista o desenvolvimento econ\u00f4mico e social do Munic\u00edpio;<\/p>\n\n\n\n<p>VII &#8211; a centraliza\u00e7\u00e3o e gest\u00e3o do contencioso administrativo em rela\u00e7\u00e3o \u00e0s atividades de fiscaliza\u00e7\u00e3o;<\/p>\n\n\n\n<p>VIII &#8211; a promo\u00e7\u00e3o da educa\u00e7\u00e3o fiscal da popula\u00e7\u00e3o como estrat\u00e9gia integradora de todas as a\u00e7\u00f5es da administra\u00e7\u00e3o tribut\u00e1ria, visando a realiza\u00e7\u00e3o da receita necess\u00e1ria aos objetivos do Munic\u00edpio;<\/p>\n\n\n\n<p>IX &#8211; a centraliza\u00e7\u00e3o da contabilidade dos fundos e \u00f3rg\u00e3os da Administra\u00e7\u00e3o Direta e Indireta;<\/p>\n\n\n\n<p>X &#8211; a elabora\u00e7\u00e3o e emiss\u00e3o de balancetes, balan\u00e7os e presta\u00e7\u00e3o de contas para os respectivos gestores e demais atividades inerentes \u00e0 contabilidade, observando a legisla\u00e7\u00e3o vigente;<\/p>\n\n\n\n<p>XI &#8211; o estabelecimento de normas e procedimentos para o adequado registro cont\u00e1bil dos atos e dos fatos da gest\u00e3o or\u00e7ament\u00e1ria, financeira e patrimonial nos \u00f3rg\u00e3os da Administra\u00e7\u00e3o P\u00fablica Municipal;<\/p>\n\n\n\n<p>XII &#8211; a coordena\u00e7\u00e3o, orienta\u00e7\u00e3o e acompanhamento das a\u00e7\u00f5es setoriais e trabalhos de contabilidade dos fundos, \u00f3rg\u00e3os e entidades da Administra\u00e7\u00e3o P\u00fablica Municipal;<\/p>\n\n\n\n<p>XIII &#8211; a consolida\u00e7\u00e3o dos relat\u00f3rios e demonstrativos cont\u00e1beis para elabora\u00e7\u00e3o e emiss\u00e3o do Balan\u00e7o Geral da Administra\u00e7\u00e3o P\u00fablica Municipal;<\/p>\n\n\n\n<p>XIV &#8211; a elabora\u00e7\u00e3o, a manuten\u00e7\u00e3o e a atualiza\u00e7\u00e3o do Plano de Contas \u00danico para os \u00f3rg\u00e3os da Administra\u00e7\u00e3o Direta e aprova\u00e7\u00e3o dos planos de contas das entidades da Administra\u00e7\u00e3o Indireta;<\/p>\n\n\n\n<p>XV &#8211; o registro e controle cont\u00e1bil da administra\u00e7\u00e3o financeira e patrimonial;<\/p>\n\n\n\n<p>XVI &#8211; o assessoramento e direcionamento dos \u00f3rg\u00e3os e entidades do Munic\u00edpio no procedimento da gest\u00e3o financeira;<\/p>\n\n\n\n<p>XVII &#8211; o registro e gest\u00e3o da execu\u00e7\u00e3o or\u00e7ament\u00e1ria;<\/p>\n\n\n\n<p>XVIII &#8211; o acompanhamento dos gastos com pessoal, materiais, servi\u00e7os, encargos diversos, instala\u00e7\u00f5es e equipamentos;<\/p>\n\n\n\n<p>XIX &#8211; a programa\u00e7\u00e3o das despesas de custeio e de capital do Munic\u00edpio, em articula\u00e7\u00e3o com as demais Secretarias Municipais;<\/p>\n\n\n\n<p>XX &#8211; a realiza\u00e7\u00e3o das receitas e a destina\u00e7\u00e3o destes recursos aos outros \u00f3rg\u00e3os municipais para que desenvolvam seus programas e a\u00e7\u00f5es governamentais, em observ\u00e2ncia \u00e0s disposi\u00e7\u00f5es das leis or\u00e7ament\u00e1rias aprovadas e crit\u00e9rios de execu\u00e7\u00e3o or\u00e7ament\u00e1ria e financeira estipulados na legisla\u00e7\u00e3o;<\/p>\n\n\n\n<p>XXI &#8211; a proposi\u00e7\u00e3o de normas e a defini\u00e7\u00e3o de procedimentos para controle, registro e acompanhamento dos gastos p\u00fablicos e a an\u00e1lise da viabilidade de institui\u00e7\u00e3o e manuten\u00e7\u00e3o de fundos especiais com a fixa\u00e7\u00e3o de normas administrativas para seu funcionamento;<\/p>\n\n\n\n<p>XXII &#8211; o processamento do pagamento de despesas e da movimenta\u00e7\u00e3o das contas banc\u00e1rias da Prefeitura;<\/p>\n\n\n\n<p>XXIII &#8211; o repasse de recursos ao Poder Legislativo;<\/p>\n\n\n\n<p>XXIV &#8211; a gest\u00e3o dos recursos provenientes das transfer\u00eancias constitucionais e volunt\u00e1rias; XXV &#8211; o estabelecimento da programa\u00e7\u00e3o financeira de desembolso consolidada em fluxo de caixa, a uniformiza\u00e7\u00e3o e a padroniza\u00e7\u00e3o de sistemas, procedimentos e formul\u00e1rios aplicados utilizados na execu\u00e7\u00e3o financeira e a promo\u00e7\u00e3o de medidas asseguradoras do equil\u00edbrio or\u00e7ament\u00e1rio e financeiro das contas p\u00fablicas municipais;<\/p>\n\n\n\n<p>XXVI &#8211; a proposi\u00e7\u00e3o dos quadros de detalhamento da execu\u00e7\u00e3o da despesa or\u00e7ament\u00e1ria dos \u00f3rg\u00e3os, entidades e fundos da Administra\u00e7\u00e3o Direta e Indireta;<\/p>\n\n\n\n<p>XXVII &#8211; o acompanhamento e a coordena\u00e7\u00e3o das a\u00e7\u00f5es setoriais desenvolvidas, visando assegurar o cumprimento das prioridades pela Administra\u00e7\u00e3o Municipal e das demandas elencadas no or\u00e7amento pela comunidade;<\/p>\n\n\n\n<p>XXVIII &#8211; a coordena\u00e7\u00e3o das atividades relativas \u00e0 execu\u00e7\u00e3o or\u00e7ament\u00e1ria, financeira e cont\u00e1bil dos \u00f3rg\u00e3os da Administra\u00e7\u00e3o Direta Municipal e o estabelecimento e acompanhamento da programa\u00e7\u00e3o financeira de desembolso, de conformidade com determina\u00e7\u00f5es da Lei de Responsabilidade Fiscal e normas legais pertinentes;<\/p>\n\n\n\n<p>XXIX &#8211; o acompanhamento da execu\u00e7\u00e3o de conv\u00eanios em que s\u00e3o convenentes \u00f3rg\u00e3os ou entidades do Poder Executivo, bem como a avalia\u00e7\u00e3o sobre a fixa\u00e7\u00e3o de contrapartidas que utilizam recursos financeiros de \u00f3rg\u00e3os ou entidades do Poder Executivo Municipal;<\/p>\n\n\n\n<p>XXX &#8211; a coordena\u00e7\u00e3o da formula\u00e7\u00e3o e defini\u00e7\u00e3o dos programas e projetos governamentais para a elabora\u00e7\u00e3o da Lei de Diretrizes Or\u00e7ament\u00e1rias, da Lei Or\u00e7ament\u00e1ria Anual e do Plano Plurianual do Munic\u00edpio, observando as normas da Constitui\u00e7\u00e3o Federal e da Lei de Responsabilidade Fiscal;<\/p>\n\n\n\n<p>XXXI &#8211; a elabora\u00e7\u00e3o do plano plurianual, da lei de diretrizes or\u00e7ament\u00e1rias e da proposta or\u00e7ament\u00e1ria, em conjunto com os demais \u00f3rg\u00e3os municipais;<\/p>\n\n\n\n<p>XXXII &#8211; a orienta\u00e7\u00e3o aos \u00f3rg\u00e3os e entidades municipais sobre a proposi\u00e7\u00e3o de seus or\u00e7amentos e a consolida\u00e7\u00e3o das propostas, bem como o controle, acompanhamento e execu\u00e7\u00e3o do or\u00e7amento anual;<\/p>\n\n\n\n<p>XXXIII &#8211; o gerenciamento de riscos no tocante \u00e0 regularidade das Certid\u00f5es Negativas de D\u00e9bito, quanto \u00e0s obriga\u00e7\u00f5es acess\u00f3rias dos \u00f3rg\u00e3os e entidades da Administra\u00e7\u00e3o Municipal junto aos demais entes da Federa\u00e7\u00e3o;<\/p>\n\n\n\n<p>XXXIV &#8211; o gerenciamento de riscos no tocante \u00e0 regularidade cadastral da Administra\u00e7\u00e3o Direta e Indireta para preservarem a regularidade dos seus dados cadastrais junto \u00e0 Receita Federal do Brasil;<\/p>\n\n\n\n<p>XXXV &#8211; a gest\u00e3o da infraestrutura, suporte e desenvolvimento do sistema informatizado da Secretaria Municipal de Finan\u00e7as;<\/p>\n\n\n\n<p>XXXVI &#8211; o desenvolvimento ou aquisi\u00e7\u00e3o de sistemas em bases de dados georeferenciadas-geoprocessamento;<\/p>\n\n\n\n<p>XXXVII &#8211; a gest\u00e3o do sistema de geoprocessamento de interesse do Munic\u00edpio.<\/p>\n\n\n\n<h2 class=\"wp-block-heading\">Regimento interno<\/h2>\n\n\n\n<p><a href=\"https:\/\/www.goiania.go.gov.br\/html\/gabinete_civil\/sileg\/dados\/legis\/2021\/dc_20210112_000000125.html\" target=\"_blank\" rel=\"noreferrer noopener\">Clique para acessar<\/a><\/p>\n","protected":false},"excerpt":{"rendered":"<p>A Secretaria Municipal de Finan\u00e7as (SEFAZ) \u00e9 o \u00f3rg\u00e3o integrante do sistema administrativo da Prefeitura Municipal de Goi\u00e2nia ao qual compete a capta\u00e7\u00e3o e a gest\u00e3o dos recursos financeiros que subsidiam o desenvolvimento de Goi\u00e2nia. Compet\u00eancias: \u00c0 Secretaria Municipal de Finan\u00e7as compete, dentre outras atribui\u00e7\u00f5es regimentais: I &#8211; a formula\u00e7\u00e3o, a coordena\u00e7\u00e3o e a execu\u00e7\u00e3o [&hellip;]<\/p>\n","protected":false},"author":1,"featured_media":0,"parent":0,"menu_order":0,"comment_status":"closed","ping_status":"closed","template":"","meta":{"_acf_changed":false,"custom_icon_class":"","footnotes":""},"class_list":["post-4","page","type-page","status-publish","hentry"],"acf":[],"_links":{"self":[{"href":"https:\/\/www.goiania.go.gov.br\/sefaz\/wp-json\/wp\/v2\/pages\/4","targetHints":{"allow":["GET"]}}],"collection":[{"href":"https:\/\/www.goiania.go.gov.br\/sefaz\/wp-json\/wp\/v2\/pages"}],"about":[{"href":"https:\/\/www.goiania.go.gov.br\/sefaz\/wp-json\/wp\/v2\/types\/page"}],"author":[{"embeddable":true,"href":"https:\/\/www.goiania.go.gov.br\/sefaz\/wp-json\/wp\/v2\/users\/1"}],"replies":[{"embeddable":true,"href":"https:\/\/www.goiania.go.gov.br\/sefaz\/wp-json\/wp\/v2\/comments?post=4"}],"version-history":[{"count":10,"href":"https:\/\/www.goiania.go.gov.br\/sefaz\/wp-json\/wp\/v2\/pages\/4\/revisions"}],"predecessor-version":[{"id":906,"href":"https:\/\/www.goiania.go.gov.br\/sefaz\/wp-json\/wp\/v2\/pages\/4\/revisions\/906"}],"wp:attachment":[{"href":"https:\/\/www.goiania.go.gov.br\/sefaz\/wp-json\/wp\/v2\/media?parent=4"}],"curies":[{"name":"wp","href":"https:\/\/api.w.org\/{rel}","templated":true}]}}